{"id":7515,"date":"2024-01-12T14:52:57","date_gmt":"2024-01-12T14:52:57","guid":{"rendered":"https:\/\/calibracion.com.mx\/tienda\/?post_type=product&#038;p=7515"},"modified":"2024-01-12T14:52:58","modified_gmt":"2024-01-12T14:52:58","slug":"registrador-de-datos-usb-reutilizable-flashlink-con-sonda-externa-modelo-20902-20903","status":"publish","type":"product","link":"https:\/\/calibracion.com.mx\/tienda\/registrador-de-datos-usb-reutilizable-flashlink-con-sonda-externa-modelo-20902-20903\/","title":{"rendered":"Registrador de datos usb reutilizable flashlink con sonda externa Modelo 20902, 20903"},"content":{"rendered":"<ul>\n<li>Conexi\u00f3n USB.<\/li>\n<li>Estad\u00edsticas de historial de viajes en la pantalla LCD.<\/li>\n<li>Trazable a NIST y CE Mark.<\/li>\n<li>Indicio de bater\u00eda restante (bater\u00eda baja).<\/li>\n<\/ul>\n<h5><b>Aplicaciones:<\/b><\/h5>\n<p>Art\u00edculos , Alimentos Preparados, Modelos Farmac\u00e9uticos, Modelos Qu\u00edmicos, Entidades de Almacenamiento , Refrigeradores<br \/>\nEl Registrador de Datos USB Reutilizable FlashLink tambi\u00e9n est\u00e1 libre en dos modelos con un solo canal, sensores externos; uno con punta redonda y una sonda afilada de penetraci\u00f3n. Estos registradores de datos reutilizables tienen un intervalo de medici\u00f3n de -40\u00b0F a 185\u00b0F (-40\u00b0C a 85\u00b0C) y tienen una enorme pantalla de f\u00e1cil lectura que exhibe la temperatura de hoy. Tambi\u00e9n deja ver las estad\u00edsticas de los datos guardados sin precisar bajar ; introduciendo temperaturas medias, m\u00e1ximas y m\u00ednimas, l\u00edmites altos de alarma y hora en la alarma. Las conexiones USB permiten la programaci\u00f3n y descarga empleando el software FlashLink Program Manager o el Software USB Program Manager de escritorio de DeltaTrak. Los Registradores de Datos USB Reutilizables de DeltaTrak Trazables a NIST son herramientas fundamentales para documentar las condiciones de los art\u00edculos sensibles a la temperatura, a fin de garantizar la calidad y tambi\u00e9n integridad.<\/p>\n<h5 class=\"rl_tabs-title nn_tabs-title\"><strong>Modelos:<\/strong><\/h5>\n<table>\n<tbody>\n<tr>\n<th colspan=\"2\">Modelos<\/th>\n<\/tr>\n<tr>\n<td>Punta de penetraci\u00f3n<\/td>\n<td>20902<\/td>\n<\/tr>\n<tr>\n<td>Punta redonda<\/td>\n<td>20903<\/td>\n<\/tr>\n<\/tbody>\n<\/table>\n<h5 class=\"rl_tabs-title nn_tabs-title\"><strong>Especificaciones:<\/strong><\/h5>\n<table>\n<caption>Registrador de datos USB reutilizable FlashLink con sonda externa<\/caption>\n<thead>\n<tr>\n<th scope=\"col\">Caracter\u00edstica<\/th>\n<th scope=\"col\">Especificaci\u00f3n<\/th>\n<\/tr>\n<\/thead>\n<tfoot>\n<tr>\n<td colspan=\"2\"><\/td>\n<\/tr>\n<\/tfoot>\n<tbody>\n<tr>\n<td>Intervalo de Medici\u00f3n de la Sonda<\/td>\n<td>-40\u00b0F a 185\u00b0F (-40\u00b0C a 85\u00b0C)<\/td>\n<\/tr>\n<tr>\n<td>Tama\u00f1o de la Sonda: Punta de penetraci\u00f3n (20902)<\/td>\n<td>0.14 pulg. Dia x 3.98 pulg. L (3.5mm Dia x 101mm L), 3.28 ft (1m) cable de tefl\u00f3n<\/td>\n<\/tr>\n<tr>\n<td>Punta redonda (20903)<\/td>\n<td>0.15 pulg. Dia x 0.98 pulg. L (3.8mm Dia x 25mm L), 3.28 pies (1m) cable de tefl\u00f3n<\/td>\n<\/tr>\n<tr>\n<td>Resoluci\u00f3n de la Temperatura<\/td>\n<td>0.1\u00b0F\/\u00b0C<\/td>\n<\/tr>\n<tr>\n<td>Precisi\u00f3n<\/td>\n<td>\u00b11.0\u00b0F de 14\u00b0F a 77\u00b0F (\u00b10.5\u00b0C de -10\u00b0C a 25\u00b0C);<br \/>\n\u00b12.0\u00b0F por encima de 77\u00b0F (\u00b11.0\u00b0C por encima de 25\u00b0C)<br \/>\n\u00b12.0\u00b0F por debajo de 14\u00b0F (\u00b11.0\u00b0C por debajo de -10\u00b0C)<\/td>\n<\/tr>\n<tr>\n<td>Capacidad de Datos<\/td>\n<td>3823 puntos de datos<\/td>\n<\/tr>\n<tr>\n<td>Tiempo de Descarga de Datos<\/td>\n<td>2 segundos normalmente para 3823 puntos<\/td>\n<\/tr>\n<tr>\n<td>Niveles de Alarma Programables<\/td>\n<td>Niveles altos y bajos sobre todo el intervalo<\/td>\n<\/tr>\n<tr>\n<td>Bater\u00eda<\/td>\n<td>(CR2032) 3.6V de Litio\/18 meses<\/td>\n<\/tr>\n<tr>\n<td>Dimensiones\/Cuerpo<\/td>\n<td>1.575\u2033 x 3.189\u2033 x 0.575\u2033 (40mm x 81mm x 13mm)<\/td>\n<\/tr>\n<tr>\n<td>Cubierta<\/td>\n<td>Pl\u00e1stico PC\/ABS<\/td>\n<\/tr>\n<tr>\n<td>Certificaci\u00f3n<\/td>\n<td>Marca CE, Trazable a NIST, Cumplimiento RoHS<\/td>\n<\/tr>\n<tr>\n<td>Pantalla<\/td>\n<td>LCD, LED Rojo de Alarma<\/td>\n<\/tr>\n<tr>\n<td>Grado Impermeable<\/td>\n<td>IP64 con la tapa de silic\u00f3n puesta<\/td>\n<\/tr>\n<tr>\n<td>Condiciones de Almacenamiento<\/td>\n<td>-4\u00b0F a 122\u00b0F (-20\u00b0C a 50\u00b0C) 0% a 95% HR<\/td>\n<\/tr>\n<tr>\n<td>Requisitos del Sistema<\/td>\n<td>Windows PC con systema operative actual, Adobe Reader<\/td>\n<\/tr>\n<tr>\n<td>Programaci\u00f3n<\/td>\n<td>Software FlashLink Program Manager o software USB Program Manager<\/td>\n<\/tr>\n<tr>\n<td>Requisitos Para Descarga<\/td>\n<td>Conexi\u00f3n USB directa<\/td>\n<\/tr>\n<\/tbody>\n<\/table>\n","protected":false},"excerpt":{"rendered":"<h5><strong>Especificaciones:<\/strong><\/h5>\n<ul>\n<li>Pantalla grande de f\u00e1cil lectura.<\/li>\n<li>Un solo canal con sonda externa para la temperatura interna del producto.<\/li>\n<li>Programable por Usuario: Encendido autom\u00e1tico o manual, intervalo de muestreo, l\u00edmites de alarma y etiquetas de datos.<\/li>\n<\/ul>\n","protected":false},"featured_media":7516,"template":"","meta":[],"product_cat":[16],"product_tag":[],"class_list":["post-7515","product","type-product","status-publish","has-post-thumbnail","hentry","product_cat-uncategorized"],"_links":{"self":[{"href":"https:\/\/calibracion.com.mx\/tienda\/wp-json\/wp\/v2\/product\/7515","targetHints":{"allow":["GET"]}}],"collection":[{"href":"https:\/\/calibracion.com.mx\/tienda\/wp-json\/wp\/v2\/product"}],"about":[{"href":"https:\/\/calibracion.com.mx\/tienda\/wp-json\/wp\/v2\/types\/product"}],"wp:featuredmedia":[{"embeddable":true,"href":"https:\/\/calibracion.com.mx\/tienda\/wp-json\/wp\/v2\/media\/7516"}],"wp:attachment":[{"href":"https:\/\/calibracion.com.mx\/tienda\/wp-json\/wp\/v2\/media?parent=7515"}],"wp:term":[{"taxonomy":"product_cat","embeddable":true,"href":"https:\/\/calibracion.com.mx\/tienda\/wp-json\/wp\/v2\/product_cat?post=7515"},{"taxonomy":"product_tag","embeddable":true,"href":"https:\/\/calibracion.com.mx\/tienda\/wp-json\/wp\/v2\/product_tag?post=7515"}],"curies":[{"name":"wp","href":"https:\/\/api.w.org\/{rel}","templated":true}]}}