{"id":7529,"date":"2024-01-12T16:22:51","date_gmt":"2024-01-12T16:22:51","guid":{"rendered":"https:\/\/calibracion.com.mx\/tienda\/?post_type=product&#038;p=7529"},"modified":"2024-01-12T16:22:52","modified_gmt":"2024-01-12T16:22:52","slug":"set-de-molinete-de-16-mm-testo-440","status":"publish","type":"product","link":"https:\/\/calibracion.com.mx\/tienda\/set-de-molinete-de-16-mm-testo-440\/","title":{"rendered":"Set de molinete de 16 mm testo 440"},"content":{"rendered":"<ul>\n<li>Tan polivalente como sus retos : El medidor para climatizaci\u00f3n puede ampliarse a trav\u00e9s de una enorme gama de sondas digitales.<\/li>\n<li>Deducible : Men\u00fa de medici\u00f3n claramente estructurado para el caudal volum\u00e9trico as\u00ed como la determinaci\u00f3n de la velocidad de flujo en canales de ventilaci\u00f3n<\/li>\n<li>C\u00f3modo: El brazo telesc\u00f3pico integrado hasta 0,85 m con escala permite una medici\u00f3n c\u00f3moda<\/li>\n<li>Confiable : Memoria interna y puerto USB para la exportaci\u00f3n de datos<\/li>\n<\/ul>\n<h5><strong>Volumen de suministro:<\/strong><\/h5>\n<ul>\n<li>Sonda de molinete (\u00d8 16 mm) con cable fijo (longitud del cable 1,7 m), incl. brazo telesc\u00f3pico (extensible hasta 0,85 m) y protocolo de medici\u00f3n (0635 9532).<\/li>\n<li>Medidor para climatizaci\u00f3n testo 440, 3 pilas del tipo AA, cable USB y protocolo de medici\u00f3n (0560 4401).<\/li>\n<li>Malet\u00edn b\u00e1sico para el testo 440 y 1 sonda.<\/li>\n<\/ul>\n<h5><strong>Aplicaciones:<\/strong><\/h5>\n<h4><strong>Confort y m\u00e1xima elasticidad para mediciones en canales y salidas de aire<\/strong><\/h4>\n<p>Con nuestra gran oferta de sondas de agilidad (solicitar por separado ) tambi\u00e9n es viable medir de forma c\u00f3moda en sitios de dif\u00edcil acceso en canales de ventilaci\u00f3n o en salidas de aire:<br \/>\nAun en canales de gran tama\u00f1o es viable ejecutar mediciones de forma c\u00f3moda. En este caso , el brazo telesc\u00f3pico extensible de la sonda de hilo caliente y de molinete (\u00d8 16 mm) con empu\u00f1adura universal puede prolongarse adicionalmente con la extensi\u00f3n del telescopio alcanzando una longitud total de 2 metros.<br \/>\nTambi\u00e9n es posible realizar mediciones en las salidas de aire\/salidas de techo sin complicaciones y sin necesidad de escaleras. Equipe su sonda de molinete (\u00d8 cien mm) con el telescopio con \u00e1ngulo de 90\u00b0 y, si es necesario , con la extensi\u00f3n del telescopio (pedir por separado ).<br \/>\nMucho m\u00e1s libertad merced a Bluetooth: Las sondas de agilidad con Bluetooth no tienen una conexi\u00f3n de cable molesta hacia el analizador y transmiten valores medidos hasta una distancia de 20 m. El analizador se maneja activando la tecla en la sonda, por ejemplo , para iniciar y detener una serie de medici\u00f3n (generaci\u00f3n temporal del valor medio).<br \/>\nSostenga el medidor para climatizaci\u00f3n testo 440 sin adversidades a las superficies met\u00e1licas con los pr\u00e1cticos imanes (p. ej. en canales de flujo ).<br \/>\nAproveche el c\u00e1lculo veloz del caudal volum\u00e9trico: En el men\u00fa de medici\u00f3n \u201cCaudal volum\u00e9trico\u201d del medidor multifuncional es viable configurar la dimensi\u00f3n y la geometr\u00eda de la secci\u00f3n del canal; el analizador le se\u00f1ala directamente el caudal.<\/p>\n<h4><strong>Monitorizaci\u00f3n en un largo plazo de la calidad del aire interior<\/strong><\/h4>\n<p>La baja calidad del aire en interiores a causa una alta concentraci\u00f3n de CO2 produce cansancio, falta de concentraci\u00f3n e incluso puede ocasionar patolog\u00edas. El medidor para climatizaci\u00f3n testo 440 es perfecto para la supervisi\u00f3n de la calidad del aire interior con su men\u00fa para registrar los valores medidos. Introduzca la hora y el ciclo de medici\u00f3n y, por poner un ejemplo , prosiga el cambio de la concentraci\u00f3n de CO2 o los valores de humedad y temperatura en el historial diario. Simplemente escoja entre sondas con Bluetooth o con cable fijo para CO2, CO o humedad (pedir las sondas por separado ).<\/p>\n<h4><strong>Medici\u00f3n del nivel de turbulencia seg\u00fan EN ISO 7730 \/ ASHRAE 55<\/strong><\/h4>\n<p>C\u00e1lculo del grado de turbulencia y peligro de corrientes de aire en el lugar de trabajo: Las corrientes de aire limitan el nivel de confort y representan el motivo m\u00e1s recurrente de quejas sobre las propiedades del ambiente. La sonda de grado de turbulencia (solicitar por separado ) mide la agilidad y la temperatura del aire y calcula de manera autom\u00e1tica el riesgo de corrientes de aire y el nivel de turbulencia seg\u00fan EN ISO 7730\/ASHRAE 55.<br \/>\nPara realizar mediciones c\u00f3modas en distintas alturas recomendamos la utilizaci\u00f3n de nuestro tr\u00edpode para mediciones del nivel de confort (solicitar separadamente ). As\u00ed , el posicionamiento de conformidad con la regla de las sondas de grado de turbulencia es en especial sencillo.<\/p>\n<h4><strong>Gama de sondas para salas blancas y laboratorios<\/strong><\/h4>\n<p>El instrumento para climatizaci\u00f3n testo 440 asimismo es perfecto para diversas aplicaciones en salas blancas y en el laboratorio en combinaci\u00f3n con las pr\u00f3ximas sondas:<\/p>\n<ul>\n<li>La sonda de molinete de alta precisi\u00f3n (\u00d8 100 mm) es perfecto para ejecutar mediciones de flujo laminar en salas blancas merced a la baja agilidad de arranque de 0,1 m\/s. Disponible opcionalmente con Bluetooth o cable fijo.<\/li>\n<li>Precisa medici\u00f3n de agilidad en la campana de laboratorio con la sonda de campana de laboratorio.<\/li>\n<li>Utilice la sonda de temperatura digital de alta precisi\u00f3n Pt100, por poner un ejemplo para mediciones de comparaci\u00f3n de precisi\u00f3n en el laboratorio de calibraci\u00f3n , mediciones de temperatura en el laboratorio qu\u00edmico o en la industria cosm\u00e9tica de esta forma como para saber la distribuci\u00f3n de temperatura en refrigeradores y armarios de climatizaci\u00f3n.<\/li>\n<li>Para medir la humedad en las salas blancas aconsejamos la sonda de temperatura y humedad de alta precisi\u00f3n (0636 9771 o 0636 9772). Con la exactitud : \u00b1(0,6 %HR + 0,7 % del v.m.) (0 \u2026 90 %HR) asimismo cumple con las exigencias expuestas a las mediciones de humedad en esta regi\u00f3n tan sensible.<\/li>\n<\/ul>\n","protected":false},"excerpt":{"rendered":"<p>Set para mediciones en canales de ventilaci\u00f3n: El medidor para climatizaci\u00f3n testo 440 y una sonda de molinete (\u00d8 16 mm) se entregan en un malet\u00edn seguro.\u00a1As\u00ed puede comenzar de manera directa con su trabajo!<\/p>\n","protected":false},"featured_media":7530,"template":"","meta":[],"product_cat":[16],"product_tag":[],"class_list":["post-7529","product","type-product","status-publish","has-post-thumbnail","hentry","product_cat-uncategorized"],"_links":{"self":[{"href":"https:\/\/calibracion.com.mx\/tienda\/wp-json\/wp\/v2\/product\/7529","targetHints":{"allow":["GET"]}}],"collection":[{"href":"https:\/\/calibracion.com.mx\/tienda\/wp-json\/wp\/v2\/product"}],"about":[{"href":"https:\/\/calibracion.com.mx\/tienda\/wp-json\/wp\/v2\/types\/product"}],"wp:featuredmedia":[{"embeddable":true,"href":"https:\/\/calibracion.com.mx\/tienda\/wp-json\/wp\/v2\/media\/7530"}],"wp:attachment":[{"href":"https:\/\/calibracion.com.mx\/tienda\/wp-json\/wp\/v2\/media?parent=7529"}],"wp:term":[{"taxonomy":"product_cat","embeddable":true,"href":"https:\/\/calibracion.com.mx\/tienda\/wp-json\/wp\/v2\/product_cat?post=7529"},{"taxonomy":"product_tag","embeddable":true,"href":"https:\/\/calibracion.com.mx\/tienda\/wp-json\/wp\/v2\/product_tag?post=7529"}],"curies":[{"name":"wp","href":"https:\/\/api.w.org\/{rel}","templated":true}]}}