{"id":7542,"date":"2024-01-12T17:17:26","date_gmt":"2024-01-12T17:17:26","guid":{"rendered":"https:\/\/calibracion.com.mx\/tienda\/?post_type=product&#038;p=7542"},"modified":"2024-01-12T17:17:54","modified_gmt":"2024-01-12T17:17:54","slug":"set-2-testo-417-anemometro-de-molinete-con-conos-de-medicion-y-estabilizador","status":"publish","type":"product","link":"https:\/\/calibracion.com.mx\/tienda\/set-2-testo-417-anemometro-de-molinete-con-conos-de-medicion-y-estabilizador\/","title":{"rendered":"Set 2 testo 417 \u2013 anem\u00f3metro de molinete con conos de medici\u00f3n y estabilizador"},"content":{"rendered":"<p>El molinete de 100 mm que viene dentro garantiza de manera r\u00e1pida desenlaces precisos. Los promedios temporales y puntuales, tal como el caudal se calculan autom\u00e1ticamente en el instrumento y se visualizan en la pantalla. De esta manera es posible regular de forma eficiente las ventilaciones de circuitos , incl. una documentaci\u00f3n r\u00e1pida con la Aplicaci\u00f3n testo Smart.<br \/>\nAdem\u00e1s de esto , la Aplicaci\u00f3n no solo le brinda acompa\u00f1amiento durante la configuraci\u00f3n del analizador y se encarga de la visualizaci\u00f3n, el almacenaje y la documentaci\u00f3n de los valores medidos, sino asimismo marcha como segunda pantalla en su m\u00f3vil inteligente. El equipo 2 testo 417 contiene dos conos de medici\u00f3n y un estabilizador de caudal para desenlaces precisos, aun en difusores de salidas de aire.<\/p>\n<ul>\n<li>Configuraci\u00f3n r\u00e1pida en la App , historial gr\u00e1fico, segunda pantalla y memoria de los datos de medici\u00f3n en la App testo Smart<\/li>\n<li>Medici\u00f3n r\u00e1pida, simple y precisa de la agilidad , el caudal y la temperatura en entradas y salidas de aire<\/li>\n<li>Regulaci\u00f3n eficaz de la ventilaci\u00f3n de casas controlada y documentaci\u00f3n r\u00e1pida con la Aplicaci\u00f3n testo Smart<\/li>\n<li>C\u00e1lculo del valor medio temporal y puntual<\/li>\n<\/ul>\n<h5><strong>Volumen de suministro:<\/strong><\/h5>\n<ul>\n<li>Bolsa de transporte.<\/li>\n<li>3 pilas AA.<\/li>\n<li>testo 417 \u2013 Anem\u00f3metro de molinete de 100 mm con conexi\u00f3n a la App.<\/li>\n<li>Cono de medici\u00f3n para v\u00e1lvulas de disco.<\/li>\n<li>Estabilizador.<\/li>\n<li>Protocolo de calibraci\u00f3n.<\/li>\n<li>Cono de medici\u00f3n para rejillas de ventilaci\u00f3n.<\/li>\n<\/ul>\n","protected":false},"excerpt":{"rendered":"<p>El set 2 de anem\u00f3metro de molinete s\u00f3lido testo 417 incl. 2 conos de medici\u00f3n y un estabilizador fu\u00e9 desarrollado para hacer m\u00e1s simple y progresar las mediciones en entradas y salidas de aire, tal como en v\u00e1lvulas de disco y difusores de salida de aire en sistemas de climatizaci\u00f3n y de ventilaci\u00f3n.<\/p>\n","protected":false},"featured_media":7543,"template":"","meta":[],"product_cat":[16],"product_tag":[],"class_list":["post-7542","product","type-product","status-publish","has-post-thumbnail","hentry","product_cat-uncategorized"],"_links":{"self":[{"href":"https:\/\/calibracion.com.mx\/tienda\/wp-json\/wp\/v2\/product\/7542","targetHints":{"allow":["GET"]}}],"collection":[{"href":"https:\/\/calibracion.com.mx\/tienda\/wp-json\/wp\/v2\/product"}],"about":[{"href":"https:\/\/calibracion.com.mx\/tienda\/wp-json\/wp\/v2\/types\/product"}],"wp:featuredmedia":[{"embeddable":true,"href":"https:\/\/calibracion.com.mx\/tienda\/wp-json\/wp\/v2\/media\/7543"}],"wp:attachment":[{"href":"https:\/\/calibracion.com.mx\/tienda\/wp-json\/wp\/v2\/media?parent=7542"}],"wp:term":[{"taxonomy":"product_cat","embeddable":true,"href":"https:\/\/calibracion.com.mx\/tienda\/wp-json\/wp\/v2\/product_cat?post=7542"},{"taxonomy":"product_tag","embeddable":true,"href":"https:\/\/calibracion.com.mx\/tienda\/wp-json\/wp\/v2\/product_tag?post=7542"}],"curies":[{"name":"wp","href":"https:\/\/api.w.org\/{rel}","templated":true}]}}