{"id":7602,"date":"2024-01-16T20:32:37","date_gmt":"2024-01-16T20:32:37","guid":{"rendered":"https:\/\/calibracion.com.mx\/tienda\/?post_type=product&#038;p=7602"},"modified":"2024-01-16T20:32:38","modified_gmt":"2024-01-16T20:32:38","slug":"positector-6000-ferroso-avanzado-f90es3","status":"publish","type":"product","link":"https:\/\/calibracion.com.mx\/tienda\/positector-6000-ferroso-avanzado-f90es3\/","title":{"rendered":"PosiTector 6000 Ferroso Avanzado \u2013 F90ES3"},"content":{"rendered":"<ul>\n<li>Conectividad USB, WiFi y Bluetooth con el programa PosiSoft para PC, Mac y M\u00f3vil inteligente.<\/li>\n<li>Punta de sonda de rub\u00ed fuerte al desgaste, para una medici\u00f3n perdurable.<\/li>\n<li>Interfaz mezclable PosiTector: conecte cualquier sonda PosiTector a un solo cuerpo de calibre.<\/li>\n<li>NOVEDAD Pantalla t\u00e1ctil a color m\u00e1s grande de 2,8\u2033 fuerte a los impactos con teclado redise\u00f1ado para una navegaci\u00f3n r\u00e1pida por el men\u00fa.<\/li>\n<li>NOVEDAD Fuerte a la intemperie, al polvo y al agua: carcasa con clasificaci\u00f3n IP65.<\/li>\n<li>Listo para medir: no se necesita ajuste de medici\u00f3n para la mayor\u00eda de las aplicaciones.<\/li>\n<li>Certificado de medici\u00f3n que muestra la trazabilidad al NIST o PTB incluido (formulario largo).<\/li>\n<\/ul>\n<h5><strong>Caracter\u00edsticas :<\/strong><\/h5>\n<ul>\n<li>Dimensiones: 5.4 x 2.4 x 1.1 in (137 x 61 x 28 mm) Peso: 4.9 oz (140 gr ) sin<\/li>\n<li>Incluye: Positector 6000 con sensor externo , 5 placas de verificaci\u00f3n, correa de mano, bolsa con clip para cintur\u00f3n, bater\u00edas AAA, estuche suave y manual de operaci\u00f3n.<\/li>\n<li>Rango: 0 a 45 mils y 0 a 1150 micrones.<\/li>\n<li>Sustrato: Ferroso.<\/li>\n<li>Exhibe en pantalla valores de media, min\/max, desviaci\u00f3n est\u00e1ndar y n\u00famero de lecturas.<\/li>\n<li>Almacenaje de hasta 250 lecturas Incluye puerto infrarrojo para impresi\u00f3n.<\/li>\n<li>Precisi\u00f3n : +\/- (0.02 mils + 1%) 0 a 4 mils ; +\/- (0.1 mils + 3%) &gt; 4 mils.<\/li>\n<li>Pantalla de alta resoluci\u00f3n HI-RES.<\/li>\n<li>bater\u00edas.<\/li>\n<\/ul>\n<p>&nbsp;<\/p>\n","protected":false},"excerpt":{"rendered":"<p>Medidores de espesor de recubrimiento para TODOS los sustratos met\u00e1licos<\/p>\n<p>Los medidores de espesor de recubrimiento robustos y absolutamente electr\u00f3nicos utilizan principios imantados y de corrientes de Foucault para medir el espesor del revestimiento en metales ferrosos y no ferrosos, con precisi\u00f3n y rapidez.<\/p>\n<p>&nbsp;<\/p>\n","protected":false},"featured_media":7603,"template":"","meta":[],"product_cat":[16],"product_tag":[],"class_list":["post-7602","product","type-product","status-publish","has-post-thumbnail","hentry","product_cat-uncategorized"],"_links":{"self":[{"href":"https:\/\/calibracion.com.mx\/tienda\/wp-json\/wp\/v2\/product\/7602","targetHints":{"allow":["GET"]}}],"collection":[{"href":"https:\/\/calibracion.com.mx\/tienda\/wp-json\/wp\/v2\/product"}],"about":[{"href":"https:\/\/calibracion.com.mx\/tienda\/wp-json\/wp\/v2\/types\/product"}],"wp:featuredmedia":[{"embeddable":true,"href":"https:\/\/calibracion.com.mx\/tienda\/wp-json\/wp\/v2\/media\/7603"}],"wp:attachment":[{"href":"https:\/\/calibracion.com.mx\/tienda\/wp-json\/wp\/v2\/media?parent=7602"}],"wp:term":[{"taxonomy":"product_cat","embeddable":true,"href":"https:\/\/calibracion.com.mx\/tienda\/wp-json\/wp\/v2\/product_cat?post=7602"},{"taxonomy":"product_tag","embeddable":true,"href":"https:\/\/calibracion.com.mx\/tienda\/wp-json\/wp\/v2\/product_tag?post=7602"}],"curies":[{"name":"wp","href":"https:\/\/api.w.org\/{rel}","templated":true}]}}