{"id":7609,"date":"2024-01-17T15:00:59","date_gmt":"2024-01-17T15:00:59","guid":{"rendered":"https:\/\/calibracion.com.mx\/tienda\/?post_type=product&#038;p=7609"},"modified":"2024-01-17T15:00:59","modified_gmt":"2024-01-17T15:00:59","slug":"registrador-de-datos-de-temperatura-de-174-canal-testo-1t","status":"publish","type":"product","link":"https:\/\/calibracion.com.mx\/tienda\/registrador-de-datos-de-temperatura-de-174-canal-testo-1t\/","title":{"rendered":"Registrador de datos de temperatura de 174 canal testo 1t"},"content":{"rendered":"<p>El programa libre y de uso gratuito ComSoft Testo 174 permite una programaci\u00f3n r\u00e1pida del registrador de datos y un simple an\u00e1lisis.<\/p>\n<p>*El software de Testo (Comsoft) solo est\u00e1 disponible en PC y no en MAC.<\/p>\n<h5><strong>Testo 174T Especificaciones:<\/strong><\/h5>\n<ul>\n<li>Estanco seg\u00fan IP65.<\/li>\n<li>Enorme memoria de datos de medici\u00f3n.<\/li>\n<li>Exhibe la lectura actual , los valores m\u00e1ximos \/ m\u00ednimos, los valores l\u00edmite programados y la duraci\u00f3n de la bater\u00eda en d\u00edas.<\/li>\n<li>S\u00f3lido y robusto.<\/li>\n<li>Alta integridad de datos, incluso con la bater\u00eda vac\u00eda.<\/li>\n<li>Registrador de datos de temperatura de un solo canal.<\/li>\n<\/ul>\n<h4><strong>Testo 174T datos t\u00e9cnicos:<\/strong><\/h4>\n<table class=\"table table-striped\" style=\"height: 359px;\" width=\"526\">\n<tbody>\n<tr>\n<td>Memoria<\/td>\n<td>16.000 valores<\/td>\n<\/tr>\n<tr>\n<td>Temperatura de almacenamiento<\/td>\n<td>-40 hasta +70 \u00b0C<\/td>\n<\/tr>\n<tr>\n<td>Temperatura de funcionamiento<\/td>\n<td>-30 hasta +70 \u00b0C<\/td>\n<\/tr>\n<tr>\n<td>Tipo de bater\u00eda<\/td>\n<td>2 bater\u00edas de litio (CR2032)<\/td>\n<\/tr>\n<tr>\n<td>Dimensiones<\/td>\n<td>60 x 38 x 18,5 mm<\/td>\n<\/tr>\n<tr>\n<th colspan=\"2\">\n<h5>NTC<\/h5>\n<\/th>\n<\/tr>\n<tr>\n<td>Rango de medici\u00f3n<\/td>\n<td>-30 hasta +70 \u00b0C<\/td>\n<\/tr>\n<tr>\n<td>Exactitud<\/td>\n<td>\u00b10,5 \u00b0C (-30 a +70 \u00b0C)<\/td>\n<\/tr>\n<tr>\n<td>Resoluci\u00f3n<\/td>\n<td>0.1 \u00b0C<\/td>\n<\/tr>\n<\/tbody>\n<\/table>\n","protected":false},"excerpt":{"rendered":"<p>El mini registrador de datos para temperatura, testo 174T, es perfecto para acompa\u00f1ar transportes. Sencillamente puesto cerca de las mercanc\u00edas, por poner un ejemplo , en contenedores y c\u00e1maras frigor\u00edficas, el registrador de datos controla la temperatura de forma continua, segura y reservada.<\/p>\n","protected":false},"featured_media":7614,"template":"","meta":[],"product_cat":[16],"product_tag":[],"class_list":["post-7609","product","type-product","status-publish","has-post-thumbnail","hentry","product_cat-uncategorized"],"_links":{"self":[{"href":"https:\/\/calibracion.com.mx\/tienda\/wp-json\/wp\/v2\/product\/7609","targetHints":{"allow":["GET"]}}],"collection":[{"href":"https:\/\/calibracion.com.mx\/tienda\/wp-json\/wp\/v2\/product"}],"about":[{"href":"https:\/\/calibracion.com.mx\/tienda\/wp-json\/wp\/v2\/types\/product"}],"wp:featuredmedia":[{"embeddable":true,"href":"https:\/\/calibracion.com.mx\/tienda\/wp-json\/wp\/v2\/media\/7614"}],"wp:attachment":[{"href":"https:\/\/calibracion.com.mx\/tienda\/wp-json\/wp\/v2\/media?parent=7609"}],"wp:term":[{"taxonomy":"product_cat","embeddable":true,"href":"https:\/\/calibracion.com.mx\/tienda\/wp-json\/wp\/v2\/product_cat?post=7609"},{"taxonomy":"product_tag","embeddable":true,"href":"https:\/\/calibracion.com.mx\/tienda\/wp-json\/wp\/v2\/product_tag?post=7609"}],"curies":[{"name":"wp","href":"https:\/\/api.w.org\/{rel}","templated":true}]}}