{"id":763,"date":"2023-10-31T19:54:46","date_gmt":"2023-10-31T19:54:46","guid":{"rendered":"https:\/\/calibracion.com.mx\/tienda\/?post_type=product&#038;p=763"},"modified":"2023-11-15T21:15:08","modified_gmt":"2023-11-15T21:15:08","slug":"mitutoyo-209-352-calibre-de-cuadrante-tipo-interno-40-1-2","status":"publish","type":"product","link":"https:\/\/calibracion.com.mx\/tienda\/mitutoyo-209-352-calibre-de-cuadrante-tipo-interno-40-1-2\/","title":{"rendered":"Mitutoyo 209-352 calibre de cuadrante tipo interno, .40 1.2"},"content":{"rendered":"<p><strong>Funciones:<\/strong><\/p>\n<p>Estos calibradores de cuadrante se utilizan solo como medidores de comparaci\u00f3n y deben emplearse adjuntado con un anillo de ajuste o micr\u00f3metro. La pinza est\u00e1 accionada por resorte y provoca que el punto de contacto mida la presi\u00f3n.<\/p>\n<ul>\n<li>Rango: .40-1.2 pulgadas.<\/li>\n<li>Graduaci\u00f3n: .0005 pulgadas.<\/li>\n<li>Precisi\u00f3n: .0015 pulgadas.<\/li>\n<li>Profundidad m\u00e1xima de Meas L: 3,3 pulgadas.<\/li>\n<li>Hondura m\u00e1xima de ranura A: .19 pulgadas.<\/li>\n<li>Ancho m\u00ednimo de la ranura B: .06 pulgadas.<\/li>\n<li>Medici\u00f3n de contactos: B.<\/li>\n<li>Peso: 200g.<\/li>\n<\/ul>\n<p><strong>Especificaciones:<\/strong><\/p>\n<table class=\"table table-striped\" style=\"height: 128px;\" width=\"595\">\n<tbody>\n<tr>\n<td>Gama<\/td>\n<td>0,4 \u2013 1,2 pulgadas<\/td>\n<\/tr>\n<tr>\n<td>Graduaci\u00f3n<\/td>\n<td>0.0005\u2033<\/td>\n<\/tr>\n<tr>\n<td>Exactitud<\/td>\n<td>\u00b10.0015\u2033<\/td>\n<\/tr>\n<tr>\n<td>Pulgada-M\u00e9trica<\/td>\n<td>Pulgada<\/td>\n<\/tr>\n<tr>\n<td>Funciones<\/td>\n<td>Contactos de medici\u00f3n : Bola de carburo \u00f80.0394\u2033<\/td>\n<\/tr>\n<\/tbody>\n<\/table>\n","protected":false},"excerpt":{"rendered":"<p>El calibrador de cuadrante de tipo interno Mitutoyo 209-352 tiene un rango de medici\u00f3n de .40\u2033 a 1.2\u2033 con graduaciones de .0005\u2033 y una hondura de medici\u00f3n m\u00e1xima de 3.3\u2033, una profundidad de ranura m\u00e1xima de .19\u2033 y un ancho de ranura m\u00e1ximo de 06\u2033.<\/p>\n","protected":false},"featured_media":2037,"template":"","meta":[],"product_cat":[16],"product_tag":[],"class_list":["post-763","product","type-product","status-publish","has-post-thumbnail","hentry","product_cat-uncategorized"],"_links":{"self":[{"href":"https:\/\/calibracion.com.mx\/tienda\/wp-json\/wp\/v2\/product\/763","targetHints":{"allow":["GET"]}}],"collection":[{"href":"https:\/\/calibracion.com.mx\/tienda\/wp-json\/wp\/v2\/product"}],"about":[{"href":"https:\/\/calibracion.com.mx\/tienda\/wp-json\/wp\/v2\/types\/product"}],"wp:featuredmedia":[{"embeddable":true,"href":"https:\/\/calibracion.com.mx\/tienda\/wp-json\/wp\/v2\/media\/2037"}],"wp:attachment":[{"href":"https:\/\/calibracion.com.mx\/tienda\/wp-json\/wp\/v2\/media?parent=763"}],"wp:term":[{"taxonomy":"product_cat","embeddable":true,"href":"https:\/\/calibracion.com.mx\/tienda\/wp-json\/wp\/v2\/product_cat?post=763"},{"taxonomy":"product_tag","embeddable":true,"href":"https:\/\/calibracion.com.mx\/tienda\/wp-json\/wp\/v2\/product_tag?post=763"}],"curies":[{"name":"wp","href":"https:\/\/api.w.org\/{rel}","templated":true}]}}