{"id":7632,"date":"2024-01-17T16:34:55","date_gmt":"2024-01-17T16:34:55","guid":{"rendered":"https:\/\/calibracion.com.mx\/tienda\/?post_type=product&#038;p=7632"},"modified":"2024-01-17T16:34:56","modified_gmt":"2024-01-17T16:34:56","slug":"registrador-de-datos-de-presion-temperatura-humedad-de-176-canales-testo-1-p5-con-ntc-externo-2","status":"publish","type":"product","link":"https:\/\/calibracion.com.mx\/tienda\/registrador-de-datos-de-presion-temperatura-humedad-de-176-canales-testo-1-p5-con-ntc-externo-2\/","title":{"rendered":"Registrador de datos de presi\u00f3n-temperatura-humedad de 176 canales testo 1-p5 con ntc externo"},"content":{"rendered":"<h5><strong>Funciones:<\/strong><\/h5>\n<ul>\n<li>Hasta 3 a\u00f1os de duraci\u00f3n de la bater\u00eda.<\/li>\n<li>Gran memoria para 2 millones de valores de medici\u00f3n.<\/li>\n<li>Pantalla grande y simple de leer.<\/li>\n<li>Bater\u00eda est\u00e1ndar (AA) reemplazable por el usuario.<\/li>\n<\/ul>\n<h4><strong>Testo 176-P1 Datos t\u00e9cnicos:<\/strong><\/h4>\n<table class=\"table table-striped\" style=\"height: 577px;\" width=\"628\">\n<tbody>\n<tr>\n<td>Memoria<\/td>\n<td>2.000.000 de valores<\/td>\n<\/tr>\n<tr>\n<td>Temperatura de almacenamiento<\/td>\n<td>-40 hasta +85 \u00b0C<\/td>\n<\/tr>\n<tr>\n<td>Temperatura de funcionamiento<\/td>\n<td>-20 hasta +70 \u00b0C<\/td>\n<\/tr>\n<tr>\n<td>Dimensiones<\/td>\n<td>103 x 63 x 33 mm<\/td>\n<\/tr>\n<tr>\n<th colspan=\"2\">\n<h5>NTC<\/h5>\n<\/th>\n<\/tr>\n<tr>\n<td>Rango de medici\u00f3n<\/td>\n<td>-20 hasta +70 \u00b0C<\/td>\n<\/tr>\n<tr>\n<td>Exactitud<\/td>\n<td>\u00b10,2 \u00b0C (-20 a +70 \u00b0C)\u00b10,4 \u00b0C (rango restante)<\/td>\n<\/tr>\n<tr>\n<td>Resoluci\u00f3n<\/td>\n<td>0.1 \u00b0C<\/td>\n<\/tr>\n<tr>\n<th colspan=\"2\">\n<h5>Humedad<\/h5>\n<\/th>\n<\/tr>\n<tr>\n<td>Rango de medici\u00f3n<\/td>\n<td>0 a 100 % HR<\/td>\n<\/tr>\n<tr>\n<td>Resoluci\u00f3n<\/td>\n<td>0,1 %HR<\/td>\n<\/tr>\n<tr>\n<th colspan=\"2\">\n<h5>Sonda de presi\u00f3n<\/h5>\n<\/th>\n<\/tr>\n<tr>\n<td>Rango de medici\u00f3n<\/td>\n<td>600 a 1100 mbar<\/td>\n<\/tr>\n<tr>\n<td>Exactitud<\/td>\n<td>\u00b13 mbar (0 a +50 \u00b0C)<\/td>\n<\/tr>\n<tr>\n<td>Resoluci\u00f3n<\/td>\n<td>1 mbar<\/td>\n<\/tr>\n<\/tbody>\n<\/table>\n","protected":false},"excerpt":{"rendered":"<p>El testo 176 P1 es el registrador de datos adecuado cuando las propiedades del ambiente deben documentarse con precisi\u00f3n. Tiene un sensor de presi\u00f3n absoluta de adentro y conexiones de sensor externo (NTC \/ sensor de humedad capacitivo).<\/p>\n","protected":false},"featured_media":7633,"template":"","meta":[],"product_cat":[16],"product_tag":[],"class_list":["post-7632","product","type-product","status-publish","has-post-thumbnail","hentry","product_cat-uncategorized"],"_links":{"self":[{"href":"https:\/\/calibracion.com.mx\/tienda\/wp-json\/wp\/v2\/product\/7632","targetHints":{"allow":["GET"]}}],"collection":[{"href":"https:\/\/calibracion.com.mx\/tienda\/wp-json\/wp\/v2\/product"}],"about":[{"href":"https:\/\/calibracion.com.mx\/tienda\/wp-json\/wp\/v2\/types\/product"}],"wp:featuredmedia":[{"embeddable":true,"href":"https:\/\/calibracion.com.mx\/tienda\/wp-json\/wp\/v2\/media\/7633"}],"wp:attachment":[{"href":"https:\/\/calibracion.com.mx\/tienda\/wp-json\/wp\/v2\/media?parent=7632"}],"wp:term":[{"taxonomy":"product_cat","embeddable":true,"href":"https:\/\/calibracion.com.mx\/tienda\/wp-json\/wp\/v2\/product_cat?post=7632"},{"taxonomy":"product_tag","embeddable":true,"href":"https:\/\/calibracion.com.mx\/tienda\/wp-json\/wp\/v2\/product_tag?post=7632"}],"curies":[{"name":"wp","href":"https:\/\/api.w.org\/{rel}","templated":true}]}}