{"id":78,"date":"2023-10-24T19:33:49","date_gmt":"2023-10-24T19:33:49","guid":{"rendered":"https:\/\/calibracion.com.mx\/tienda\/?post_type=product&#038;p=78"},"modified":"2024-01-09T15:07:12","modified_gmt":"2024-01-09T15:07:12","slug":"elitech-tlog100el-datalogger-para-vacunas","status":"publish","type":"product","link":"https:\/\/calibracion.com.mx\/tienda\/elitech-tlog100el-datalogger-para-vacunas\/","title":{"rendered":"Elitech tlog 100el datalogger para vacunas"},"content":{"rendered":"<p>El registrador de datos de temperatura y humedad de la serie Tlog cien de Elitech (registrador de temperatura ultrabaja USB multiuso) se utiliza principalmente para controlar la temperatura y la humedad de los f\u00e1rmacos durante el almacenaje y el transporte. Visualiza cada segmento en la cadena de suministro de f\u00e1rmacos.<\/p>\n<h5><strong>Caracter\u00edsticas :<\/strong><\/h5>\n<ul>\n<li>Seguro y protegido: el programa est\u00e1 certificado por la FDA.<\/li>\n<li>Alta precisi\u00f3n: sensor importado Sensores Sensirion con medici\u00f3n original precisa.<\/li>\n<li>Tecnolog\u00eda de embalaje a nanoescala: membrana de PTFE adoptada para protege el sensor de la poluci\u00f3n por l\u00edquidos y polvo al tiempo que garantiza el desempe\u00f1o del sensor.<\/li>\n<li>Nuevo dise\u00f1o de c\u00e1mara de aire: la c\u00e1mara de aire fundamentada en el flujo de aire permite el mejor acoplamiento t\u00e9rmico posible con el ambiente y la detecci\u00f3n r\u00e1pida de la temperatura ambiente real.<\/li>\n<li>Bot\u00f3n hundido: Eliminaci\u00f3n del mal desempe\u00f1o causado por las sacudidas de la carga durante el transporte.<\/li>\n<li>Aplicaci\u00f3n de m\u00faltiples niveles : Transmisi\u00f3n de datos por USB y Bluetooth para agradar diferentes necesidades de operaci\u00f3n.<\/li>\n<li>Adecuado para distintas solicitudes ambientales, incluidas incubadoras, gabinetes fr\u00edos, refrigeradores criog\u00e9nicos, secos hielo y nitr\u00f3geno l\u00edquido.<\/li>\n<\/ul>\n","protected":false},"excerpt":{"rendered":"<p>El dispositivo registra y almacena la temperatura y humedad de manera continua y en tiempo real , lo que permite a los usuarios monitorear y contrastar el cumplimiento de las condiciones de almacenaje recomendadas por los desarrolladores y las regulaciones sanitarias.<\/p>\n","protected":false},"featured_media":7122,"template":"","meta":[],"product_cat":[16],"product_tag":[],"class_list":["post-78","product","type-product","status-publish","has-post-thumbnail","hentry","product_cat-uncategorized"],"_links":{"self":[{"href":"https:\/\/calibracion.com.mx\/tienda\/wp-json\/wp\/v2\/product\/78","targetHints":{"allow":["GET"]}}],"collection":[{"href":"https:\/\/calibracion.com.mx\/tienda\/wp-json\/wp\/v2\/product"}],"about":[{"href":"https:\/\/calibracion.com.mx\/tienda\/wp-json\/wp\/v2\/types\/product"}],"wp:featuredmedia":[{"embeddable":true,"href":"https:\/\/calibracion.com.mx\/tienda\/wp-json\/wp\/v2\/media\/7122"}],"wp:attachment":[{"href":"https:\/\/calibracion.com.mx\/tienda\/wp-json\/wp\/v2\/media?parent=78"}],"wp:term":[{"taxonomy":"product_cat","embeddable":true,"href":"https:\/\/calibracion.com.mx\/tienda\/wp-json\/wp\/v2\/product_cat?post=78"},{"taxonomy":"product_tag","embeddable":true,"href":"https:\/\/calibracion.com.mx\/tienda\/wp-json\/wp\/v2\/product_tag?post=78"}],"curies":[{"name":"wp","href":"https:\/\/api.w.org\/{rel}","templated":true}]}}