{"id":7818,"date":"2024-01-22T19:24:41","date_gmt":"2024-01-22T19:24:41","guid":{"rendered":"https:\/\/calibracion.com.mx\/tienda\/?post_type=product&#038;p=7818"},"modified":"2024-01-22T19:24:42","modified_gmt":"2024-01-22T19:24:42","slug":"mitutoyo-513-484-10t-indicador-de-prueba-de-dial-paralelo-juego-completo-rango-de-08-mm","status":"publish","type":"product","link":"https:\/\/calibracion.com.mx\/tienda\/mitutoyo-513-484-10t-indicador-de-prueba-de-dial-paralelo-juego-completo-rango-de-08-mm\/","title":{"rendered":"Mitutoyo 513-484-10t indicador de prueba de dial paralelo, juego completo, rango de 0,8 mm"},"content":{"rendered":"<h5><strong>Funciones:<\/strong><\/h5>\n<ul>\n<li>La aptitud del indicador para seguir peque\u00f1os cambios en la cilindrada se deteriora gracias a cambios m\u00ednimos en la holgura entre los engranajes con un uso prolongado.<\/li>\n<li>La utilizaci\u00f3n de fuentes universales, el cambio del color de la esfera y la revisi\u00f3n de la relaci\u00f3n entre el puntero y las fabricantes de escala mejoraron dr\u00e1sticamente la visibilidad.<\/li>\n<li>Ya que la longitud de la aguja instalada perjudica al aspecto de escala del indicador , la longitud que proporciona un factor de escala de unidad se marca en la esfera para ayudar al cliente a soliciar la aguja de recambio adecuada.<\/li>\n<li>Se provee como accesorio est\u00e1ndar un descendiente liso de \u00f88 mm (\u00f80,315\u2033) (21CAB104) para los modelos m\u00e9tricos o un v\u00e1stago liso de \u00f89,52 mm (\u00f83\/8\u2033) (21CAB105) para los modelos en pulgadas que se ajusta a cualquier cola de milano en el marco.<\/li>\n<li>Una brida impide que el bisel se retire de forma involuntaria gracias a la app de una fuerza al bisel durante la manipulaci\u00f3n.<\/li>\n<li>La uni\u00f3n del bisel y el cristal no deja ning\u00fan espacio para que el fluido de corte o el aceite penetren a trav\u00e9s de la esfera.<\/li>\n<li>La cara de cristal plana sin reflejos permite una f\u00e1cil lectura de las graduaciones.<\/li>\n<li>Certificado adjunto.<\/li>\n<li>La junta t\u00f3rica del bisel tiene el efecto de proveer una rotaci\u00f3n suave e impide que el polvo y el aceite penetren en la esfera.<\/li>\n<li>Los revestimientos duros, antiincrustantes y antideslumbrantes en el cristal inhiben los rasgu\u00f1os , la contaminaci\u00f3n y el deslumbramiento en la \u00e1rea.<\/li>\n<li>El procedimiento usual de montaje del tornillo del cojinete de pivote del l\u00e1piz \u00f3ptico en el marco es predispuesto a dejar que se afloje con el uso prolongado. En todos y cada uno de los modelos se incorpor\u00f3 una composici\u00f3n de subplaca \u00fanica para alojar este tornillo y elimina este problema.<\/li>\n<\/ul>\n<h4><strong>Mitutoyo 513-484-10T Especificaciones:<\/strong><\/h4>\n<table class=\"table table-striped\" style=\"height: 337px;\" width=\"491\">\n<tbody>\n<tr>\n<td>Gama<\/td>\n<td>0,8 mil\u00edmetros<\/td>\n<\/tr>\n<tr>\n<td>Graduaci\u00f3n<\/td>\n<td>0,01 mil\u00edmetros<\/td>\n<\/tr>\n<tr>\n<td>Lectura de dial<\/td>\n<td>0-40-0<\/td>\n<\/tr>\n<tr>\n<td>Rango de medici\u00f3n<\/td>\n<td>9\u03bcm<\/td>\n<\/tr>\n<tr>\n<td>10 divisiones de escala<\/td>\n<td>5\u03bcm<\/td>\n<\/tr>\n<tr>\n<td>Hist\u00e9resis<\/td>\n<td>4\u03bcm<\/td>\n<\/tr>\n<tr>\n<td>Repetibilidad<\/td>\n<td>3\u03bcm<\/td>\n<\/tr>\n<tr>\n<td>Masa<\/td>\n<td>73%<\/td>\n<\/tr>\n<tr>\n<td>Fuerza de medici\u00f3n<\/td>\n<td>0,3 N o menos<\/td>\n<\/tr>\n<tr>\n<td>Punto de contacto de carburo (antiim\u00e1n)<\/td>\n<td>S\u00ed<\/td>\n<\/tr>\n<\/tbody>\n<\/table>\n","protected":false},"excerpt":{"rendered":"<p>Este indicio de prueba de esfera paralela presenta una esfera amarilla con una graduaci\u00f3n de 0,01 mm.<\/p>\n","protected":false},"featured_media":7819,"template":"","meta":[],"product_cat":[16],"product_tag":[],"class_list":["post-7818","product","type-product","status-publish","has-post-thumbnail","hentry","product_cat-uncategorized"],"_links":{"self":[{"href":"https:\/\/calibracion.com.mx\/tienda\/wp-json\/wp\/v2\/product\/7818","targetHints":{"allow":["GET"]}}],"collection":[{"href":"https:\/\/calibracion.com.mx\/tienda\/wp-json\/wp\/v2\/product"}],"about":[{"href":"https:\/\/calibracion.com.mx\/tienda\/wp-json\/wp\/v2\/types\/product"}],"wp:featuredmedia":[{"embeddable":true,"href":"https:\/\/calibracion.com.mx\/tienda\/wp-json\/wp\/v2\/media\/7819"}],"wp:attachment":[{"href":"https:\/\/calibracion.com.mx\/tienda\/wp-json\/wp\/v2\/media?parent=7818"}],"wp:term":[{"taxonomy":"product_cat","embeddable":true,"href":"https:\/\/calibracion.com.mx\/tienda\/wp-json\/wp\/v2\/product_cat?post=7818"},{"taxonomy":"product_tag","embeddable":true,"href":"https:\/\/calibracion.com.mx\/tienda\/wp-json\/wp\/v2\/product_tag?post=7818"}],"curies":[{"name":"wp","href":"https:\/\/api.w.org\/{rel}","templated":true}]}}