{"id":7845,"date":"2024-01-23T20:00:15","date_gmt":"2024-01-23T20:00:15","guid":{"rendered":"https:\/\/calibracion.com.mx\/tienda\/?post_type=product&#038;p=7845"},"modified":"2024-01-23T20:01:45","modified_gmt":"2024-01-23T20:01:45","slug":"qrae-3-m02011111111","status":"publish","type":"product","link":"https:\/\/calibracion.com.mx\/tienda\/qrae-3-m02011111111\/","title":{"rendered":"QRAE 3 -M02011111111"},"content":{"rendered":"<ul>\n<li>plataforma de trabajo de usuario.<\/li>\n<li>Por medio de 2 botones intuitivos y simples de operar.<\/li>\n<li>Estado habilitado por el estado de la tecnolog\u00eda inal\u00e1mbrica.<\/li>\n<li>Plataforma de trabajo de usuario basada en iconos de enorme pantalla gr\u00e1fica.<\/li>\n<li>notificaci\u00f3n de condiciones de alarma.<\/li>\n<li>Disponible en versi\u00f3n Difusi\u00f3n o Bombeada.<\/li>\n<li>Diseno fuerte, protector , a prueba de convulsi\u00f3n cerebral.<\/li>\n<li>Lecturas de concentraci\u00f3n de gas en el mismo instante y alarma.<\/li>\n<\/ul>\n","protected":false},"excerpt":{"rendered":"<p>Especificaciones claves:<\/p>\n<p>Inal\u00e1mbrico. Vers\u00e1til. Probado. Entrada a espacios confinados y general;<\/p>\n<ul>\n<li>Inal\u00e1mbrico de cinco v\u00edas, inal\u00e1mbrico local y remoto.<\/li>\n<li>tecnolog\u00eda.<\/li>\n<li>Caja fuerte al agua y al polvo IP-65\/67.<\/li>\n<\/ul>\n","protected":false},"featured_media":7846,"template":"","meta":[],"product_cat":[16],"product_tag":[],"class_list":["post-7845","product","type-product","status-publish","has-post-thumbnail","hentry","product_cat-uncategorized"],"_links":{"self":[{"href":"https:\/\/calibracion.com.mx\/tienda\/wp-json\/wp\/v2\/product\/7845","targetHints":{"allow":["GET"]}}],"collection":[{"href":"https:\/\/calibracion.com.mx\/tienda\/wp-json\/wp\/v2\/product"}],"about":[{"href":"https:\/\/calibracion.com.mx\/tienda\/wp-json\/wp\/v2\/types\/product"}],"wp:featuredmedia":[{"embeddable":true,"href":"https:\/\/calibracion.com.mx\/tienda\/wp-json\/wp\/v2\/media\/7846"}],"wp:attachment":[{"href":"https:\/\/calibracion.com.mx\/tienda\/wp-json\/wp\/v2\/media?parent=7845"}],"wp:term":[{"taxonomy":"product_cat","embeddable":true,"href":"https:\/\/calibracion.com.mx\/tienda\/wp-json\/wp\/v2\/product_cat?post=7845"},{"taxonomy":"product_tag","embeddable":true,"href":"https:\/\/calibracion.com.mx\/tienda\/wp-json\/wp\/v2\/product_tag?post=7845"}],"curies":[{"name":"wp","href":"https:\/\/api.w.org\/{rel}","templated":true}]}}