{"id":7852,"date":"2024-01-23T21:22:13","date_gmt":"2024-01-23T21:22:13","guid":{"rendered":"https:\/\/calibracion.com.mx\/tienda\/?post_type=product&#038;p=7852"},"modified":"2024-04-16T21:23:57","modified_gmt":"2024-04-16T21:23:57","slug":"manometro-digital-de-presion-diferencial-reed-r3002-5-psi","status":"publish","type":"product","link":"https:\/\/calibracion.com.mx\/tienda\/manometro-digital-de-presion-diferencial-reed-r3002-5-psi\/","title":{"rendered":"Man\u00f3metro digital de presi\u00f3n diferencial reed r3002 (5 psi)"},"content":{"rendered":"<p>Este man\u00f3metro digital da mediciones exactas en 11 unidades de medida distintas y es con la capacidad de tomar la presi\u00f3n manom\u00e9trica y diferencial. El R3002 tiene un display LCD retroiluminada, un reloj integrado para efectuar un rastreo de las mediciones y la aptitud de registrar y revisar los datos registrados a trav\u00e9s del programa incluido.<\/p>\n<h5><strong>Funciones:<\/strong><\/h5>\n<ul>\n<li>Pantalla LCD retroiluminada de simple lectura.<\/li>\n<li>Funcionalidades Max, Min, Avg, Relative y Data hold.<\/li>\n<li>Bot\u00f3n cero para correcci\u00f3n o medici\u00f3n de desplazamiento.<\/li>\n<li>Interfaz USB y software incluidos.<\/li>\n<li>Montaje en tr\u00edpode para monitorizaci\u00f3n a largo plazo.<\/li>\n<li>Mediciones incorporadas de fabricantes de tiempo de reloj en el mismo instante.<\/li>\n<li>Indicio de bater\u00eda baja y apagado autom\u00e1tico.<\/li>\n<li>11 unidades de medida seleccionables: psi, inH2O, bar, mbar, kPa, inHg, mmHg, ozin\u00b2, ftH2O, cmH2O, kgcm\u00b2.<\/li>\n<li>Mide la presi\u00f3n manom\u00e9trica y diferencial de hasta 5 psi.<\/li>\n<\/ul>\n<h4><strong>Especificaciones de REED R3002:<\/strong><\/h4>\n<table class=\"table table-striped\" style=\"height: 1542px;\" width=\"743\">\n<tbody>\n<tr>\n<td colspan=\"2\"><strong>Presi\u00f3n<\/strong><\/td>\n<\/tr>\n<tr>\n<td>Rangos de medici\u00f3n<\/td>\n<td>5.000 psi<br \/>\n138.3 inH<sub>2<\/sub>\u00d8<br \/>\n344,7 mbar<br \/>\n34,47 kPa<br \/>\n10,18 inHg 258,5 mmHg&nbsp;<\/p>\n<p>80,00 ozin\u00b2<br \/>\n11,53 ftH<sub>2<\/sub>\u00d8<br \/>\n351,5 cmH<sub>2<\/sub>\u00d8<br \/>\n0,351 kgcm\u00b2<br \/>\n0,344 bar<\/td>\n<\/tr>\n<tr>\n<td>Exactitud<\/td>\n<td>\u00b10.3% FS<\/td>\n<\/tr>\n<tr>\n<td>Resoluci\u00f3n<\/td>\n<td>0.1 pulg.H<sub>2<\/sub>O \/mbar \/ mmHg \/ cmH<sub>2<\/sub>\u00d8<br \/>\n0,01 kPa \/ ozin\u00b2 \/ ftH<sub>2<\/sub>\u00d8<br \/>\n0,001 inHg \/ kgcm\u00b2 \/ bar \/ psi<\/td>\n<\/tr>\n<tr>\n<td>Repetibilidad<\/td>\n<td>\u00b10.2% FS<\/td>\n<\/tr>\n<tr>\n<td>Linealidad\/Hist\u00e9resis<\/td>\n<td>\u00b10.29% FS<\/td>\n<\/tr>\n<tr>\n<td>Presi\u00f3n m\u00e1xima<\/td>\n<td>20 psi<\/td>\n<\/tr>\n<tr>\n<td colspan=\"2\"><strong>Especificaciones generales<\/strong><\/td>\n<\/tr>\n<tr>\n<td>Monitor<\/td>\n<td>Pantalla LCD de 4 d\u00edgitos<\/td>\n<\/tr>\n<tr>\n<td>Pantalla retroiluminada<\/td>\n<td>S\u00ed<\/td>\n<\/tr>\n<tr>\n<td>Retenci\u00f3n de datos<\/td>\n<td>S\u00ed<\/td>\n<\/tr>\n<tr>\n<td>Min<\/td>\n<td>S\u00ed<\/td>\n<\/tr>\n<tr>\n<td>M\u00e1ximo<\/td>\n<td>S\u00ed<\/td>\n<\/tr>\n<tr>\n<td>Promedio<\/td>\n<td>S\u00ed<\/td>\n<\/tr>\n<tr>\n<td>Presi\u00f3n diferencial<\/td>\n<td>S\u00ed<\/td>\n<\/tr>\n<tr>\n<td>Funci\u00f3n cero<\/td>\n<td>S\u00ed<\/td>\n<\/tr>\n<tr>\n<td>Indicador de exceso de rango<\/td>\n<td>S\u00ed<\/td>\n<\/tr>\n<tr>\n<td>Indicador de rango inferior<\/td>\n<td>S\u00ed<\/td>\n<\/tr>\n<tr>\n<td>Capacidades de registro de datos<\/td>\n<td>S\u00ed<\/td>\n<\/tr>\n<tr>\n<td>Reloj en tiempo real y sello de fecha<\/td>\n<td>S\u00ed<\/td>\n<\/tr>\n<tr>\n<td>Tiempo de respuesta<\/td>\n<td>2 veces\/seg.<\/td>\n<\/tr>\n<tr>\n<td>Memoria interna<\/td>\n<td>S\u00ed<\/td>\n<\/tr>\n<tr>\n<td>Apagado autom\u00e1tico<\/td>\n<td>S\u00ed (despu\u00e9s de 20 minutos)<\/td>\n<\/tr>\n<tr>\n<td>Montaje en tr\u00edpode<\/td>\n<td>S\u00ed<\/td>\n<\/tr>\n<tr>\n<td>Indicador de bater\u00eda baja<\/td>\n<td>S\u00ed<\/td>\n<\/tr>\n<tr>\n<td>Fuente de alimentaci\u00f3n<\/td>\n<td>Bater\u00eda de 9V<\/td>\n<\/tr>\n<tr>\n<td>Conectividad de PC<\/td>\n<td>Cable USB (incluido)<\/td>\n<\/tr>\n<tr>\n<td>Software<\/td>\n<td>S\u00ed (incluido)<\/td>\n<\/tr>\n<tr>\n<td>Compatibilidad con el sistema operativo de software<\/td>\n<td>Windows XP, 7, 8, 10, 11<\/td>\n<\/tr>\n<tr>\n<td>Certificaciones de productos<\/td>\n<td>Despu\u00e9s de Cristo<\/td>\n<\/tr>\n<tr>\n<td>Temperatura de funcionamiento<\/td>\n<td>De 32 a 122 \u00b0C (de 0 a 50 \u00b0F)<\/td>\n<\/tr>\n<tr>\n<td>Temperatura de almacenamiento<\/td>\n<td>De -14 a 140 \u00b0C (de 10 a 60 \u00b0F)<\/td>\n<\/tr>\n<tr>\n<td>Rango de humedad de funcionamiento<\/td>\n<td>Del 10 al 80%<\/td>\n<\/tr>\n<tr>\n<td>Dimensiones<\/td>\n<td>8,2 x 2,9 x 1,9\u2033 (210 x 75 x 50 mm)<\/td>\n<\/tr>\n<tr>\n<td>Peso<\/td>\n<td>9,8 onzas (280 g)<\/td>\n<\/tr>\n<\/tbody>\n<\/table>\n","protected":false},"excerpt":{"rendered":"<p>Registra mediciones m\u00e1ximas, m\u00ednimas, medias y relativas.<\/p>\n","protected":false},"featured_media":7853,"template":"","meta":[],"product_cat":[16],"product_tag":[],"class_list":["post-7852","product","type-product","status-publish","has-post-thumbnail","hentry","product_cat-uncategorized"],"_links":{"self":[{"href":"https:\/\/calibracion.com.mx\/tienda\/wp-json\/wp\/v2\/product\/7852","targetHints":{"allow":["GET"]}}],"collection":[{"href":"https:\/\/calibracion.com.mx\/tienda\/wp-json\/wp\/v2\/product"}],"about":[{"href":"https:\/\/calibracion.com.mx\/tienda\/wp-json\/wp\/v2\/types\/product"}],"wp:featuredmedia":[{"embeddable":true,"href":"https:\/\/calibracion.com.mx\/tienda\/wp-json\/wp\/v2\/media\/7853"}],"wp:attachment":[{"href":"https:\/\/calibracion.com.mx\/tienda\/wp-json\/wp\/v2\/media?parent=7852"}],"wp:term":[{"taxonomy":"product_cat","embeddable":true,"href":"https:\/\/calibracion.com.mx\/tienda\/wp-json\/wp\/v2\/product_cat?post=7852"},{"taxonomy":"product_tag","embeddable":true,"href":"https:\/\/calibracion.com.mx\/tienda\/wp-json\/wp\/v2\/product_tag?post=7852"}],"curies":[{"name":"wp","href":"https:\/\/api.w.org\/{rel}","templated":true}]}}