{"id":7854,"date":"2024-01-24T14:21:10","date_gmt":"2024-01-24T14:21:10","guid":{"rendered":"https:\/\/calibracion.com.mx\/tienda\/?post_type=product&#038;p=7854"},"modified":"2024-01-24T14:21:12","modified_gmt":"2024-01-24T14:21:12","slug":"rermoanemometro-de-paletas-reed-8906-nist-cfm-volumen-de-aire","status":"publish","type":"product","link":"https:\/\/calibracion.com.mx\/tienda\/rermoanemometro-de-paletas-reed-8906-nist-cfm-volumen-de-aire\/","title":{"rendered":"Rermoanem\u00f3metro de paletas reed 8906-nist, cfm (volumen de aire)"},"content":{"rendered":"<p>Este termoanem\u00f3metro de nivel profesional da mediciones exactas de la velocidad del aire, el volumen del aire y la temperatura del aire. El 8906 es capaz de tomar mediciones continuas de la agilidad del aire en el transcurso de un m\u00e1ximo de 2 horas y tiene una paleta giratoria de baja fricci\u00f3n para mejorar la precisi\u00f3n y la aptitud de ense\u00f1ar simult\u00e1neamente la velocidad y la temperatura del aire en la gran pantalla LCD dual.<\/p>\n<h5><strong>Funciones:<\/strong><\/h5>\n<ul>\n<li>La pantalla LCD dual muestra simult\u00e1neamente la agilidad y la temperatura del aire.<\/li>\n<li>Mide fpm, m\/s, kph, mph y nudos.<\/li>\n<li>Precisi\u00f3n b\u00e1sica del \u00b12%.<\/li>\n<li>Calcula el volumen de aire (CFM).<\/li>\n<li>Funciones Min\/Max\/Avg y Data Hold.<\/li>\n<li>Indicio de bater\u00eda baja y apagado autom\u00e1tico.<\/li>\n<\/ul>\n<h4><strong>Especificaciones:<\/strong><\/h4>\n<table class=\"table table-striped\">\n<tbody>\n<tr>\n<td>Tipo<\/td>\n<td>Veleta<\/td>\n<\/tr>\n<tr>\n<td>Rangos de medici\u00f3n<\/td>\n<td>FPM: 80 a 6900<br \/>\nm\/s: 0.4 a 35<br \/>\nkm\/h: 1.4 a 126<br \/>\nmph: 0.9 a 78<br \/>\nnudos: 0.8 a 68<br \/>\nTemperatura: 14 a 122 \u00b0F (-10 a 50 \u00b0C)<\/td>\n<\/tr>\n<tr>\n<td>Exactitud<\/td>\n<td>Velocidad del aire: \u00b1 (2% rdg. + 0,2 m\/s) Temperatura: \u00b11,2 \u00b0F (0,6 \u00b0C)<\/td>\n<\/tr>\n<tr>\n<td>Resoluci\u00f3n<\/td>\n<td>fpm: 1<br \/>\nm\/s: 0.01<br \/>\nkm\/h, mph, nudo: 0.1 Temperatura: 0.1<br \/>\n\u00b0F\/\u00b0C<\/td>\n<\/tr>\n<tr>\n<td>Di\u00e1metro de la paleta<\/td>\n<td>2,8\u2033 (70 mm)<\/td>\n<\/tr>\n<tr>\n<td>Tiempo de respuesta<\/td>\n<td>&lt;1 seg.<\/td>\n<\/tr>\n<tr>\n<td>Monitor<\/td>\n<td>Pantalla LCD dual de 4 d\u00edgitos<\/td>\n<\/tr>\n<tr>\n<td>Retenci\u00f3n de datos<\/td>\n<td>S\u00ed<\/td>\n<\/tr>\n<tr>\n<td>Min<\/td>\n<td>S\u00ed<\/td>\n<\/tr>\n<tr>\n<td>M\u00e1ximo<\/td>\n<td>S\u00ed<\/td>\n<\/tr>\n<tr>\n<td>Promedio<\/td>\n<td>S\u00ed<\/td>\n<\/tr>\n<tr>\n<td>C\u00e1lculo del volumen de aire (CFM)<\/td>\n<td>S\u00ed<\/td>\n<\/tr>\n<tr>\n<td>Capacidades de registro de datos<\/td>\n<td>S\u00ed<\/td>\n<\/tr>\n<tr>\n<td>Frecuencia de muestreo<\/td>\n<td>1 vez\/seg.<\/td>\n<\/tr>\n<tr>\n<td>Memoria interna<\/td>\n<td>S\u00ed<\/td>\n<\/tr>\n<tr>\n<td>Apagado autom\u00e1tico<\/td>\n<td>S\u00ed (despu\u00e9s de 20 minutos)<\/td>\n<\/tr>\n<tr>\n<td>Indicador de bater\u00eda baja<\/td>\n<td>S\u00ed<\/td>\n<\/tr>\n<tr>\n<td>Fuente de alimentaci\u00f3n<\/td>\n<td>Bater\u00eda de 9V<\/td>\n<\/tr>\n<tr>\n<td>Duraci\u00f3n de la bater\u00eda<\/td>\n<td>400 horas<\/td>\n<\/tr>\n<tr>\n<td>Certificaciones de productos<\/td>\n<td>Despu\u00e9s de Cristo<\/td>\n<\/tr>\n<tr>\n<td>Temperatura de funcionamiento<\/td>\n<td>De 32 a 122 \u00b0C (de 0 a 50 \u00b0F)<\/td>\n<\/tr>\n<tr>\n<td>Temperatura de almacenamiento<\/td>\n<td>De -14 a 140 \u00b0C (de 10 a 60 \u00b0F)<\/td>\n<\/tr>\n<tr>\n<td>Rango de humedad de funcionamiento<\/td>\n<td>10-80%<\/td>\n<\/tr>\n<tr>\n<td>Dimensiones<\/td>\n<td>7,1 x 2,8 x 1,4\u2033 (181 x 76 x 45 mm)<\/td>\n<\/tr>\n<tr>\n<td>Peso<\/td>\n<td>5,6 onzas (160 g)<\/td>\n<\/tr>\n<\/tbody>\n<\/table>\n","protected":false},"excerpt":{"rendered":"<p>Mide el volumen de aire, la agilidad del aire y la temperatura.<\/p>\n","protected":false},"featured_media":7855,"template":"","meta":[],"product_cat":[16],"product_tag":[],"class_list":["post-7854","product","type-product","status-publish","has-post-thumbnail","hentry","product_cat-uncategorized"],"_links":{"self":[{"href":"https:\/\/calibracion.com.mx\/tienda\/wp-json\/wp\/v2\/product\/7854","targetHints":{"allow":["GET"]}}],"collection":[{"href":"https:\/\/calibracion.com.mx\/tienda\/wp-json\/wp\/v2\/product"}],"about":[{"href":"https:\/\/calibracion.com.mx\/tienda\/wp-json\/wp\/v2\/types\/product"}],"wp:featuredmedia":[{"embeddable":true,"href":"https:\/\/calibracion.com.mx\/tienda\/wp-json\/wp\/v2\/media\/7855"}],"wp:attachment":[{"href":"https:\/\/calibracion.com.mx\/tienda\/wp-json\/wp\/v2\/media?parent=7854"}],"wp:term":[{"taxonomy":"product_cat","embeddable":true,"href":"https:\/\/calibracion.com.mx\/tienda\/wp-json\/wp\/v2\/product_cat?post=7854"},{"taxonomy":"product_tag","embeddable":true,"href":"https:\/\/calibracion.com.mx\/tienda\/wp-json\/wp\/v2\/product_tag?post=7854"}],"curies":[{"name":"wp","href":"https:\/\/api.w.org\/{rel}","templated":true}]}}