{"id":7933,"date":"2024-01-25T15:20:56","date_gmt":"2024-01-25T15:20:56","guid":{"rendered":"https:\/\/calibracion.com.mx\/tienda\/?post_type=product&#038;p=7933"},"modified":"2024-01-25T15:20:57","modified_gmt":"2024-01-25T15:20:57","slug":"1031-cronometro-digital-a-500-memorias-control-company","status":"publish","type":"product","link":"https:\/\/calibracion.com.mx\/tienda\/1031-cronometro-digital-a-500-memorias-control-company\/","title":{"rendered":"1031 Cronometro Digital a 500 Memorias Control Company"},"content":{"rendered":"<p>Especificaciones : 500 memorias, reloj, fecha, d\u00eda de la semana, alarma de hora del d\u00eda<br \/>\nLos 4 formatos de temporizaci\u00f3n \/ resoluci\u00f3n del cron\u00f3metro decimal son: Hr \/ min \/ seg; 1\/cien SEG; 1\/1000 min; 1 \/ cien .000 h; las lecturas m\u00e1ximas son 19.999999 HR, 1199.999 MIN, 71999.99 SEC o 19 hr \/ 59 min \/ 59 seg \/ 99 cent\u00e9simas.<\/p>\n<h5><strong>PRECISI\u00d3N DE CRISTAL DE CUARZO Y PANTALLA TRIPLE:<\/strong><\/h5>\n<p>El dise\u00f1o de cristal de cuarzo tiene una precisi\u00f3n de 00005%, mucho m\u00e1s de cien ocasiones mucho m\u00e1s exacto que otros relojes cron\u00f3metros. Tiempos hasta 19 horas, 59 minutos, 59 segundos y 99 cent\u00e9simas. La pantalla triple exhibe divisiones acumulativas, divisiones de intervalo y tiempo de ejecuci\u00f3n. Momento exacto y Traceable para pruebas de enzimas, mediciones de viscosidad, estudios en animales y todas y cada una de las pruebas de laboratorio cronometradas. Hecho para cient\u00edficos de laboratorios industriales, educativos , hospitalarios y gubernativos que insisten en la mejor instrumentaci\u00f3n. Creado para hacer mucho m\u00e1s simple la operaci\u00f3n, precisi\u00f3n y confiabilidad.<\/p>\n<h5><strong>CARACTER\u00cdSTICAS INCREIBLES:<\/strong><\/h5>\n<p>La unidad muestra la hora del d\u00eda, la fecha, el d\u00eda de la semana y cuenta con una alarma de hora del d\u00eda.<br \/>\nLas peculiaridades auxiliares tienen dentro alarma de cuenta recesiva , cuenta regresiva y despu\u00e9s alarma de cuenta recesiva , reiteraci\u00f3n de cuenta regresiva , marcapasos y funciones de carrera.<br \/>\nLa funci\u00f3n de memoria asimismo muestra el tiempo de vuelta m\u00e1s veloz , mucho m\u00e1s lento y promedio.<br \/>\nFunciones de cron\u00f3metro: acci\u00f3n \u00fanica, tiempo de espera, divisi\u00f3n acumulativa, divisi\u00f3n de intervalo, tiempo de transferencia continua<br \/>\nTiene 500 memorias recuperables que mostr\u00f3 la vuelta, la divisi\u00f3n y el tiempo de ejecuci\u00f3n.<\/p>\n<h5><strong>ROBUSTO, DURADERO, RESISTENTE AL AGUA:<\/strong><\/h5>\n<p>La caja de pl\u00e1stico ABS resistente y resistente al agua tiene un dise\u00f1o artesanal de leng\u00fceta y ranura y una construcci\u00f3n de junta t\u00f3rica para sellar la humedad, el polvo y los vapores que se encuentran en \u00e1mbitos hostiles de laboratorio, planta o campo.<\/p>\n<p>&nbsp;<\/p>\n<table style=\"height: 669px;\" width=\"555\">\n<tbody>\n<tr>\n<td width=\"193\"># Canales\/zonas<\/td>\n<td width=\"251\">1<\/td>\n<\/tr>\n<tr>\n<td width=\"193\">Capacidad de tiempo<\/td>\n<td width=\"251\">19 horas, 59 minutos, 59 segundos, 99 cent\u00e9simas<\/td>\n<\/tr>\n<tr>\n<td width=\"193\">Precisi\u00f3n de tiempo<\/td>\n<td width=\"251\">0.0005% de precisi\u00f3n<\/td>\n<\/tr>\n<tr>\n<td width=\"193\">Resoluci\u00f3n de tiempo<\/td>\n<td width=\"251\">1\/100 SEG;\u00a01\/1000min;\u00a01\/100.000 horas<\/td>\n<\/tr>\n<tr>\n<td width=\"193\">Funciones adicionales<\/td>\n<td width=\"251\">Tiempo de espera\/tiempo de entrada, cronometraje continuo, divisi\u00f3n acumulativa, divisi\u00f3n de intervalos, memorias<\/td>\n<\/tr>\n<tr>\n<td width=\"193\">Memoria<\/td>\n<td width=\"251\">Y (500)<\/td>\n<\/tr>\n<tr>\n<td width=\"193\">Cuenta ascendente\/Cuenta regresiva<\/td>\n<td width=\"251\">Cuenta ascendente\/Cuenta regresiva<\/td>\n<\/tr>\n<tr>\n<td width=\"193\">Dimensiones<\/td>\n<td width=\"251\">2-1\/2\u2033x3\u2033x3\/4\u2033<\/td>\n<\/tr>\n<tr>\n<td width=\"193\">Peso<\/td>\n<td width=\"251\">2-1\/2 onzas<\/td>\n<\/tr>\n<tr>\n<td width=\"193\">Enchufe de aire acondicionado (S\/N)<\/td>\n<td width=\"251\">norte<\/td>\n<\/tr>\n<tr>\n<td width=\"193\">Trazable<\/td>\n<td width=\"251\">Y<\/td>\n<\/tr>\n<tr>\n<td width=\"193\">Suministrado con<\/td>\n<td width=\"251\">bater\u00eda, cord\u00f3n de 40\u2033, certificado Traceable<\/td>\n<\/tr>\n<\/tbody>\n<\/table>\n","protected":false},"excerpt":{"rendered":"<p>Funciones de cron\u00f3metro: acci\u00f3n \u00fanica, tiempo de espera, divisi\u00f3n acumulativa, divisi\u00f3n de intervalo, tiempo de transferencia continua.<\/p>\n","protected":false},"featured_media":0,"template":"","meta":[],"product_cat":[16],"product_tag":[],"class_list":["post-7933","product","type-product","status-publish","hentry","product_cat-uncategorized"],"_links":{"self":[{"href":"https:\/\/calibracion.com.mx\/tienda\/wp-json\/wp\/v2\/product\/7933","targetHints":{"allow":["GET"]}}],"collection":[{"href":"https:\/\/calibracion.com.mx\/tienda\/wp-json\/wp\/v2\/product"}],"about":[{"href":"https:\/\/calibracion.com.mx\/tienda\/wp-json\/wp\/v2\/types\/product"}],"wp:attachment":[{"href":"https:\/\/calibracion.com.mx\/tienda\/wp-json\/wp\/v2\/media?parent=7933"}],"wp:term":[{"taxonomy":"product_cat","embeddable":true,"href":"https:\/\/calibracion.com.mx\/tienda\/wp-json\/wp\/v2\/product_cat?post=7933"},{"taxonomy":"product_tag","embeddable":true,"href":"https:\/\/calibracion.com.mx\/tienda\/wp-json\/wp\/v2\/product_tag?post=7933"}],"curies":[{"name":"wp","href":"https:\/\/api.w.org\/{rel}","templated":true}]}}