{"id":7985,"date":"2024-01-25T17:21:36","date_gmt":"2024-01-25T17:21:36","guid":{"rendered":"https:\/\/calibracion.com.mx\/tienda\/?post_type=product&#038;p=7985"},"modified":"2024-01-25T17:21:37","modified_gmt":"2024-01-25T17:21:37","slug":"dinamometro-de-grua-rango-1-hasta-100-toneladas-w1","status":"publish","type":"product","link":"https:\/\/calibracion.com.mx\/tienda\/dinamometro-de-grua-rango-1-hasta-100-toneladas-w1\/","title":{"rendered":"Dinam\u00f3metro de Gr\u00faa Rango 1 hasta 100 Toneladas -W1"},"content":{"rendered":"<p>Unidades : Las entidades se muestran claramente en la pantalla, libre en la siguiente lectura de medida: kilogramos (kg), toneladas cortas (t) de libras (lb), Newton y kilo newton (kN). Grilletes: consulte a nuestro aparato de venta. Regulaci\u00f3n de la gravedad: La aceleraci\u00f3n de la gravedad puede ser configurada a trav\u00e9s de indicador de acuerdo al valor reconocido para diferentes sitios de todo el mundo. Funciones : Indicador inal\u00e1mbrico con muchas funciones : cero, tara, advertencias de bater\u00eda baja, retenci\u00f3n de pico, aviso de sobrecarga. Calibraci\u00f3n por el usuario (con contrasena). Equipo -Point: Dos puntos de referencia programables por el usuario. Se pueden utilizar por seguridad y para apps de advertencia o l\u00edmite de pesaje. Bulto : Empaquetado en estuche, f\u00e1cil de llevar. Indicio clave: 4 teclas mec\u00e1nicas locales: \u201cON \/ OFF\u201d, \u201cCERO\u201d, \u201cBRILLO\u201d y \u201cMudar Unidad\u201d.<\/p>\n","protected":false},"excerpt":{"rendered":"<h5><strong>Especificaciones principales :<\/strong><\/h5>\n<p>Cuerpo de la celda de carga de aluminio encapsulado en una aleaci\u00f3n de acero con habilidades de protecci\u00f3n contra la penetraci\u00f3n de polvo. Precisi\u00f3n: 0.05% a 1-50t, esta cambia a 0.1% por encima de 50t de capacidad.<\/p>\n","protected":false},"featured_media":7986,"template":"","meta":[],"product_cat":[16],"product_tag":[],"class_list":["post-7985","product","type-product","status-publish","has-post-thumbnail","hentry","product_cat-uncategorized"],"_links":{"self":[{"href":"https:\/\/calibracion.com.mx\/tienda\/wp-json\/wp\/v2\/product\/7985","targetHints":{"allow":["GET"]}}],"collection":[{"href":"https:\/\/calibracion.com.mx\/tienda\/wp-json\/wp\/v2\/product"}],"about":[{"href":"https:\/\/calibracion.com.mx\/tienda\/wp-json\/wp\/v2\/types\/product"}],"wp:featuredmedia":[{"embeddable":true,"href":"https:\/\/calibracion.com.mx\/tienda\/wp-json\/wp\/v2\/media\/7986"}],"wp:attachment":[{"href":"https:\/\/calibracion.com.mx\/tienda\/wp-json\/wp\/v2\/media?parent=7985"}],"wp:term":[{"taxonomy":"product_cat","embeddable":true,"href":"https:\/\/calibracion.com.mx\/tienda\/wp-json\/wp\/v2\/product_cat?post=7985"},{"taxonomy":"product_tag","embeddable":true,"href":"https:\/\/calibracion.com.mx\/tienda\/wp-json\/wp\/v2\/product_tag?post=7985"}],"curies":[{"name":"wp","href":"https:\/\/api.w.org\/{rel}","templated":true}]}}