{"id":7997,"date":"2024-01-25T17:56:41","date_gmt":"2024-01-25T17:56:41","guid":{"rendered":"https:\/\/calibracion.com.mx\/tienda\/?post_type=product&#038;p=7997"},"modified":"2024-01-25T17:56:42","modified_gmt":"2024-01-25T17:56:42","slug":"odometro-de-rueda-grande-820201","status":"publish","type":"product","link":"https:\/\/calibracion.com.mx\/tienda\/odometro-de-rueda-grande-820201\/","title":{"rendered":"Od\u00f3metro de Rueda Grande \u2013 820201"},"content":{"rendered":"<p>Su rueda peque\u00f1a deja ingresar a lugares de tama\u00f1o achicado d\u00e1ndole un alcance mejorado en comparaci\u00f3n con od\u00f3metros de rueda grande. Aplicaciones : Asfalto\/exacto \/pavimentaci\u00f3n, Materiales para cercas Construcci\u00f3n r\u00e1pida , Carreteras y construcci\u00f3n pesada, Revisi\u00f3n de campo y paisajismo, Arquitectura, Inmuebles comerciales o residenciales, Material para techado, Medici\u00f3n de campo atl\u00e9tico. Contenido del bulto : Medidor de distancia con tripi\u00e9 incluido. Estuche suave para transporte.<\/p>\n","protected":false},"excerpt":{"rendered":"<p>El distanci\u00f3metro digital de rueda grande modelo SC-820201 tiene la aptitud de llevar a cabo mediciones de distancia en segmentos rectos y de cualquier forma posible.<\/p>\n","protected":false},"featured_media":7999,"template":"","meta":[],"product_cat":[16],"product_tag":[],"class_list":["post-7997","product","type-product","status-publish","has-post-thumbnail","hentry","product_cat-uncategorized"],"_links":{"self":[{"href":"https:\/\/calibracion.com.mx\/tienda\/wp-json\/wp\/v2\/product\/7997","targetHints":{"allow":["GET"]}}],"collection":[{"href":"https:\/\/calibracion.com.mx\/tienda\/wp-json\/wp\/v2\/product"}],"about":[{"href":"https:\/\/calibracion.com.mx\/tienda\/wp-json\/wp\/v2\/types\/product"}],"wp:featuredmedia":[{"embeddable":true,"href":"https:\/\/calibracion.com.mx\/tienda\/wp-json\/wp\/v2\/media\/7999"}],"wp:attachment":[{"href":"https:\/\/calibracion.com.mx\/tienda\/wp-json\/wp\/v2\/media?parent=7997"}],"wp:term":[{"taxonomy":"product_cat","embeddable":true,"href":"https:\/\/calibracion.com.mx\/tienda\/wp-json\/wp\/v2\/product_cat?post=7997"},{"taxonomy":"product_tag","embeddable":true,"href":"https:\/\/calibracion.com.mx\/tienda\/wp-json\/wp\/v2\/product_tag?post=7997"}],"curies":[{"name":"wp","href":"https:\/\/api.w.org\/{rel}","templated":true}]}}