{"id":8000,"date":"2024-01-25T18:01:18","date_gmt":"2024-01-25T18:01:18","guid":{"rendered":"https:\/\/calibracion.com.mx\/tienda\/?post_type=product&#038;p=8000"},"modified":"2024-01-25T18:01:19","modified_gmt":"2024-01-25T18:01:19","slug":"odometro-digital-rueda-pequena-820099","status":"publish","type":"product","link":"https:\/\/calibracion.com.mx\/tienda\/odometro-digital-rueda-pequena-820099\/","title":{"rendered":"Od\u00f3metro Digital Rueda Peque\u00f1a \u2013 820099"},"content":{"rendered":"<p><strong>Especificaciones\u00a0<\/strong>: Es un aparato especialmente \u00fatil en la medici\u00f3n de distancia en trabajos de app de Asfalto, concreto , pavimentaci\u00f3n, materiales para cercas, construcci\u00f3n r\u00e1pida, carreteras y construcci\u00f3n pesada, revisi\u00f3n de campo y paisajismo: Otras mediciones que requieren de mediciones con este aparato son arquitectura, inmuebles comerciales o residenciales, calculo para material para techado, medici\u00f3n de campos de deportes.<\/p>\n<h5><strong>Especificaciones :<\/strong><\/h5>\n<ul>\n<li>Contador:An\u00e1logo.<\/li>\n<li>Rango: 99,999.9 Metros\/Pies\/Yardas.<\/li>\n<li>Longitud de equipo :1,010 mm de longitud.<\/li>\n<li>Precisi\u00f3n:99.9%.<\/li>\n<li>Unidades :Conversi\u00f3n Metros\/Pies\/Yardas.<\/li>\n<li>Di\u00e1metro Rueda: 10cm.<\/li>\n<\/ul>\n","protected":false},"excerpt":{"rendered":"<p>El Pod\u00f3metro an\u00e1logo (Distanci\u00f3metro) de rueda grande modelo SC-820201 es un aparato simple y servible para la medici\u00f3n de longitud de segmentos lineales o de forma irregular<\/p>\n","protected":false},"featured_media":8001,"template":"","meta":[],"product_cat":[16],"product_tag":[],"class_list":["post-8000","product","type-product","status-publish","has-post-thumbnail","hentry","product_cat-uncategorized"],"_links":{"self":[{"href":"https:\/\/calibracion.com.mx\/tienda\/wp-json\/wp\/v2\/product\/8000","targetHints":{"allow":["GET"]}}],"collection":[{"href":"https:\/\/calibracion.com.mx\/tienda\/wp-json\/wp\/v2\/product"}],"about":[{"href":"https:\/\/calibracion.com.mx\/tienda\/wp-json\/wp\/v2\/types\/product"}],"wp:featuredmedia":[{"embeddable":true,"href":"https:\/\/calibracion.com.mx\/tienda\/wp-json\/wp\/v2\/media\/8001"}],"wp:attachment":[{"href":"https:\/\/calibracion.com.mx\/tienda\/wp-json\/wp\/v2\/media?parent=8000"}],"wp:term":[{"taxonomy":"product_cat","embeddable":true,"href":"https:\/\/calibracion.com.mx\/tienda\/wp-json\/wp\/v2\/product_cat?post=8000"},{"taxonomy":"product_tag","embeddable":true,"href":"https:\/\/calibracion.com.mx\/tienda\/wp-json\/wp\/v2\/product_tag?post=8000"}],"curies":[{"name":"wp","href":"https:\/\/api.w.org\/{rel}","templated":true}]}}