{"id":8174,"date":"2024-02-02T19:38:22","date_gmt":"2024-02-02T19:38:22","guid":{"rendered":"https:\/\/calibracion.com.mx\/tienda\/?post_type=product&#038;p=8174"},"modified":"2024-02-02T19:38:23","modified_gmt":"2024-02-02T19:38:23","slug":"probador-de-aislamiento-auto-rango-1000-v-1604","status":"publish","type":"product","link":"https:\/\/calibracion.com.mx\/tienda\/probador-de-aislamiento-auto-rango-1000-v-1604\/","title":{"rendered":"Probador de Aislamiento, auto-rango, 1000 V \u2013 1604"},"content":{"rendered":"<h5><b>Especificaciones Generales:<\/b><\/h5>\n<ul>\n<li>Indicaci\u00f3n de bater\u00eda baja: Se mostrar\u00e1 cuando la bater\u00eda precisa ser cambiada.<\/li>\n<li>Tasa de muestreo: Pantalla digital de 2,5 veces por segundo \u2013 Gr\u00e1fico de barras 10 ocasiones \/ seg.<\/li>\n<li>Monitor: 80x50mm Gran pantalla LCD con pantalla anal\u00f3gica de 50 segmentos m\u00e1x. Lectura 4000.<\/li>\n<li>Fuente de nutrici\u00f3n : Ocho bater\u00edas de 1.5 voltios de tama\u00f1o AA.<\/li>\n<li>Complementos : Cables de prueba, bater\u00eda de 8 piezas, estuche de transporte, manual de operaci\u00f3n, programa en cd.<\/li>\n<li>Peso: Aprox. 900g con bater\u00eda.<\/li>\n<li>Temperatura y humedad de funcionamiento : 0\u00b0C a 40\u00b0C (32\u00b0F a 104\u00b0F), debajo de 80% RH.<\/li>\n<\/ul>\n","protected":false},"excerpt":{"rendered":"<h5><strong>Informaciones En general :<\/strong><\/h5>\n<ul>\n<li>Indicaci\u00f3n de sobrecarga: \u201cOL\u201d se mostrar\u00e1 en el panel LCD en el momento en que se realice una medici\u00f3n fuera de rango.<\/li>\n<li>Temperatura de almacenaje : -10 \u00b0C a 60\u00b0C (14\u00b0F a 140\u00b0F).<\/li>\n<li>Dimensiones: 190x140x77mm.<\/li>\n<\/ul>\n<p>&nbsp;<\/p>\n","protected":false},"featured_media":8175,"template":"","meta":[],"product_cat":[16],"product_tag":[],"class_list":["post-8174","product","type-product","status-publish","has-post-thumbnail","hentry","product_cat-uncategorized"],"_links":{"self":[{"href":"https:\/\/calibracion.com.mx\/tienda\/wp-json\/wp\/v2\/product\/8174","targetHints":{"allow":["GET"]}}],"collection":[{"href":"https:\/\/calibracion.com.mx\/tienda\/wp-json\/wp\/v2\/product"}],"about":[{"href":"https:\/\/calibracion.com.mx\/tienda\/wp-json\/wp\/v2\/types\/product"}],"wp:featuredmedia":[{"embeddable":true,"href":"https:\/\/calibracion.com.mx\/tienda\/wp-json\/wp\/v2\/media\/8175"}],"wp:attachment":[{"href":"https:\/\/calibracion.com.mx\/tienda\/wp-json\/wp\/v2\/media?parent=8174"}],"wp:term":[{"taxonomy":"product_cat","embeddable":true,"href":"https:\/\/calibracion.com.mx\/tienda\/wp-json\/wp\/v2\/product_cat?post=8174"},{"taxonomy":"product_tag","embeddable":true,"href":"https:\/\/calibracion.com.mx\/tienda\/wp-json\/wp\/v2\/product_tag?post=8174"}],"curies":[{"name":"wp","href":"https:\/\/api.w.org\/{rel}","templated":true}]}}