{"id":8192,"date":"2024-02-02T20:34:20","date_gmt":"2024-02-02T20:34:20","guid":{"rendered":"https:\/\/calibracion.com.mx\/tienda\/?post_type=product&#038;p=8192"},"modified":"2024-02-02T20:35:57","modified_gmt":"2024-02-02T20:35:57","slug":"probador-de-aislamiento-de-alto-voltaje-digital-500v-hasta-15kv-sew-7015in","status":"publish","type":"product","link":"https:\/\/calibracion.com.mx\/tienda\/probador-de-aislamiento-de-alto-voltaje-digital-500v-hasta-15kv-sew-7015in\/","title":{"rendered":"Probador de Aislamiento de Alto Voltaje Digital, 500V hasta 15kV, SEW \u2013 7015IN"},"content":{"rendered":"<h3><strong>Caracter\u00edsticas:<\/strong><\/h3>\n<ul>\n<li>\u00a0Clase de protecci\u00f3n: IP66 (Tapa cerrada ).<\/li>\n<li>Funci\u00f3n de retroiluminaci\u00f3n 7,5 kV, 8 kV, 8,5 kV, 9 kV,Volt\u00edmetro de CA\/ CC.<\/li>\n<li>\u00a0Memoria de indicaciones para almacenaje de datos.<\/li>\n<li>\u00a0Transmisi\u00f3n de datos de USB \u00f3ptico a RS-232.<\/li>\n<li>\u00a0Medida de corriente.<\/li>\n<li>30 voltajes de prueba de aislamiento: 500 V, 1 kV, 1,5 kV, 2 kV, 2,5 kV, 3 kV, 3,5 kV, 4 kV, 4,5 kV, 5kV, 5,5 kV, 6 kV, 6,5 kV, 7 kV.<\/li>\n<li>\u00a0Controlado por microprocesador.<\/li>\n<li>\u00a0Indicaci\u00f3n PI (\u00edndice de polarizaci\u00f3n).<\/li>\n<li>\u00a0Corriente de cortocircuito de hasta 5 mA.<\/li>\n<li>\u00a0Protecci\u00f3n contra sobrecarga.<\/li>\n<li>\u00a02 l\u00edneas x 16 letras y n\u00fameros , enorme m\u00f3dulo LCD capaz.<\/li>\n<li>\u00a0Impulsado por men\u00fas.<\/li>\n<li>\u00a0Apagado autom\u00e1tico.<\/li>\n<li>\u00a0Calendario.<\/li>\n<li>\u00a0Funci\u00f3n de retenci\u00f3n autom\u00e1tica para congelar la lectura.<\/li>\n<li>\u00a0Indicaci\u00f3n DAR (relaci\u00f3n de absorci\u00f3n diel\u00e9ctrica).<\/li>\n<\/ul>\n<h5><strong>Especificaciones:<\/strong><\/h5>\n<table width=\"100%\">\n<tbody>\n<tr>\n<td>\n<table style=\"height: 543px;\" width=\"611\">\n<tbody>\n<tr>\n<td width=\"100%\">\n<table width=\"607\">\n<tbody>\n<tr>\n<td width=\"196\"><strong>Voltaje de prueba<\/strong><\/td>\n<td colspan=\"2\" width=\"410\">De 500Vdc a 15kVdc<br \/>\nAjustable en pasos de 500V<\/td>\n<\/tr>\n<tr>\n<td width=\"196\"><strong>Botones preestablecidos<\/strong><\/td>\n<td width=\"205\">1kV, 5kV, 10kV, 15kV<\/td>\n<td width=\"205\"><\/td>\n<\/tr>\n<tr>\n<td width=\"196\"><strong>Resistencia de aislamiento<\/strong><\/td>\n<td colspan=\"2\" width=\"410\">200G\u03a9 \/ 0,5kV<br \/>\n200G\u03a9 a 0,5kV~6T\u03a9 a 15kV<\/td>\n<\/tr>\n<tr>\n<td rowspan=\"2\" width=\"196\"><strong>Exactitud<\/strong><\/td>\n<td width=\"205\">1kV : 0~400G\u03a9<br \/>\n5kV : 0~1T\u03a9<br \/>\n10kV : 0~1T\u03a9<br \/>\n15kV : 0~1T\u03a9<\/td>\n<td width=\"205\">\u00b1(5%lectura+5d\u00edgitos)<\/td>\n<\/tr>\n<tr>\n<td width=\"205\">5kV : 1T\u03a9~2T\u03a9<br \/>\n10kV : 1T\u03a9~4T\u03a9<br \/>\n15kV : 1T\u03a9~6T\u03a9<\/td>\n<td width=\"205\">\u00b115%<\/td>\n<\/tr>\n<tr>\n<td width=\"196\"><strong>Resoluci\u00f3n<\/strong><\/td>\n<td colspan=\"2\" width=\"410\">1G\u03a9 : 0.001G\u03a9<br \/>\n10G\u03a9 : 0.01G\u03a9<br \/>\n100G\u03a9 : 0.1G\u03a9<br \/>\n1T\u03a9 : 1G\u03a9<br \/>\n6T\u03a9 : 10G\u03a9<\/td>\n<\/tr>\n<tr>\n<td width=\"196\"><strong>Corriente de cortocircuito<\/strong><\/td>\n<td colspan=\"2\" width=\"410\">hasta 5mA<\/td>\n<\/tr>\n<tr>\n<td><strong>PI (\u00edndice de polarizaci\u00f3n)<\/strong><\/td>\n<td colspan=\"2\" width=\"410\">V<\/td>\n<\/tr>\n<tr>\n<td width=\"196\"><strong>DAR (Relaci\u00f3n de Absorci\u00f3n Diel\u00e9ctrica)<\/strong><\/td>\n<td colspan=\"2\">V<\/td>\n<\/tr>\n<tr>\n<td width=\"196\"><strong>Volt\u00edmetro<\/strong><\/td>\n<td colspan=\"2\" width=\"410\">ACV : 30~600V (50\/60Hz)<br \/>\nDCV : 30~600V<br \/>\nPrecisi\u00f3n : \u00b1(2.0%rdg+3dgt)<br \/>\nResoluci\u00f3n : 1V<\/td>\n<\/tr>\n<tr>\n<td width=\"196\"><strong>Medida de corriente<\/strong><\/td>\n<td colspan=\"2\" width=\"410\">0.5nA ~ 0.55mA\u00a0(Dependiendo de la resistencia de aislamiento)<\/td>\n<\/tr>\n<tr>\n<td width=\"196\"><strong>Fuente de alimentaci\u00f3n<\/strong><\/td>\n<td colspan=\"2\">Bater\u00eda recargable<\/td>\n<\/tr>\n<tr>\n<td width=\"196\"><strong>Adaptador<\/strong><\/td>\n<td colspan=\"2\" width=\"410\">Entrada: 100-240 V CA, 0,4 A, 50-60 Hz<br \/>\nSalida: 24 V CC, 0,62 A<\/td>\n<\/tr>\n<tr>\n<td width=\"196\"><strong>Dimensiones<\/strong><\/td>\n<td colspan=\"2\" width=\"410\">430 (largo) x 324 (ancho) x 127 (profundidad) mm<\/td>\n<\/tr>\n<tr>\n<td width=\"196\"><strong>Peso<\/strong><\/td>\n<td>Aprox: 6,56 kg<\/td>\n<\/tr>\n<\/tbody>\n<\/table>\n<\/td>\n<\/tr>\n<\/tbody>\n<\/table>\n<\/td>\n<\/tr>\n<\/tbody>\n<\/table>\n","protected":false},"excerpt":{"rendered":"<h5><strong>Caracter\u00edsticas :<\/strong><\/h5>\n<ul>\n<li>\u00a0Se pueden guardar 200 desenlaces de medici\u00f3n en la memoria y recuperarlos en la pantalla.<\/li>\n<li>\u00a0Ajuste para el tiempo de prueba (duraci\u00f3n): 1~30 minutos.<\/li>\n<li>\u00a0Rango autom\u00e1tico en todos los rangos de aislamiento.<\/li>\n<li>\u00a0Observaci\u00f3n visual y audible si hay voltaje externo presente. (\u226530Vac o \u226530Vdc).<\/li>\n<\/ul>\n","protected":false},"featured_media":8193,"template":"","meta":[],"product_cat":[16],"product_tag":[],"class_list":["post-8192","product","type-product","status-publish","has-post-thumbnail","hentry","product_cat-uncategorized"],"_links":{"self":[{"href":"https:\/\/calibracion.com.mx\/tienda\/wp-json\/wp\/v2\/product\/8192","targetHints":{"allow":["GET"]}}],"collection":[{"href":"https:\/\/calibracion.com.mx\/tienda\/wp-json\/wp\/v2\/product"}],"about":[{"href":"https:\/\/calibracion.com.mx\/tienda\/wp-json\/wp\/v2\/types\/product"}],"wp:featuredmedia":[{"embeddable":true,"href":"https:\/\/calibracion.com.mx\/tienda\/wp-json\/wp\/v2\/media\/8193"}],"wp:attachment":[{"href":"https:\/\/calibracion.com.mx\/tienda\/wp-json\/wp\/v2\/media?parent=8192"}],"wp:term":[{"taxonomy":"product_cat","embeddable":true,"href":"https:\/\/calibracion.com.mx\/tienda\/wp-json\/wp\/v2\/product_cat?post=8192"},{"taxonomy":"product_tag","embeddable":true,"href":"https:\/\/calibracion.com.mx\/tienda\/wp-json\/wp\/v2\/product_tag?post=8192"}],"curies":[{"name":"wp","href":"https:\/\/api.w.org\/{rel}","templated":true}]}}