{"id":8239,"date":"2024-02-06T16:36:08","date_gmt":"2024-02-06T16:36:08","guid":{"rendered":"https:\/\/calibracion.com.mx\/tienda\/?post_type=product&#038;p=8239"},"modified":"2024-02-06T16:36:09","modified_gmt":"2024-02-06T16:36:09","slug":"positest-detector-holiday-alto-voltaje-de-pulso-kit-hhd-defelsko-hhdkit","status":"publish","type":"product","link":"https:\/\/calibracion.com.mx\/tienda\/positest-detector-holiday-alto-voltaje-de-pulso-kit-hhd-defelsko-hhdkit\/","title":{"rendered":"PosiTest Detector Holiday Alto Voltaje de Pulso, Kit HHD, DeFelsko \u2013 HHDKIT"},"content":{"rendered":"<h5><b>Especificaciones:<\/b><\/h5>\n<ul>\n<li>Temperatura de desempe\u00f1o : 20\u00b0 a 60\u00b0C (-4\u00b0 a 140\u00b0F).<\/li>\n<li>-Apoyado en voltaje y carga elegidos -Rolling Spring de \u00d8 12 \u201d@ 10kV, 40 hrs. Rolling Spring de \u00d8 40 \u201da 10kV, 30 hrs.<\/li>\n<li>Duraci\u00f3n t\u00edpica de la bater\u00eda:<\/li>\n<li>Tasa de reiteraci\u00f3n de pulso: 30 Hz.<\/li>\n<li>Precisi\u00f3n de salida: +5%.<\/li>\n<li>Ajuste de voltaje de salida: 0.5 kV \u2013 1 kV: pasos de diez voltios \/ 1 kV \u2013 35 kV: pasos de 100 voltios.<\/li>\n<li>Rango de voltaje de salida: 0.5 \u2013 35 kV.<\/li>\n<\/ul>\n","protected":false},"excerpt":{"rendered":"<h5><strong>Especificaciones :<\/strong><\/h5>\n<ul>\n<li>Rango de espesor de recubrimiento : Hasta 20 mm (780 mils) \u2020.<\/li>\n<li>Duraci\u00f3n del pulso: 10 \u00b5s.<\/li>\n<\/ul>\n","protected":false},"featured_media":8240,"template":"","meta":[],"product_cat":[16],"product_tag":[],"class_list":["post-8239","product","type-product","status-publish","has-post-thumbnail","hentry","product_cat-uncategorized"],"_links":{"self":[{"href":"https:\/\/calibracion.com.mx\/tienda\/wp-json\/wp\/v2\/product\/8239","targetHints":{"allow":["GET"]}}],"collection":[{"href":"https:\/\/calibracion.com.mx\/tienda\/wp-json\/wp\/v2\/product"}],"about":[{"href":"https:\/\/calibracion.com.mx\/tienda\/wp-json\/wp\/v2\/types\/product"}],"wp:featuredmedia":[{"embeddable":true,"href":"https:\/\/calibracion.com.mx\/tienda\/wp-json\/wp\/v2\/media\/8240"}],"wp:attachment":[{"href":"https:\/\/calibracion.com.mx\/tienda\/wp-json\/wp\/v2\/media?parent=8239"}],"wp:term":[{"taxonomy":"product_cat","embeddable":true,"href":"https:\/\/calibracion.com.mx\/tienda\/wp-json\/wp\/v2\/product_cat?post=8239"},{"taxonomy":"product_tag","embeddable":true,"href":"https:\/\/calibracion.com.mx\/tienda\/wp-json\/wp\/v2\/product_tag?post=8239"}],"curies":[{"name":"wp","href":"https:\/\/api.w.org\/{rel}","templated":true}]}}