{"id":8302,"date":"2024-02-07T15:47:55","date_gmt":"2024-02-07T15:47:55","guid":{"rendered":"https:\/\/calibracion.com.mx\/tienda\/?post_type=product&#038;p=8302"},"modified":"2024-02-07T15:47:56","modified_gmt":"2024-02-07T15:47:56","slug":"medidor-de-actividad-de-agua-modelo-inteligente-hd6","status":"publish","type":"product","link":"https:\/\/calibracion.com.mx\/tienda\/medidor-de-actividad-de-agua-modelo-inteligente-hd6\/","title":{"rendered":"Medidor de actividad de agua modelo inteligente \u2013 HD6"},"content":{"rendered":"<p>Los formuladores de alimentos utilizan la actividad del agua para acertar cu\u00e1nto afectar\u00e1 la migraci\u00f3n de la humedad a su producto, tal es as\u00ed que escoger el bulto favorable y el tr\u00e1mite de almacenaje para achicar la utilizaci\u00f3n de as\u00e9pticos.<\/p>\n<h5><strong>Peculiaridades :<\/strong><\/h5>\n<ul>\n<li>Alta seguridad.<\/li>\n<li>Largo tiempo de vida en bater\u00eda con buen funcionamiento sin fallo.<\/li>\n<li>El tiempo de medici\u00f3n m\u00e1s corto es 4-5 minutos solamente.<\/li>\n<li>Mejor programa de procesamiento de datos conduce a m\u00e1s desenlaces de pruebas de precisi\u00f3n.<\/li>\n<li>La impresora opcional de la aguja, puede imprimir datos.<\/li>\n<li>Plataforma de trabajo f\u00e1cil de operar.<\/li>\n<li>Es recomendable probar diversas clases de material, as\u00ed como s\u00f3lido, l\u00edquido, polvo, todo es aceptable.<\/li>\n<li>Puede reservar 5000 sistemas de desenlaces de la prueba, y los desenlaces se pueden ahorrar a la PC.<\/li>\n<li>Tiene puerto RS232 y puerto USB, se puede conectar a la mini-impresora.<\/li>\n<li>No hay necesidad de calibrar toda vez que se utiliza.<\/li>\n<li>Zumbido cuando finaliza la medici\u00f3n o finaliza la medici\u00f3n.<\/li>\n<li>El sensor importado en el sensor tiene buena seguridad y alta exactitud.<\/li>\n<li>Resistente a art\u00edculos qu\u00edmicos. El resultado de la prueba se mantiene confiable en el momento en que se prueban diferentes tipos de material de volatilidad.<\/li>\n<li>Puede ahorrar valor en tiempo real de la prueba o resultado final de la prueba. El usuario asimismo puede configurar la hora para guardar los datos. Todos los datos pueden ser transmitidos a la PC y almacenados como fichero \/hoja.<\/li>\n<\/ul>\n","protected":false},"excerpt":{"rendered":"<p>El medidor de actividad del agua o tambi\u00e9n llamado \u201caw\u201d, se\u00f1ala el contenido de agua libre cuando el alimento es permanente , mide la oportunidad de proliferaci\u00f3n microbiana.<\/p>\n","protected":false},"featured_media":8303,"template":"","meta":[],"product_cat":[16],"product_tag":[],"class_list":["post-8302","product","type-product","status-publish","has-post-thumbnail","hentry","product_cat-uncategorized"],"_links":{"self":[{"href":"https:\/\/calibracion.com.mx\/tienda\/wp-json\/wp\/v2\/product\/8302","targetHints":{"allow":["GET"]}}],"collection":[{"href":"https:\/\/calibracion.com.mx\/tienda\/wp-json\/wp\/v2\/product"}],"about":[{"href":"https:\/\/calibracion.com.mx\/tienda\/wp-json\/wp\/v2\/types\/product"}],"wp:featuredmedia":[{"embeddable":true,"href":"https:\/\/calibracion.com.mx\/tienda\/wp-json\/wp\/v2\/media\/8303"}],"wp:attachment":[{"href":"https:\/\/calibracion.com.mx\/tienda\/wp-json\/wp\/v2\/media?parent=8302"}],"wp:term":[{"taxonomy":"product_cat","embeddable":true,"href":"https:\/\/calibracion.com.mx\/tienda\/wp-json\/wp\/v2\/product_cat?post=8302"},{"taxonomy":"product_tag","embeddable":true,"href":"https:\/\/calibracion.com.mx\/tienda\/wp-json\/wp\/v2\/product_tag?post=8302"}],"curies":[{"name":"wp","href":"https:\/\/api.w.org\/{rel}","templated":true}]}}