{"id":8311,"date":"2024-02-07T16:41:42","date_gmt":"2024-02-07T16:41:42","guid":{"rendered":"https:\/\/calibracion.com.mx\/tienda\/?post_type=product&#038;p=8311"},"modified":"2024-02-07T16:41:43","modified_gmt":"2024-02-07T16:41:43","slug":"medidor-de-humedad-en-piel-y-cuero-jl2000","status":"publish","type":"product","link":"https:\/\/calibracion.com.mx\/tienda\/medidor-de-humedad-en-piel-y-cuero-jl2000\/","title":{"rendered":"Medidor de Humedad en Piel y Cuero \u2013 JL2000"},"content":{"rendered":"<p>Un medidor de humedad puede ser un instrumento valioso para supervisar el contenido de humedad del cuero a fin de asegurar un resultado definitivo de calidad superior. Es el equipo sugerido para trabajos en curtidur\u00edas. No exponga la calidad de su producto, verifique el contenido de humedad con el medidor de humedad JL-2000 de cuero.<\/p>\n<ul>\n<li>Bater\u00eda: 1 pila alcalina de 9-V.<\/li>\n<li>Lectura de medici\u00f3n en una pantalla digital brillante.<\/li>\n<li>Funci\u00f3n incorporada de auto verificaci\u00f3n de medici\u00f3n.<\/li>\n<li>Dimensi\u00f3n Puntas de contacto: 5\/16\u201d.<\/li>\n<li>Puerto externo para el electrodo 4-E.<\/li>\n<li>Rango de Humedad:diez %-28% gama de la humedad.<\/li>\n<li>Peso: 10 oz.<\/li>\n<li>Promedia las ultimas cien lecturas.<\/li>\n<li>Tama\u00f1o:7 1\/2\u2033 x 3\u2033 x 13\/4\u2033.<\/li>\n<li>Registra hasta 100 lecturas.<\/li>\n<\/ul>\n","protected":false},"excerpt":{"rendered":"<p>El determinador de humedad en cuero modelo DH-JL2000 es un aparato que trabaja con un principio el\u00e9ctrico para medir la humedad contenida en materiales como el cuero y la piel. El contenido de humedad de puestos es un aspecto crucial a lo largo de todas las etapas del procesamiento de cuero.<\/p>\n","protected":false},"featured_media":8312,"template":"","meta":[],"product_cat":[16],"product_tag":[],"class_list":["post-8311","product","type-product","status-publish","has-post-thumbnail","hentry","product_cat-uncategorized"],"_links":{"self":[{"href":"https:\/\/calibracion.com.mx\/tienda\/wp-json\/wp\/v2\/product\/8311","targetHints":{"allow":["GET"]}}],"collection":[{"href":"https:\/\/calibracion.com.mx\/tienda\/wp-json\/wp\/v2\/product"}],"about":[{"href":"https:\/\/calibracion.com.mx\/tienda\/wp-json\/wp\/v2\/types\/product"}],"wp:featuredmedia":[{"embeddable":true,"href":"https:\/\/calibracion.com.mx\/tienda\/wp-json\/wp\/v2\/media\/8312"}],"wp:attachment":[{"href":"https:\/\/calibracion.com.mx\/tienda\/wp-json\/wp\/v2\/media?parent=8311"}],"wp:term":[{"taxonomy":"product_cat","embeddable":true,"href":"https:\/\/calibracion.com.mx\/tienda\/wp-json\/wp\/v2\/product_cat?post=8311"},{"taxonomy":"product_tag","embeddable":true,"href":"https:\/\/calibracion.com.mx\/tienda\/wp-json\/wp\/v2\/product_tag?post=8311"}],"curies":[{"name":"wp","href":"https:\/\/api.w.org\/{rel}","templated":true}]}}