{"id":8370,"date":"2024-02-07T20:56:48","date_gmt":"2024-02-07T20:56:48","guid":{"rendered":"https:\/\/calibracion.com.mx\/tienda\/?post_type=product&#038;p=8370"},"modified":"2024-02-07T20:56:49","modified_gmt":"2024-02-07T20:56:49","slug":"salinometro-de-bolsillo-easysalt","status":"publish","type":"product","link":"https:\/\/calibracion.com.mx\/tienda\/salinometro-de-bolsillo-easysalt\/","title":{"rendered":"Salin\u00f3metro de Bolsillo \u2013 EASYSALT"},"content":{"rendered":"<p>Mide de 0 a 100 % de salinidad diluyendo la exhibe en agua des ionizada en proporci\u00f3n diez :1 solo hay que multiplicar el resultado en pantalla por el factor de correcci\u00f3n \u201cdiez \u201d como se expone en la siguiente formula : Diluir 1 gm de exhibe en 10 gramos de Agua destilada y combinar. suponiendo que el resultado en la pantalla del aparato sea de 2.2% sal se aplica la pr\u00f3xima f\u00f3rmula.<\/p>\n<p>Salinidad (para muestras &gt;10 %) = (Resultado en pantalla) x (diez ) = (2.2% ) x (diez ) = 22% de salinidad en la mezcla.<\/p>\n","protected":false},"excerpt":{"rendered":"<p>Medidor de concentraci\u00f3n de sales en modelos en salmueras, art\u00edculos alimentarios (salsas, sopas, etc\u00e9tera .) Mide el contenido de sal de manera directa entre 0 y diez % de salinidad.<\/p>\n<p>&nbsp;<\/p>\n","protected":false},"featured_media":8371,"template":"","meta":[],"product_cat":[16],"product_tag":[],"class_list":["post-8370","product","type-product","status-publish","has-post-thumbnail","hentry","product_cat-uncategorized"],"_links":{"self":[{"href":"https:\/\/calibracion.com.mx\/tienda\/wp-json\/wp\/v2\/product\/8370","targetHints":{"allow":["GET"]}}],"collection":[{"href":"https:\/\/calibracion.com.mx\/tienda\/wp-json\/wp\/v2\/product"}],"about":[{"href":"https:\/\/calibracion.com.mx\/tienda\/wp-json\/wp\/v2\/types\/product"}],"wp:featuredmedia":[{"embeddable":true,"href":"https:\/\/calibracion.com.mx\/tienda\/wp-json\/wp\/v2\/media\/8371"}],"wp:attachment":[{"href":"https:\/\/calibracion.com.mx\/tienda\/wp-json\/wp\/v2\/media?parent=8370"}],"wp:term":[{"taxonomy":"product_cat","embeddable":true,"href":"https:\/\/calibracion.com.mx\/tienda\/wp-json\/wp\/v2\/product_cat?post=8370"},{"taxonomy":"product_tag","embeddable":true,"href":"https:\/\/calibracion.com.mx\/tienda\/wp-json\/wp\/v2\/product_tag?post=8370"}],"curies":[{"name":"wp","href":"https:\/\/api.w.org\/{rel}","templated":true}]}}