{"id":8374,"date":"2024-02-08T14:25:09","date_gmt":"2024-02-08T14:25:09","guid":{"rendered":"https:\/\/calibracion.com.mx\/tienda\/?post_type=product&#038;p=8374"},"modified":"2024-02-08T14:25:10","modified_gmt":"2024-02-08T14:25:10","slug":"positector-dew-point-meter","status":"publish","type":"product","link":"https:\/\/calibracion.com.mx\/tienda\/positector-dew-point-meter\/","title":{"rendered":"Positector Dew Point Meter"},"content":{"rendered":"<p>Perfecto para la preparaci\u00f3n de superficies seg\u00fan las reglas ISO 8502-4, BS 7079-B4, ASTM D3276, IMO PSPC, SSPC-PA7 y US Navy NSI 009-32.<\/p>\n","protected":false},"excerpt":{"rendered":"<p>Mide y registra las condiciones clim\u00e1ticas ingresando : Humedad relativa, temperatura del aire, temperatura de la superficie , temperatura del punto de roc\u00edo, velocidad del viento y diferencia entre las temperaturas de superficie y punto de roc\u00edo.<\/p>\n","protected":false},"featured_media":8375,"template":"","meta":[],"product_cat":[16],"product_tag":[],"class_list":["post-8374","product","type-product","status-publish","has-post-thumbnail","hentry","product_cat-uncategorized"],"_links":{"self":[{"href":"https:\/\/calibracion.com.mx\/tienda\/wp-json\/wp\/v2\/product\/8374","targetHints":{"allow":["GET"]}}],"collection":[{"href":"https:\/\/calibracion.com.mx\/tienda\/wp-json\/wp\/v2\/product"}],"about":[{"href":"https:\/\/calibracion.com.mx\/tienda\/wp-json\/wp\/v2\/types\/product"}],"wp:featuredmedia":[{"embeddable":true,"href":"https:\/\/calibracion.com.mx\/tienda\/wp-json\/wp\/v2\/media\/8375"}],"wp:attachment":[{"href":"https:\/\/calibracion.com.mx\/tienda\/wp-json\/wp\/v2\/media?parent=8374"}],"wp:term":[{"taxonomy":"product_cat","embeddable":true,"href":"https:\/\/calibracion.com.mx\/tienda\/wp-json\/wp\/v2\/product_cat?post=8374"},{"taxonomy":"product_tag","embeddable":true,"href":"https:\/\/calibracion.com.mx\/tienda\/wp-json\/wp\/v2\/product_tag?post=8374"}],"curies":[{"name":"wp","href":"https:\/\/api.w.org\/{rel}","templated":true}]}}