{"id":8376,"date":"2024-02-08T14:31:25","date_gmt":"2024-02-08T14:31:25","guid":{"rendered":"https:\/\/calibracion.com.mx\/tienda\/?post_type=product&#038;p=8376"},"modified":"2024-02-08T14:31:26","modified_gmt":"2024-02-08T14:31:26","slug":"sonda-dpm-con-sensor-ir-prbdpmir","status":"publish","type":"product","link":"https:\/\/calibracion.com.mx\/tienda\/sonda-dpm-con-sensor-ir-prbdpmir\/","title":{"rendered":"Sonda DPM Con Sensor IR \u2013 PRBDPMIR"},"content":{"rendered":"<div class=\"woocommerce-tabs wc-tabs-wrapper\">\n<div id=\"tab-description\" class=\"woocommerce-Tabs-panel woocommerce-Tabs-panel--description panel entry-content wc-tab\" role=\"tabpanel\" aria-labelledby=\"tab-title-description\">\n<p>Sonda DPM Con Sensor IR \u2013 PRBDPMIR.<\/p>\n<\/div>\n<\/div>\n","protected":false},"excerpt":{"rendered":"<p>Medidor de caracter\u00edsticas del ambiente. Mide y registra los par\u00e1metros ambientales de: temperatura de superficie , temperatura del aire, humedad relativa, punto de roc\u00edo, y diferencia entre temperatura de \u00e1rea y punto de roc\u00edo.<\/p>\n","protected":false},"featured_media":8377,"template":"","meta":[],"product_cat":[16],"product_tag":[],"class_list":["post-8376","product","type-product","status-publish","has-post-thumbnail","hentry","product_cat-uncategorized"],"_links":{"self":[{"href":"https:\/\/calibracion.com.mx\/tienda\/wp-json\/wp\/v2\/product\/8376","targetHints":{"allow":["GET"]}}],"collection":[{"href":"https:\/\/calibracion.com.mx\/tienda\/wp-json\/wp\/v2\/product"}],"about":[{"href":"https:\/\/calibracion.com.mx\/tienda\/wp-json\/wp\/v2\/types\/product"}],"wp:featuredmedia":[{"embeddable":true,"href":"https:\/\/calibracion.com.mx\/tienda\/wp-json\/wp\/v2\/media\/8377"}],"wp:attachment":[{"href":"https:\/\/calibracion.com.mx\/tienda\/wp-json\/wp\/v2\/media?parent=8376"}],"wp:term":[{"taxonomy":"product_cat","embeddable":true,"href":"https:\/\/calibracion.com.mx\/tienda\/wp-json\/wp\/v2\/product_cat?post=8376"},{"taxonomy":"product_tag","embeddable":true,"href":"https:\/\/calibracion.com.mx\/tienda\/wp-json\/wp\/v2\/product_tag?post=8376"}],"curies":[{"name":"wp","href":"https:\/\/api.w.org\/{rel}","templated":true}]}}