{"id":8403,"date":"2024-02-08T16:00:15","date_gmt":"2024-02-08T16:00:15","guid":{"rendered":"https:\/\/calibracion.com.mx\/tienda\/?post_type=product&#038;p=8403"},"modified":"2024-02-08T16:00:16","modified_gmt":"2024-02-08T16:00:16","slug":"positector-sst-medidor-de-sales-solubles-defelsko","status":"publish","type":"product","link":"https:\/\/calibracion.com.mx\/tienda\/positector-sst-medidor-de-sales-solubles-defelsko\/","title":{"rendered":"PosiTector SST, Medidor de Sales Solubles, DeFelsko"},"content":{"rendered":"<p>Simple Sonda de conductividad disenada particularmente para ISO 8502-6,9 Exhibe la duraci\u00f3n de la prueba, la temperatura de la exhibe , la conductividad (?S \/ cm) y la densidad superficial (mg \/ m2 o ?g \/ cm2) La interfaz de calibraci\u00f3n 1-2-3 simple gu\u00eda a los individuos a trav\u00e9s del m\u00e9todo de prueba Bresle Almacenamiento autom\u00e1tico de una medici\u00f3n de fondo (en blanco) \u2013 \u00fatil cuando se realizan m\u00faltiples pruebas Exacto Certificado de calibraci\u00f3n de largo per\u00edodo que exhibe la trazabilidad al NIST incluido Incluye est\u00e1ndar de conductividad certificado (soluci\u00f3n de calibraci\u00f3n ) para verificar la precisi\u00f3n de la sonda. Certificado incluido. Normalizaci\u00f3n autom\u00e1tica de la temperatura y notificaci\u00f3n de la temperatura de la exhibe Cumple con las reglas nacionales e internacionales , introduciendo ISO, NACE, SSPC, IMO y US Navy<\/p>\n","protected":false},"excerpt":{"rendered":"<p>El PosiTector SST Soluble Salt Tester mide la concentraci\u00f3n de sales solubles (poluci\u00f3n de sal) en superficies met\u00e1licas seg\u00fan ISO 8502-6, 8502-9.<\/p>\n","protected":false},"featured_media":8404,"template":"","meta":[],"product_cat":[16],"product_tag":[],"class_list":["post-8403","product","type-product","status-publish","has-post-thumbnail","hentry","product_cat-uncategorized"],"_links":{"self":[{"href":"https:\/\/calibracion.com.mx\/tienda\/wp-json\/wp\/v2\/product\/8403","targetHints":{"allow":["GET"]}}],"collection":[{"href":"https:\/\/calibracion.com.mx\/tienda\/wp-json\/wp\/v2\/product"}],"about":[{"href":"https:\/\/calibracion.com.mx\/tienda\/wp-json\/wp\/v2\/types\/product"}],"wp:featuredmedia":[{"embeddable":true,"href":"https:\/\/calibracion.com.mx\/tienda\/wp-json\/wp\/v2\/media\/8404"}],"wp:attachment":[{"href":"https:\/\/calibracion.com.mx\/tienda\/wp-json\/wp\/v2\/media?parent=8403"}],"wp:term":[{"taxonomy":"product_cat","embeddable":true,"href":"https:\/\/calibracion.com.mx\/tienda\/wp-json\/wp\/v2\/product_cat?post=8403"},{"taxonomy":"product_tag","embeddable":true,"href":"https:\/\/calibracion.com.mx\/tienda\/wp-json\/wp\/v2\/product_tag?post=8403"}],"curies":[{"name":"wp","href":"https:\/\/api.w.org\/{rel}","templated":true}]}}