{"id":8428,"date":"2024-02-08T17:31:10","date_gmt":"2024-02-08T17:31:10","guid":{"rendered":"https:\/\/calibracion.com.mx\/tienda\/?post_type=product&#038;p=8428"},"modified":"2024-02-08T17:35:29","modified_gmt":"2024-02-08T17:35:29","slug":"probador-lan-46","status":"publish","type":"product","link":"https:\/\/calibracion.com.mx\/tienda\/probador-lan-46\/","title":{"rendered":"Probador LAN -46"},"content":{"rendered":"<h5><strong><span style=\"font-size: 13.28px;\">Caracter\u00edsticas<\/span>\u00a0principales :<\/strong><\/h5>\n<ul>\n<li>Verifica la conectividad por conector EIA\/TIA 568 cableado est\u00e1ndar.<\/li>\n<li>Bater\u00eda baja, Apagado autom\u00e1tico, extendida vida de la bater\u00eda (60 horas continuas).<\/li>\n<li>Descubre inconvenientes de cableado: Aperturas, cortos, mal cableado (Cruzado, Reversado, Par separado).<\/li>\n<li>Encuentra errores de conexi\u00f3n en cableado (distancia de la apertura o cerradura).<\/li>\n<\/ul>\n","protected":false},"excerpt":{"rendered":"<h5><span style=\"font-size: 13.28px;\">Caracter\u00edsticas<\/span><strong>\u00a0principales :<\/strong><\/h5>\n<ul>\n<li>Mide la longitud del cable. Simple uso : Un solo bot\u00f3n para escoger la prueba y l\u00edneas de caracteres en pantalla.<\/li>\n<li>Prueba: UTP. FTP. Cables coaxiales, 2 , tres, o cuatro pares de cables de par trenzado y prueba cualquier categor\u00eda de cables UTP y hardware.<\/li>\n<\/ul>\n","protected":false},"featured_media":8429,"template":"","meta":[],"product_cat":[16],"product_tag":[],"class_list":["post-8428","product","type-product","status-publish","has-post-thumbnail","hentry","product_cat-uncategorized"],"_links":{"self":[{"href":"https:\/\/calibracion.com.mx\/tienda\/wp-json\/wp\/v2\/product\/8428","targetHints":{"allow":["GET"]}}],"collection":[{"href":"https:\/\/calibracion.com.mx\/tienda\/wp-json\/wp\/v2\/product"}],"about":[{"href":"https:\/\/calibracion.com.mx\/tienda\/wp-json\/wp\/v2\/types\/product"}],"wp:featuredmedia":[{"embeddable":true,"href":"https:\/\/calibracion.com.mx\/tienda\/wp-json\/wp\/v2\/media\/8429"}],"wp:attachment":[{"href":"https:\/\/calibracion.com.mx\/tienda\/wp-json\/wp\/v2\/media?parent=8428"}],"wp:term":[{"taxonomy":"product_cat","embeddable":true,"href":"https:\/\/calibracion.com.mx\/tienda\/wp-json\/wp\/v2\/product_cat?post=8428"},{"taxonomy":"product_tag","embeddable":true,"href":"https:\/\/calibracion.com.mx\/tienda\/wp-json\/wp\/v2\/product_tag?post=8428"}],"curies":[{"name":"wp","href":"https:\/\/api.w.org\/{rel}","templated":true}]}}