{"id":8469,"date":"2024-02-09T14:31:05","date_gmt":"2024-02-09T14:31:05","guid":{"rendered":"https:\/\/calibracion.com.mx\/tienda\/?post_type=product&#038;p=8469"},"modified":"2024-02-09T14:31:06","modified_gmt":"2024-02-09T14:31:06","slug":"rugosimetro-digital-gr110","status":"publish","type":"product","link":"https:\/\/calibracion.com.mx\/tienda\/rugosimetro-digital-gr110\/","title":{"rendered":"Rugos\u00edmetro Digital \u2013 GR110"},"content":{"rendered":"<p>Tiene un display LCD org\u00e1nica de prominente brillo donde pueden visualizarse precisamente los causantes y los desenlaces de medici\u00f3n. Es extensamente usado en el ubicaci\u00f3n de producci\u00f3n para medir la rugosidad superficial de piezas sometidas a desarrollo de maquinado , calcula la rugosidad pertinente y exhibe los par\u00e1metros de medici\u00f3n en su pantalla. Se apega a los requerimientos de medici\u00f3n de los est\u00e1ndares internacionales ISO4287 y ANSI 1461.<\/p>\n<h5><strong>Informaciones :<\/strong><\/h5>\n<ul>\n<li>Precisi\u00f3n:+\/- 15% o mejor.<\/li>\n<li>Rango de medici\u00f3n de la sonda:+\/- 80 ?m.<\/li>\n<li>Fuente de poder:Pila recargable de Ion Litio.<\/li>\n<li>Angulo: 90 \u2013 diez \u00b0+ 5\u00b0 Fuerza est\u00e1tica.<\/li>\n<li>Peso:200g.<\/li>\n<li>Par\u00e1metros en medici\u00f3n (\u00b5m): Ra Rz Rq Rt.<\/li>\n<li>Repetitividad:+\/- 12%.<\/li>\n<li>Valor de fuerza est\u00e1tica: \u22640016N.<\/li>\n<li>Fuerza de medici\u00f3n: \u2264 800N\/m.<\/li>\n<li>Longitud de Evaluaci\u00f3n (mm): 1.25, 40.<\/li>\n<li>Resoluci\u00f3n:rango bajo: 0.01 ?m \/ rango prominente : 1 ?m.<\/li>\n<li>Variaci\u00f3n en Indicaci\u00f3n: &lt; 12 %.<\/li>\n<li>Radio del Arco de la Punta: 10 \u00b5 M \u00b11 \u00b5m.<\/li>\n<li>Dimensiones:106 x 70 x 24 mm.<\/li>\n<li>Recorridos del sensor:0.25 mm, 0.8 mm, 2.5 mm.<\/li>\n<li>Longitud del Barrido (mm): 6.<\/li>\n<li>Longitud de Muestreo (mm): 0.25, 0.80, 250.<\/li>\n<li>Rango de medici\u00f3n (\u00b5m): Ra: 0.05 ~ 10 .0 Rz: 0.diez ~ 50.0 Error de Indicaci\u00f3n: \u00b115 %.<\/li>\n<\/ul>\n","protected":false},"excerpt":{"rendered":"<p>El rugos\u00edmetro port\u00e1til modelo GL-GR110 es un aparato correspondiente para empleo de forma directa en la l\u00ednea de producci\u00f3n y puede usarse para medir la rugosidad superficial de una pluralidad de piezas maquinadas, calcula diferentes componentes de rugosidad conforme a las configuraciones de medici\u00f3n escogidas.<\/p>\n","protected":false},"featured_media":8470,"template":"","meta":[],"product_cat":[16],"product_tag":[],"class_list":["post-8469","product","type-product","status-publish","has-post-thumbnail","hentry","product_cat-uncategorized"],"_links":{"self":[{"href":"https:\/\/calibracion.com.mx\/tienda\/wp-json\/wp\/v2\/product\/8469","targetHints":{"allow":["GET"]}}],"collection":[{"href":"https:\/\/calibracion.com.mx\/tienda\/wp-json\/wp\/v2\/product"}],"about":[{"href":"https:\/\/calibracion.com.mx\/tienda\/wp-json\/wp\/v2\/types\/product"}],"wp:featuredmedia":[{"embeddable":true,"href":"https:\/\/calibracion.com.mx\/tienda\/wp-json\/wp\/v2\/media\/8470"}],"wp:attachment":[{"href":"https:\/\/calibracion.com.mx\/tienda\/wp-json\/wp\/v2\/media?parent=8469"}],"wp:term":[{"taxonomy":"product_cat","embeddable":true,"href":"https:\/\/calibracion.com.mx\/tienda\/wp-json\/wp\/v2\/product_cat?post=8469"},{"taxonomy":"product_tag","embeddable":true,"href":"https:\/\/calibracion.com.mx\/tienda\/wp-json\/wp\/v2\/product_tag?post=8469"}],"curies":[{"name":"wp","href":"https:\/\/api.w.org\/{rel}","templated":true}]}}