{"id":8471,"date":"2024-02-09T14:41:11","date_gmt":"2024-02-09T14:41:11","guid":{"rendered":"https:\/\/calibracion.com.mx\/tienda\/?post_type=product&#038;p=8471"},"modified":"2024-02-09T14:41:13","modified_gmt":"2024-02-09T14:41:13","slug":"rugosimetro-digital-blue-tooth-gr270bt","status":"publish","type":"product","link":"https:\/\/calibracion.com.mx\/tienda\/rugosimetro-digital-blue-tooth-gr270bt\/","title":{"rendered":"Rugos\u00edmetro Digital Blue Tooth \u2013 GR270BT"},"content":{"rendered":"<p>Certificado de medici\u00f3n emitido por nuestro laboratorio de medici\u00f3n acreditado bajo la norma ISO\/IEC17025 disponible bajo pedido. Solicitud nuestro aparato de ventas<\/p>\n<p>El rugos\u00edmetro port\u00e1til modelo GL-GR270BT es el equipo aadecuado para empleo directamente en la l\u00ednea de producci\u00f3n y puede usarse para medir la rugosidad superficial de una variedad de piezas maquinadas, calcula distintos causantes de rugosidad conforme a las configuraciones de medici\u00f3n seleccionadas.<\/p>\n<p>Tiene una pantalla LCD donde tienen la posibilidad de visualizarse exactamente los factores de rugosidad y los resultados de la medici\u00f3n.<\/p>\n<p>Es extensamente empleado en el ubicaci\u00f3n de producci\u00f3n para medir la rugosidad superficial de una pluralidad de piezas procesadas por urdido que no tienen la posibilidad de ser transportadas o introducidas en el laboratorio de metrolog\u00eda. Se apega a los requerimientos de medici\u00f3n de los est\u00e1ndares de todo el mundo GB T6062, ISO 4287, DIN 4768, JIS B y ANSI 1461.<\/p>\n","protected":false},"excerpt":{"rendered":"<p>El aparato incluye una interfaz de trabajo Bluetooth inal\u00e1mbrica para transferencia de datos a una PC, un (1) desarmador para ajuste, accesorio para nivelaci\u00f3n, protector del sensor, estuche de transporte, bloque de verificaci\u00f3n y manual de operaci\u00f3n.<\/p>\n","protected":false},"featured_media":8472,"template":"","meta":[],"product_cat":[16],"product_tag":[],"class_list":["post-8471","product","type-product","status-publish","has-post-thumbnail","hentry","product_cat-uncategorized"],"_links":{"self":[{"href":"https:\/\/calibracion.com.mx\/tienda\/wp-json\/wp\/v2\/product\/8471","targetHints":{"allow":["GET"]}}],"collection":[{"href":"https:\/\/calibracion.com.mx\/tienda\/wp-json\/wp\/v2\/product"}],"about":[{"href":"https:\/\/calibracion.com.mx\/tienda\/wp-json\/wp\/v2\/types\/product"}],"wp:featuredmedia":[{"embeddable":true,"href":"https:\/\/calibracion.com.mx\/tienda\/wp-json\/wp\/v2\/media\/8472"}],"wp:attachment":[{"href":"https:\/\/calibracion.com.mx\/tienda\/wp-json\/wp\/v2\/media?parent=8471"}],"wp:term":[{"taxonomy":"product_cat","embeddable":true,"href":"https:\/\/calibracion.com.mx\/tienda\/wp-json\/wp\/v2\/product_cat?post=8471"},{"taxonomy":"product_tag","embeddable":true,"href":"https:\/\/calibracion.com.mx\/tienda\/wp-json\/wp\/v2\/product_tag?post=8471"}],"curies":[{"name":"wp","href":"https:\/\/api.w.org\/{rel}","templated":true}]}}