{"id":8473,"date":"2024-02-09T14:51:16","date_gmt":"2024-02-09T14:51:16","guid":{"rendered":"https:\/\/calibracion.com.mx\/tienda\/?post_type=product&#038;p=8473"},"modified":"2024-02-09T14:55:04","modified_gmt":"2024-02-09T14:55:04","slug":"rugosimetro-digital-gr260","status":"publish","type":"product","link":"https:\/\/calibracion.com.mx\/tienda\/rugosimetro-digital-gr260\/","title":{"rendered":"Rugos\u00edmetro Digital-GR260"},"content":{"rendered":"<p>Es extensamente empleado en el sitio de producci\u00f3n para medir la rugosidad superficial de una variedad de piezas procesadas por tramado que no tienen la posibilidad de ser transportadas o introducidas en el laboratorio de metrolog\u00eda. Se apega a los requerimientos de medici\u00f3n de los est\u00e1ndares internacionales GB T6062, ISO 4287, DIN 4768, JIS B y ANSI 1461.<\/p>\n<p>El aparato incluye un desarmador para ajuste, accesorio para nivelaci\u00f3n, asegurador del sensor, estuche de transporte, bloque de verificaci\u00f3n y manual de operaci\u00f3n. Certificado de medici\u00f3n emitido por nuestro laboratorio de calibraci\u00f3n acreditado bajo la norma ISO\/IEC17025 libre bajo pedido. Solicitud nuestro equipo de ventas.<\/p>\n<h5><strong>Par\u00e1metros:<\/strong><\/h5>\n<div class=\"scrollable-wrapper\">\n<table border=\"1\" width=\"549\">\n<tbody>\n<tr>\n<td width=\"161\">Ra: Rugosidad media aritm\u00e9tica<\/td>\n<td width=\"312\">Cuando sea necesario el control de la rugosidad en forma continua en las l\u00edneas de producci\u00f3n, debido \u2028a la facilidad de obtenci\u00f3n del resultado. \u2028Es el par\u00e1metro m\u00e1s utilizado en todo el mundo.<\/td>\n<\/tr>\n<tr>\n<td width=\"161\">Rz: Rugosidad media<\/td>\n<td width=\"312\">Por ejemplo, superficies de apoyo de deslizamiento, ajustes prensados, etc. \u2028En superficies donde el perfil es peri\u00f3dico y conocido.<\/td>\n<\/tr>\n<tr>\n<td width=\"161\">Rq: rugosidad Media cuadr\u00e1tica<\/td>\n<td width=\"312\">Superficies donde el acabado presenta los surcos bien orientados (torneado, fresado, etc.) Superficies donde Ra presenta poca resoluci\u00f3n<\/td>\n<\/tr>\n<tr>\n<td width=\"161\">Rt: Profundidad total de la rugosidad<\/td>\n<td width=\"312\">Considera la longitud de medici\u00f3n igual a la longitud de palpado del equipo. Es m\u00e1s r\u00edgido en la evaluaci\u00f3n que Rm\u00e1x, pues considera toda la longitud de evaluaci\u00f3n (carrera del \u2028palpador) y no como el caso de Rm\u00e1x que desprecia un trecho al comienzo y al fin de la carrera de \u2028medici\u00f3n.<\/td>\n<\/tr>\n<\/tbody>\n<\/table>\n<\/div>\n<p>&nbsp;<\/p>\n<div class=\"scrollable-wrapper\">\n<table border=\"1\">\n<tbody>\n<tr>\n<td width=\"150\"><strong>Rango<\/strong><\/td>\n<td width=\"150\"><strong>Sistema M\u00e9trico<\/strong><\/td>\n<td width=\"150\"><strong>Sistema Ingl\u00e9s<\/strong><\/td>\n<\/tr>\n<tr>\n<td width=\"150\">Ra<\/td>\n<td width=\"150\">0.005 a 16 \u03bcm<\/td>\n<td width=\"150\">0.020 a 629.9 \u03bcinch<\/td>\n<\/tr>\n<tr>\n<td width=\"150\">Rq<\/td>\n<td width=\"150\">0.005 a 16 \u03bcm<\/td>\n<td width=\"150\">0.020 a 629.9 \u03bcinch<\/td>\n<\/tr>\n<tr>\n<td width=\"150\">Rz<\/td>\n<td width=\"150\">0.020 a 160 \u03bcm<\/td>\n<td width=\"150\">0.780 a 6299 \u03bcinch<\/td>\n<\/tr>\n<tr>\n<td width=\"150\">Rt<\/td>\n<td width=\"150\">0.020 a 160 \u03bcm<\/td>\n<td width=\"150\">0.780 a 6299 \u03bcinch<\/td>\n<\/tr>\n<\/tbody>\n<\/table>\n<\/div>\n<p>&nbsp;<\/p>\n<h5><strong>Especificaciones T\u00e9cnicas:<\/strong><\/h5>\n<div class=\"scrollable-wrapper\">\n<table border=\"1\">\n<tbody>\n<tr>\n<td width=\"224\">\u00a0Precisi\u00f3n<\/td>\n<td width=\"224\">\u2264 +\/-10%<\/td>\n<\/tr>\n<tr>\n<td width=\"224\">Repetitividad:<\/td>\n<td width=\"224\">+\/- 6%<\/td>\n<\/tr>\n<tr>\n<td width=\"224\">Resoluci\u00f3n:<\/td>\n<td width=\"224\">&lt; 10 micras: 0.001 \u03bcm<\/p>\n<p>10 a 100 micras: 0.01 \u03bcm<\/p>\n<p>&gt;100 Micras: 0.1 \u03bcm<\/td>\n<\/tr>\n<tr>\n<td width=\"224\">Recorridos del sensor:<\/td>\n<td width=\"224\">\u00a00.25 mm, 0.8 mm, 2.5 mm<\/td>\n<\/tr>\n<tr>\n<td width=\"224\">Filtros digitales:<\/td>\n<td width=\"224\">RC, PC-RC, Gauss, D-P<\/td>\n<\/tr>\n<tr>\n<td width=\"224\">Dimensiones:<\/td>\n<td width=\"224\">106 x 70 x 24 mm<\/td>\n<\/tr>\n<tr>\n<td width=\"224\">Peso:<\/td>\n<td width=\"224\">200g<\/td>\n<\/tr>\n<tr>\n<td width=\"224\">Fuente de poder<\/td>\n<td width=\"224\">Pila recargable de Ion Litio<\/td>\n<\/tr>\n<\/tbody>\n<\/table>\n<\/div>\n","protected":false},"excerpt":{"rendered":"<p>El rugos\u00edmetro port\u00e1til modelo GR260 es un aparato pertinente para uso directamente en la l\u00ednea de producci\u00f3n y puede usarse para medir la rugosidad superficial de una pluralidad de piezas maquinadas, calcula distintos factores de rugosidad de conformidad con las configuraciones de medici\u00f3n escogidas.<\/p>\n","protected":false},"featured_media":8474,"template":"","meta":[],"product_cat":[16],"product_tag":[],"class_list":["post-8473","product","type-product","status-publish","has-post-thumbnail","hentry","product_cat-uncategorized"],"_links":{"self":[{"href":"https:\/\/calibracion.com.mx\/tienda\/wp-json\/wp\/v2\/product\/8473","targetHints":{"allow":["GET"]}}],"collection":[{"href":"https:\/\/calibracion.com.mx\/tienda\/wp-json\/wp\/v2\/product"}],"about":[{"href":"https:\/\/calibracion.com.mx\/tienda\/wp-json\/wp\/v2\/types\/product"}],"wp:featuredmedia":[{"embeddable":true,"href":"https:\/\/calibracion.com.mx\/tienda\/wp-json\/wp\/v2\/media\/8474"}],"wp:attachment":[{"href":"https:\/\/calibracion.com.mx\/tienda\/wp-json\/wp\/v2\/media?parent=8473"}],"wp:term":[{"taxonomy":"product_cat","embeddable":true,"href":"https:\/\/calibracion.com.mx\/tienda\/wp-json\/wp\/v2\/product_cat?post=8473"},{"taxonomy":"product_tag","embeddable":true,"href":"https:\/\/calibracion.com.mx\/tienda\/wp-json\/wp\/v2\/product_tag?post=8473"}],"curies":[{"name":"wp","href":"https:\/\/api.w.org\/{rel}","templated":true}]}}