{"id":8476,"date":"2024-02-09T15:00:07","date_gmt":"2024-02-09T15:00:07","guid":{"rendered":"https:\/\/calibracion.com.mx\/tienda\/?post_type=product&#038;p=8476"},"modified":"2024-02-09T15:00:08","modified_gmt":"2024-02-09T15:00:08","slug":"retrorreflectometro-para-lineas-de-pavimento-carreteras-norma-en-1436-y-astm-e-1710-tbt","status":"publish","type":"product","link":"https:\/\/calibracion.com.mx\/tienda\/retrorreflectometro-para-lineas-de-pavimento-carreteras-norma-en-1436-y-astm-e-1710-tbt\/","title":{"rendered":"Retrorreflect\u00f3metro para lineas de pavimento-carreteras, Norma EN 1436 y ASTM E 1710, TBT"},"content":{"rendered":"<ul>\n<li>Norma de EN 1436 y ASTM E 1710.<\/li>\n<li>Este instrumento es para emular la luz de las fabricantes viales que puede ser visto por el conductor bajo la iluminaci\u00f3n del motor, veh\u00edculos por la noche , y el factor medido es el coeficiente de brillo de retrorrefecci\u00f3n durante la noche , a entender , valor RL.<\/li>\n<\/ul>\n","protected":false},"excerpt":{"rendered":"<h5><strong>Especificaciones :<\/strong><\/h5>\n<ul>\n<li>El retrorreflect\u00f3metro de senalizaci\u00f3n vial TBTRMR-1 es un instrumento de medici\u00f3n, utilizado para medir la retrorreflexi\u00f3n caracter\u00edstica de la senalizaci\u00f3n vial.<\/li>\n<li>Retrorreflect\u00f3metro TBTRMR-1 para fabricantes viales<\/li>\n<\/ul>\n","protected":false},"featured_media":8477,"template":"","meta":[],"product_cat":[16],"product_tag":[],"class_list":["post-8476","product","type-product","status-publish","has-post-thumbnail","hentry","product_cat-uncategorized"],"_links":{"self":[{"href":"https:\/\/calibracion.com.mx\/tienda\/wp-json\/wp\/v2\/product\/8476","targetHints":{"allow":["GET"]}}],"collection":[{"href":"https:\/\/calibracion.com.mx\/tienda\/wp-json\/wp\/v2\/product"}],"about":[{"href":"https:\/\/calibracion.com.mx\/tienda\/wp-json\/wp\/v2\/types\/product"}],"wp:featuredmedia":[{"embeddable":true,"href":"https:\/\/calibracion.com.mx\/tienda\/wp-json\/wp\/v2\/media\/8477"}],"wp:attachment":[{"href":"https:\/\/calibracion.com.mx\/tienda\/wp-json\/wp\/v2\/media?parent=8476"}],"wp:term":[{"taxonomy":"product_cat","embeddable":true,"href":"https:\/\/calibracion.com.mx\/tienda\/wp-json\/wp\/v2\/product_cat?post=8476"},{"taxonomy":"product_tag","embeddable":true,"href":"https:\/\/calibracion.com.mx\/tienda\/wp-json\/wp\/v2\/product_tag?post=8476"}],"curies":[{"name":"wp","href":"https:\/\/api.w.org\/{rel}","templated":true}]}}