{"id":8480,"date":"2024-02-09T15:22:45","date_gmt":"2024-02-09T15:22:45","guid":{"rendered":"https:\/\/calibracion.com.mx\/tienda\/?post_type=product&#038;p=8480"},"modified":"2024-02-09T15:22:47","modified_gmt":"2024-02-09T15:22:47","slug":"retroreflectometro-para-senales-de-trafico-tbttsr1","status":"publish","type":"product","link":"https:\/\/calibracion.com.mx\/tienda\/retroreflectometro-para-senales-de-trafico-tbttsr1\/","title":{"rendered":"Retroreflect\u00f3metro para senales de tr\u00e1fico \u2013 TBTTSR1"},"content":{"rendered":"<h5><strong>Primordiales especificaciones t\u00e9cnicas:<\/strong><\/h5>\n<ul>\n<li>Sistema de entrada: escritura a mano o mediante teclado virtual.<\/li>\n<li>Sistema de medici\u00f3n \u00f3ptica adelantado.<\/li>\n<li>Se pueden preestablecer los par\u00e1metros , la fecha, la hora, el lugar de prueba y otra informaci\u00f3n del sistema.<\/li>\n<li>Gesti\u00f3n inteligente en espera. Apague el sistema de visualizaci\u00f3n en el momento en que deje de operar eldetector.<\/li>\n<li>Admite el almacenaje de datos de la tarjeta SD 8G y acepta el almacenamiento de datos en formato Excel, y los datos se pueden exportar a la computadora a trav\u00e9s del disco U;<\/li>\n<li>Acepta almacenar m\u00e1s de 99,999 informaci\u00f3n de datos de prueba, incluidos datos de medici\u00f3n, operador, informaci\u00f3n de la secci\u00f3n de la carretera y tiempo de prueba, etc.<\/li>\n<li>Baja iluminaci\u00f3n y alta sensibilidad.<\/li>\n<li>Restablezca y ajuste el est\u00e1ndar de medici\u00f3n de forma autom\u00e1tica.<\/li>\n<li>Pantalla LCD de alto brillo para mostrar los datos medidos.<\/li>\n<li>Verificaci\u00f3n autom\u00e1tica del cero y est\u00e1ndar de medici\u00f3n de calibraci\u00f3n.<\/li>\n<\/ul>\n","protected":false},"excerpt":{"rendered":"<p>El Retrorreflect\u00f3metro es un instrumento de medici\u00f3n de precisi\u00f3n port\u00e1til, a bater\u00eda recargable, para la determinaci\u00f3n de la visibilidad nocturna (coeficiente de retrorreflexi\u00f3n RA y R \u2019) de se\u00f1ales de tr\u00e1fico y prendas de seguridad, con un desempe\u00f1o bastante bueno; ASTM 1709? M\u00e9todo de prueba para la medici\u00f3n de se\u00f1ales retrorreflectantes?<\/p>\n<p>&nbsp;<\/p>\n","protected":false},"featured_media":8481,"template":"","meta":[],"product_cat":[16],"product_tag":[],"class_list":["post-8480","product","type-product","status-publish","has-post-thumbnail","hentry","product_cat-uncategorized"],"_links":{"self":[{"href":"https:\/\/calibracion.com.mx\/tienda\/wp-json\/wp\/v2\/product\/8480","targetHints":{"allow":["GET"]}}],"collection":[{"href":"https:\/\/calibracion.com.mx\/tienda\/wp-json\/wp\/v2\/product"}],"about":[{"href":"https:\/\/calibracion.com.mx\/tienda\/wp-json\/wp\/v2\/types\/product"}],"wp:featuredmedia":[{"embeddable":true,"href":"https:\/\/calibracion.com.mx\/tienda\/wp-json\/wp\/v2\/media\/8481"}],"wp:attachment":[{"href":"https:\/\/calibracion.com.mx\/tienda\/wp-json\/wp\/v2\/media?parent=8480"}],"wp:term":[{"taxonomy":"product_cat","embeddable":true,"href":"https:\/\/calibracion.com.mx\/tienda\/wp-json\/wp\/v2\/product_cat?post=8480"},{"taxonomy":"product_tag","embeddable":true,"href":"https:\/\/calibracion.com.mx\/tienda\/wp-json\/wp\/v2\/product_tag?post=8480"}],"curies":[{"name":"wp","href":"https:\/\/api.w.org\/{rel}","templated":true}]}}