{"id":8497,"date":"2024-02-09T16:22:08","date_gmt":"2024-02-09T16:22:08","guid":{"rendered":"https:\/\/calibracion.com.mx\/tienda\/?post_type=product&#038;p=8497"},"modified":"2024-02-09T16:22:09","modified_gmt":"2024-02-09T16:22:09","slug":"fototacometro-mas-estroboscopio-dt2259","status":"publish","type":"product","link":"https:\/\/calibracion.com.mx\/tienda\/fototacometro-mas-estroboscopio-dt2259\/","title":{"rendered":"Fototac\u00f3metro m\u00e1s Estroboscopio \u2013 DT2259"},"content":{"rendered":"<h5><b>CARACTER\u00cdSTICAS:<\/b><\/h5>\n<ul>\n<li>Moderno y s\u00f3lido dise\u00f1o, luz naranja de alta visibilidad, de larga vida y casi libre de cuidado.<\/li>\n<li>Perfecto para inspeccionar o medir la velocidad de aparato en movimiento, abanicos, centrifugados, bombas, motores u otros equipos empleados en el cuidado industrial general, producci\u00f3n, control de calidad, laboratorios, as\u00ed como en academias y institutos para demostraci\u00f3n del empleo de estrobos.<\/li>\n<li>Resoluci\u00f3n para el valor medido &lt; 1000 RPM.<\/li>\n<li>Un solo instrumento incluye dos funcionalidades de \u201cFototac\u00f3metro Digital\u201d y \u201cEstroboscopio Digital\u201d.<\/li>\n<li>Fotograf\u00eda -tac\u00f3metro Digital Medidor de RPM\u00b4s sin contacto, alto rango de medici\u00f3n desde 0.5 RPM a cien ,000 RPM 0.1 RPM.<\/li>\n<li>El \u00faltimo valor m\u00e1x., valor, min., valor, puede ser guardado en la memoria de forma autom\u00e1tica y puede ser llamado presionando el \u201cBot\u00f3n de llamado de Memorias\u201d.<\/li>\n<li>Pantalla digital de alta efectividad.<\/li>\n<li>Dise\u00f1o de circuito Microprocesador capaz , alta efectividad , extenso rango, lectura digital.<\/li>\n<\/ul>\n","protected":false},"excerpt":{"rendered":"<h5><strong>CARACTER\u00cdSTICAS:<\/strong><\/h5>\n<ul>\n<li>La Pantalla LCD visual de gran tama\u00f1o muestra una lectura precisa sin especulaciones ni errores.<\/li>\n<li>Estroboscopio Digital: Gran capacidad de ajuste desde 100 RPM a cien ,000 RPM.<\/li>\n<\/ul>\n","protected":false},"featured_media":8498,"template":"","meta":[],"product_cat":[16],"product_tag":[],"class_list":["post-8497","product","type-product","status-publish","has-post-thumbnail","hentry","product_cat-uncategorized"],"_links":{"self":[{"href":"https:\/\/calibracion.com.mx\/tienda\/wp-json\/wp\/v2\/product\/8497","targetHints":{"allow":["GET"]}}],"collection":[{"href":"https:\/\/calibracion.com.mx\/tienda\/wp-json\/wp\/v2\/product"}],"about":[{"href":"https:\/\/calibracion.com.mx\/tienda\/wp-json\/wp\/v2\/types\/product"}],"wp:featuredmedia":[{"embeddable":true,"href":"https:\/\/calibracion.com.mx\/tienda\/wp-json\/wp\/v2\/media\/8498"}],"wp:attachment":[{"href":"https:\/\/calibracion.com.mx\/tienda\/wp-json\/wp\/v2\/media?parent=8497"}],"wp:term":[{"taxonomy":"product_cat","embeddable":true,"href":"https:\/\/calibracion.com.mx\/tienda\/wp-json\/wp\/v2\/product_cat?post=8497"},{"taxonomy":"product_tag","embeddable":true,"href":"https:\/\/calibracion.com.mx\/tienda\/wp-json\/wp\/v2\/product_tag?post=8497"}],"curies":[{"name":"wp","href":"https:\/\/api.w.org\/{rel}","templated":true}]}}