{"id":8528,"date":"2024-02-09T18:00:36","date_gmt":"2024-02-09T18:00:36","guid":{"rendered":"https:\/\/calibracion.com.mx\/tienda\/?post_type=product&#038;p=8528"},"modified":"2024-02-09T18:00:37","modified_gmt":"2024-02-09T18:00:37","slug":"positest-otl-kit-xt-defelsko-b462otlkit-xt","status":"publish","type":"product","link":"https:\/\/calibracion.com.mx\/tienda\/positest-otl-kit-xt-defelsko-b462otlkit-xt\/","title":{"rendered":"PosiTest OTL Kit \u2013 XT, DeFelsko B462OTLKIT \u2013 XT"},"content":{"rendered":"<ul>\n<li>6 puertos de termopar tipo K (canales).<\/li>\n<li>Mide y registra hasta 40.000 conjuntos de datos (240.000 lecturas) en 6 lotes independientes.<\/li>\n<li>Gran variedad de sondas libres con cables trenzados de acero inoxidable de 18, 3,6 o 6 m (6\u2032, 12\u2032 o 20\u2032) (se venden separadamente ).<\/li>\n<li>Descargue, visualice y analice los datos de los lotes mediante el software PosiSoft Desktop. Exportaci\u00f3n de archivos .CSV para hacer m\u00e1s simple la importaci\u00f3n en hojas de c\u00e1lculo.<\/li>\n<\/ul>\n<h5><strong>F\u00e1cil:<\/strong><\/h5>\n<ul>\n<li>Plataforma de trabajo simple y simple de usar.<\/li>\n<li>Descargue, visualice y analice los datos de los lotes mediante el software PosiSoft Desktop. Exportaci\u00f3n de ficheros .CSV para hacer m\u00e1s simple la importaci\u00f3n en hojas de c\u00e1lculo.<\/li>\n<li>Se incluye un certificado de medici\u00f3n que exhibe la trazabilidad con el NIST.<\/li>\n<li>Los LEDs refulgentes indican el estado del registrador de un vistazo.<\/li>\n<li>6 puertos de termopar tipo K (canales).<\/li>\n<li>Registra las mediciones cada 2 segundos durante un m\u00e1ximo de 22 horas de grabaci\u00f3n.<\/li>\n<li>Caja de barrera de acero inoxidable para elevadas temperaturas con aislamiento de fibra de vidrio para largos tiempos de funcionamiento a elevadas temperaturas. No tiene dentro silicona.<\/li>\n<li>Mide y registra hasta 40.000 conjuntos de datos (240.000 lecturas) en 6 lotes independientes.<\/li>\n<\/ul>\n<h5>Especificaciones :<br \/>\nCanales:<\/h5>\n<ul>\n<li>6 termopares de tipo K sin conexi\u00f3n a tierra.<\/li>\n<\/ul>\n<h5><strong>Rango de medici\u00f3n del termopar:<\/strong><\/h5>\n<ul>\n<li>148 a 1832\u00b0F.<\/li>\n<li>100 a 1000\u00b0C.<\/li>\n<\/ul>\n<h5><strong>Rango de temperatura de desempe\u00f1o del registrador<\/strong><br \/>\n<strong>PosiTest OTL sin soporte ni caja de barrera:<\/strong><\/h5>\n<ul>\n<li>32 a 158\u00b0 F.<\/li>\n<li>De 0 a 70\u00b0 C.<\/li>\n<\/ul>\n<h5>\n<strong>Precisi\u00f3n del registrador:<\/strong><\/h5>\n<ul>\n<li>\u00b10.9\u00b0 F.<\/li>\n<li>\u00b10.5\u00b0 C.<\/li>\n<\/ul>\n<h5><strong>Resoluci\u00f3n:<\/strong><\/h5>\n<ul>\n<li>Fuente de energ\u00eda.<\/li>\n<li>30 horas (tiempo de grabaci\u00f3n).<\/li>\n<li>Memoria.<\/li>\n<li>1\u00b0 F.<\/li>\n<li>El tiempo m\u00e1ximo de grabaci\u00f3n es de 22 horas.<\/li>\n<li>1\u00b0 C.<\/li>\n<li>Duraci\u00f3n de la bater\u00eda.<\/li>\n<li>000 conjuntos de datos. Cada grupo de datos consta de hasta 6 canales.<\/li>\n<li>2 pilas AAA.<\/li>\n<li>2 segundos (fijo).<\/li>\n<li>Intervalo de muestreo.<\/li>\n<\/ul>\n","protected":false},"excerpt":{"rendered":"<h5><strong>Mide y registra los perfiles de temperatura del horno:<\/strong><\/h5>\n<ul>\n<li>Caja de barrera de acero inoxidable para altas temperaturas con aislamiento de fibra de vidrio para largos tiempos de funcionamiento a elevadas temperaturas. No contiene silicona.<\/li>\n<\/ul>\n","protected":false},"featured_media":8529,"template":"","meta":[],"product_cat":[16],"product_tag":[],"class_list":["post-8528","product","type-product","status-publish","has-post-thumbnail","hentry","product_cat-uncategorized"],"_links":{"self":[{"href":"https:\/\/calibracion.com.mx\/tienda\/wp-json\/wp\/v2\/product\/8528","targetHints":{"allow":["GET"]}}],"collection":[{"href":"https:\/\/calibracion.com.mx\/tienda\/wp-json\/wp\/v2\/product"}],"about":[{"href":"https:\/\/calibracion.com.mx\/tienda\/wp-json\/wp\/v2\/types\/product"}],"wp:featuredmedia":[{"embeddable":true,"href":"https:\/\/calibracion.com.mx\/tienda\/wp-json\/wp\/v2\/media\/8529"}],"wp:attachment":[{"href":"https:\/\/calibracion.com.mx\/tienda\/wp-json\/wp\/v2\/media?parent=8528"}],"wp:term":[{"taxonomy":"product_cat","embeddable":true,"href":"https:\/\/calibracion.com.mx\/tienda\/wp-json\/wp\/v2\/product_cat?post=8528"},{"taxonomy":"product_tag","embeddable":true,"href":"https:\/\/calibracion.com.mx\/tienda\/wp-json\/wp\/v2\/product_tag?post=8528"}],"curies":[{"name":"wp","href":"https:\/\/api.w.org\/{rel}","templated":true}]}}