{"id":8582,"date":"2024-02-12T15:47:26","date_gmt":"2024-02-12T15:47:26","guid":{"rendered":"https:\/\/calibracion.com.mx\/tienda\/?post_type=product&#038;p=8582"},"modified":"2024-02-12T15:47:27","modified_gmt":"2024-02-12T15:47:27","slug":"penetrometro-analogo-ft-10","status":"publish","type":"product","link":"https:\/\/calibracion.com.mx\/tienda\/penetrometro-analogo-ft-10\/","title":{"rendered":"Penetr\u00f3metro An\u00e1logo FT-10"},"content":{"rendered":"<ul>\n<li>Tama\u00f1o: 90 mm de largo con un peso de 90 gr.<\/li>\n<li>Operaci\u00f3n: Simplemente presione el FT en la pulpa de la fruta de manera lenta y con una fuerza uniforme hasta el momento en que la arandela l\u00edmite toque la pulpa.<\/li>\n<li>Precisi\u00f3n: FT-02 +- 2 graduaciones; FT 10 \/20\/30\/40 +- 1 graduaci\u00f3n.<\/li>\n<li>Medici\u00f3n M\u00e1xima: La lectura m\u00e1xima sigue en el medidor hasta que oprima el bot\u00f3n.<\/li>\n<li>Puntas Incluidas : 5\/16? (8mm)<\/li>\n<li>Capacidad \u2013 Graduaci\u00f3n: diez lbf x 2 ozf \u2013 \u2013 \u2013 5 kgf x 50 gf<\/li>\n<li>Construcci\u00f3n: El penetr\u00f3metro FT mejorado incluye un medidor de fuerza FDK que suprime las variaciones en aptitud o graduaci\u00f3n. La estructura es de pl\u00e1stico a prueba de impactos y las puntas son de acero inoxidable resistente a la corrosi\u00f3n.<\/li>\n<li>Garant\u00eda: Un a\u00f1o con limite.<\/li>\n<li>Modelo: FT-diez<\/li>\n<li>Graduaciones: Se incluyen graduaciones en libras y gramos.<\/li>\n<li>Complementos incluidos: Punta, gancho, pelador, manual y estuche.<\/li>\n<li>Aplicaci\u00f3n : Peras y frutas suaves.<\/li>\n<\/ul>\n","protected":false},"excerpt":{"rendered":"<p>Penetr\u00f3metro para la medici\u00f3n de la dureza de las frutas que es un indicativo de la madurez para corte, almacenamiento y venta. El nuevo penetr\u00f3metro de Wagner Instruments incluye una punta de nuevo dise\u00f1o con control de penetraci\u00f3n.<\/p>\n","protected":false},"featured_media":8583,"template":"","meta":[],"product_cat":[16],"product_tag":[],"class_list":["post-8582","product","type-product","status-publish","has-post-thumbnail","hentry","product_cat-uncategorized"],"_links":{"self":[{"href":"https:\/\/calibracion.com.mx\/tienda\/wp-json\/wp\/v2\/product\/8582","targetHints":{"allow":["GET"]}}],"collection":[{"href":"https:\/\/calibracion.com.mx\/tienda\/wp-json\/wp\/v2\/product"}],"about":[{"href":"https:\/\/calibracion.com.mx\/tienda\/wp-json\/wp\/v2\/types\/product"}],"wp:featuredmedia":[{"embeddable":true,"href":"https:\/\/calibracion.com.mx\/tienda\/wp-json\/wp\/v2\/media\/8583"}],"wp:attachment":[{"href":"https:\/\/calibracion.com.mx\/tienda\/wp-json\/wp\/v2\/media?parent=8582"}],"wp:term":[{"taxonomy":"product_cat","embeddable":true,"href":"https:\/\/calibracion.com.mx\/tienda\/wp-json\/wp\/v2\/product_cat?post=8582"},{"taxonomy":"product_tag","embeddable":true,"href":"https:\/\/calibracion.com.mx\/tienda\/wp-json\/wp\/v2\/product_tag?post=8582"}],"curies":[{"name":"wp","href":"https:\/\/api.w.org\/{rel}","templated":true}]}}