{"id":8589,"date":"2024-02-12T16:05:20","date_gmt":"2024-02-12T16:05:20","guid":{"rendered":"https:\/\/calibracion.com.mx\/tienda\/?post_type=product&#038;p=8589"},"modified":"2024-02-12T16:05:20","modified_gmt":"2024-02-12T16:05:20","slug":"penetrometro-para-frutas-analogo-ft-40","status":"publish","type":"product","link":"https:\/\/calibracion.com.mx\/tienda\/penetrometro-para-frutas-analogo-ft-40\/","title":{"rendered":"Penetr\u00f3metro para Frutas An\u00e1logo FT-40"},"content":{"rendered":"<h4><strong>Caracter\u00edsticas :<\/strong><\/h4>\n<p>&nbsp;<\/p>\n<ul>\n<li>\n<h5><strong>Construcci\u00f3n:<\/strong><\/h5>\n<\/li>\n<\/ul>\n<p>El penetr\u00f3metro FT mejorado incluye un medidor de fuerza FDK que elimina las variaciones en aptitud o graduaci\u00f3n. La estructura es de pl\u00e1stico a prueba de impactos y las puntas son de acero inoxidable resistente a la corrosi\u00f3n.<\/p>\n<ul>\n<li>\n<h5><strong>Operaci\u00f3n:<\/strong><\/h5>\n<\/li>\n<\/ul>\n<p>Simplemente presione el FT en la pulpa de la fruta lentamente y con una fuerza traje hasta que la arandela l\u00edmite toque la pulpa.<\/p>\n<ul>\n<li>\n<h5><strong>Medici\u00f3n M\u00e1xima:<\/strong><\/h5>\n<\/li>\n<\/ul>\n<p>La lectura m\u00e1xima se mantiene en el medidor hasta que oprima el bot\u00f3n.<\/p>\n<ul>\n<li>\n<h5><strong>Graduaciones:<\/strong><\/h5>\n<\/li>\n<\/ul>\n<p>Se tienen dentro graduaciones en libras y gramos.<\/p>\n<ul>\n<li>\n<h5><strong>Complementos incluidos:<\/strong><\/h5>\n<\/li>\n<\/ul>\n<p>Punta, gancho, pelador, manual y estuche.<\/p>\n<ul>\n<li>\n<h5><strong>Tama\u00f1o:<\/strong><\/h5>\n<\/li>\n<\/ul>\n<p>90 mm de largo con un peso de 90 gr.<\/p>\n<ul>\n<li>\n<h5><strong>Garant\u00eda:<\/strong><\/h5>\n<\/li>\n<\/ul>\n<p>Un a\u00f1o limitado.<\/p>\n<h4><strong>Informaciones :<\/strong><\/h4>\n<ul>\n<li>\n<h5><strong>Modelo:<\/strong><\/h5>\n<\/li>\n<\/ul>\n<p>FT-40.<\/p>\n<ul>\n<li>\n<h5><strong>Aptitud \u2013 Graduaci\u00f3n:<\/strong><\/h5>\n<\/li>\n<\/ul>\n<p>40 lbf x 1\/5 lbf \u2013 \u2013 \u2013 20 kgf x 200 gf.<\/p>\n<ul>\n<li>\n<h5><strong>Puntas Incluidas :<\/strong><\/h5>\n<\/li>\n<\/ul>\n<p>1\/4? (6mm).<\/p>\n<ul>\n<li>\n<h5><strong>Aplicaci\u00f3n :<\/strong><\/h5>\n<\/li>\n<\/ul>\n<p>Aguacate y frutas duras.<\/p>\n","protected":false},"excerpt":{"rendered":"<p>Penetr\u00f3metro para la medici\u00f3n de la dureza de las frutas que es un indicativo de la madurez para corte, almacenamiento y venta. El nuevo penetr\u00f3metro de Wagner Instruments incluye una punta de nuevo dise\u00f1o con control de penetraci\u00f3n.<\/p>\n","protected":false},"featured_media":8590,"template":"","meta":[],"product_cat":[16],"product_tag":[],"class_list":["post-8589","product","type-product","status-publish","has-post-thumbnail","hentry","product_cat-uncategorized"],"_links":{"self":[{"href":"https:\/\/calibracion.com.mx\/tienda\/wp-json\/wp\/v2\/product\/8589","targetHints":{"allow":["GET"]}}],"collection":[{"href":"https:\/\/calibracion.com.mx\/tienda\/wp-json\/wp\/v2\/product"}],"about":[{"href":"https:\/\/calibracion.com.mx\/tienda\/wp-json\/wp\/v2\/types\/product"}],"wp:featuredmedia":[{"embeddable":true,"href":"https:\/\/calibracion.com.mx\/tienda\/wp-json\/wp\/v2\/media\/8590"}],"wp:attachment":[{"href":"https:\/\/calibracion.com.mx\/tienda\/wp-json\/wp\/v2\/media?parent=8589"}],"wp:term":[{"taxonomy":"product_cat","embeddable":true,"href":"https:\/\/calibracion.com.mx\/tienda\/wp-json\/wp\/v2\/product_cat?post=8589"},{"taxonomy":"product_tag","embeddable":true,"href":"https:\/\/calibracion.com.mx\/tienda\/wp-json\/wp\/v2\/product_tag?post=8589"}],"curies":[{"name":"wp","href":"https:\/\/api.w.org\/{rel}","templated":true}]}}