{"id":8597,"date":"2024-02-12T16:39:57","date_gmt":"2024-02-12T16:39:57","guid":{"rendered":"https:\/\/calibracion.com.mx\/tienda\/?post_type=product&#038;p=8597"},"modified":"2024-02-12T16:39:58","modified_gmt":"2024-02-12T16:39:58","slug":"registrador-de-temperatura-para-pintura-en-polvo-bl-bgd954-1-2","status":"publish","type":"product","link":"https:\/\/calibracion.com.mx\/tienda\/registrador-de-temperatura-para-pintura-en-polvo-bl-bgd954-1-2\/","title":{"rendered":"Registrador de Temperatura para Pintura en polvo BL-BGD954-1"},"content":{"rendered":"<h5><strong>Temperatura Tracker:<\/strong><\/h5>\n<p>se compone eminentemente de un registrador de datos del horno, un software de an\u00e1lisis y una caja de aislamiento.<\/p>\n<h5><strong>Registrador de datos del horno:<\/strong><\/h5>\n<p>El registrador de datos del horno es el coraz\u00f3n del rastreador de temperatura. Est\u00e1 dise\u00f1ado para medir la temperatura y guardarla en el transcurso de un per\u00edodo de tiempo concreto. Este instrumento mide de forma continua pero solo almacena lecturas en ciertos intervalos establecidos por el operador. El periodo m\u00e1ximo de registro es dependiente de la proporci\u00f3n de sensores que se empleen y del intervalo de registro detallado.<\/p>\n<p>Proporciona registro de temperatura de alta definici\u00f3n y simple de utilizar para hornos de curado de pintura industrial y pintura en polvo. El rastreador de datos del horno est\u00e1 equipado con una pantalla grande para una f\u00e1cil operaci\u00f3n fundamentada en men\u00fas y una visualizaci\u00f3n r\u00e1pida de los resultados de la medici\u00f3n.<\/p>\n<h5><strong>Programa de an\u00e1lisis:<\/strong><\/h5>\n<p>deja al usuario analizar los datos de temperatura registrados y hacer informes explicados. Las funcionalidades resaltadas de creaci\u00f3n de concretes de horno, como el an\u00e1lisis de datos de curado, las bandas especiales de curado y tolerancia, junto con una extensa selecci\u00f3n de opciones de visualizaci\u00f3n, informe y asimismo impresi\u00f3n, hacen que Oven Logger sea la soluci\u00f3n de registro de temperatura mucho m\u00e1s maleable disponible.<\/p>\n<h5><strong>Caja de aislamiento :<\/strong><\/h5>\n<p>Una caja de aislamiento de alta definici\u00f3n con protecci\u00f3n exterior de acero inoxidable de alta definici\u00f3n. La caja interior de aluminio anodizado est\u00e1 cuidada con una mezcla cuidadosamente formulada de material aislante, lo que hace que la combinaci\u00f3n sea adecuada para aguantar elevadas temperaturas durante bastante tiempo. Esta caja de aislamiento est\u00e1 completamente libre de silicona y, por consiguiente , es muy adecuada para apps en revestimientos de pintura h\u00famedos y de autom\u00f3viles.<\/p>\n<h4><b>Par\u00e1metros\u00a0T\u00e9cnicos:<\/b><\/h4>\n<div class=\"scrollable-wrapper\">\n<table>\n<tbody>\n<tr class=\"firstRow\">\n<td rowspan=\"2\" valign=\"top\" width=\"140\"><strong>Informaci\u00f3n de pedido<\/strong>\u00a0\u2192&nbsp;<\/p>\n<p><strong>Art\u00edculo t\u00e9cnico<\/strong>\u00a0\u2193<\/td>\n<td width=\"119.33333333333334\"><strong>un canal<\/strong><\/td>\n<td colspan=\"2\" width=\"240\"><strong>cuatro canales<\/strong><\/td>\n<td colspan=\"2\" width=\"222\"><strong>siete canales<\/strong><\/td>\n<\/tr>\n<tr>\n<td width=\"188\"><strong>BL-BDG 951<\/strong><\/td>\n<td width=\"93.33333333333333\"><strong>BL-BGD 954\/1<\/strong><\/td>\n<td width=\"120\"><strong>BL-BGD954\/2<\/strong><\/td>\n<td width=\"108\"><strong>BL-BGD 957\/1<\/strong><\/td>\n<td width=\"114\"><strong>BL-BGD 957\/2<\/strong><\/td>\n<\/tr>\n<tr>\n<td width=\"93.33333333333333\"><strong>n\u00famero de canales<\/strong><\/td>\n<td width=\"119.33333333333334\">1<\/td>\n<td width=\"120\">4<\/td>\n<td width=\"120\">4<\/td>\n<td width=\"108\">7<\/td>\n<td width=\"114\">7<\/td>\n<\/tr>\n<tr>\n<td width=\"140\"><strong>Rango de temperatura<\/strong><\/td>\n<td width=\"119.33333333333334\">-100\u00a0\u2103\u00a0\uff5e300\u00a0\u2103<\/td>\n<td width=\"120\">-100\u00a0\u2103\u00a0\uff5e300\u00a0\u2103<\/td>\n<td width=\"120\">-100\u00a0\u2103\u00a0\uff5e500\u00a0\u2103<\/td>\n<td width=\"108\">-100\u00a0\u2103\u00a0\uff5e300\u00a0\u2103<\/td>\n<td width=\"114\">-100\u00a0\u2103\u00a0\uff5e500\u00a0\u2103<\/td>\n<\/tr>\n<tr>\n<td width=\"140\"><strong>Duraci\u00f3n<\/strong><\/td>\n<td width=\"119.33333333333334\">45 min para\u00a0200\u00a0\u2103&nbsp;<\/p>\n<p>60 min para 150\u00a0\u2103<\/td>\n<td width=\"120\">60 min para 300\u00a0\u2103&nbsp;<\/p>\n<p>120 min para 150\u00a0\u2103<\/td>\n<td width=\"120\">60 min para 500\u00a0\u2103&nbsp;<\/p>\n<p>120 min para 300\u00a0\u2103<\/td>\n<td valign=\"top\" width=\"108\">\u00a0 \u00a060 min para 300\u00a0\u2103&nbsp;<\/p>\n<p>120 min para 200\u00a0\u2103<\/td>\n<td valign=\"top\" width=\"114\">\u00a0 \u00a0 60 min para 500\u00a0\u2103&nbsp;<\/p>\n<p>120 min para 300\u00a0\u2103<\/td>\n<\/tr>\n<tr>\n<td width=\"140\"><strong>Divisi\u00f3n<\/strong><\/td>\n<td valign=\"top\" width=\"119.33333333333334\">0.1\u00a0\u2103<\/td>\n<td colspan=\"2\" valign=\"top\" width=\"240\">0.1\u00a0\u2103<\/td>\n<td valign=\"top\" width=\"108\">0.3\u00a0\u2103<\/td>\n<td valign=\"top\" width=\"114\">0.5\u00a0\u2103<\/td>\n<\/tr>\n<tr>\n<td width=\"140\"><strong>Exactitud<\/strong><\/td>\n<td valign=\"top\" width=\"119.33333333333334\">0,5%<\/td>\n<td colspan=\"2\" valign=\"top\" width=\"240\">0,5%<\/td>\n<td colspan=\"2\" valign=\"top\" width=\"222\">0,5%<\/td>\n<\/tr>\n<tr>\n<td width=\"140\"><strong>Almacenamiento<\/strong><\/td>\n<td width=\"119.33333333333334\">\u00a0 \u00a0 \u00a0 \u00a0Puede almacenar 32.000 lecturas.\u00a0Registro por segundos durante 5 horas<\/td>\n<td colspan=\"2\" width=\"240\">\u00a0 \u00a0 Cada canal puede almacenar 16.000 lecturas.\u00a0Registro por segundos durante 5 horas<\/td>\n<td valign=\"top\" width=\"108\">Registro por segundos durante 4 horas<\/td>\n<td valign=\"top\" width=\"114\">Registro por segundos durante 3 horas<\/td>\n<\/tr>\n<tr>\n<td width=\"140\"><strong>Periodo de muestreo<\/strong><\/td>\n<td width=\"119.33333333333334\">1s, 10s<\/td>\n<td colspan=\"2\" valign=\"top\" width=\"240\">1s, 2s, 3s, 4s, 5s, 6s, 10s, 20s, 30s, 1min&nbsp;<\/p>\n<p>programable<\/td>\n<td colspan=\"2\" width=\"222\">1s, 2s, 3s, 5s, 8s\u00a0,\u00a010s\u00a0,\u00a012s, 20s,40s, 60s programable<\/td>\n<\/tr>\n<tr>\n<td width=\"140\"><strong>Software de configuraci\u00f3n<\/strong><\/td>\n<td width=\"119.33333333333334\">\u2460\u00a0Puede seleccionar el per\u00edodo de muestreo&nbsp;<\/p>\n<p>\u2461\u00a0Imprimir la Tem.Curve withComputer<\/p>\n<p>\u2462\u00a0Verifique los datos con EXCEL<\/td>\n<td colspan=\"2\" valign=\"top\" width=\"240\">\u2460\u00a0Puede seleccionar el per\u00edodo de muestreo&nbsp;<\/p>\n<p>\u2461\u00a0Mostrar la curva Tem. en tiempo real<\/p>\n<p>\u2462\u00a0Puede guardar muchos grupos de datos<\/p>\n<p>&nbsp;<\/td>\n<td colspan=\"2\" valign=\"top\" width=\"222\">\u2460\u00a0Puede seleccionar cualquier canal por separado&nbsp;<\/p>\n<p>\u2461\u00a0Calibrar cada canal por separado\u00a0 \u00a0 \u00a0 \u00a0 \u00a0\u00a0\u2462\u00a0Puede seleccionar el per\u00edodo de muestreo<\/p>\n<p>&nbsp;<\/td>\n<\/tr>\n<tr>\n<td width=\"140\"><strong>Software de an\u00e1lisis<\/strong><\/td>\n<td width=\"119.33333333333334\">No<\/td>\n<td colspan=\"4\" valign=\"top\" width=\"462\">\u2460\u00a0Mostrar tem.\u00a0data\u00a0\u2018\u00a0s\u00a0\uff1b\u2461\u00a0Calcular la tasa de calentamiento entre dos Tem.leverl&nbsp;<\/p>\n<p>\u2462\u00a0Calcular el tiempo total por encima de dos Tem diferentes\u00a0;\u00a0\u2463\u00a0Calcular el Tem pico.<\/p>\n<p>\u2464\u00a0Comparar diferentes Tem.\u00a0perfil\u00a0\uff1b\u2465\u00a0Imprimir informe<\/td>\n<\/tr>\n<tr>\n<td width=\"140\"><strong>Disposici\u00f3n est\u00e1ndar<\/strong><\/td>\n<td valign=\"top\" width=\"119.33333333333334\">\u25c6 Registrador de\u00a0\u00a0datos del horno<br \/>\n\u25c6\u00a0\u00a0Termopar de 2 piezas\u00a0(\u00a00,5 m, 1,5 m\u00a0)&nbsp;<\/p>\n<p>\u25c6\u00a0\u00a0Cable USB<\/p>\n<p>\u25c6\u00a0Software de configuraci\u00f3n<br \/>\n\u25c6\u00a0\u00a0Manual<\/td>\n<td colspan=\"2\" valign=\"top\" width=\"240\">\u25c6 Registrador de\u00a0\u00a0datos del horno<br \/>\n\u25c6\u00a0\u00a04 sensores de temperatura&nbsp;<\/p>\n<p>\u25c6\u00a0Cable USB<\/p>\n<p>\u25c6\u00a0Software de configuraci\u00f3n y software de an\u00e1lisis<\/p>\n<p>\u25c6\u00a0Caja de aislamiento<\/p>\n<p>\u25c6\u00a0Manual<\/td>\n<td colspan=\"2\" valign=\"top\" width=\"222\">\u25c6 Registrador de\u00a0\u00a0datos del horno<br \/>\n\u25c6\u00a0\u00a07 sensores de temperatura&nbsp;<\/p>\n<p>\u25c6\u00a0Cable USB<\/p>\n<p>\u25c6\u00a0\u00a0Software de configuraci\u00f3n y software de an\u00e1lisis<\/p>\n<p>\u25c6\u00a0Caja de aislamiento<\/p>\n<p>\u25c6\u00a0Manual<\/td>\n<\/tr>\n<tr>\n<td width=\"140\"><strong>Tama\u00f1o<\/strong><\/td>\n<td valign=\"top\" width=\"119.33333333333334\"><strong>\u03a663\u00a0<\/strong><strong>\u00d7\u00a0<\/strong><strong>160 mm<\/strong><\/td>\n<td valign=\"top\" width=\"120\"><strong>110\u00a0<\/strong><strong>\u00d7\u00a0<\/strong><strong>125\u00a0<\/strong><strong>\u00d7\u00a0<\/strong><strong>300 mm<\/strong><\/td>\n<td valign=\"top\" width=\"120\"><strong>135\u00a0<\/strong><strong>\u00d7\u00a0<\/strong><strong>155\u00a0<\/strong><strong>\u00d7\u00a0<\/strong><strong>300 mm<\/strong><\/td>\n<\/tr>\n<\/tbody>\n<\/table>\n<\/div>\n","protected":false},"excerpt":{"rendered":"<h5><strong>Rastreador de temperatura:<\/strong><\/h5>\n<p>Este es un dispositivo simple de emplear. Solo transporta unos minutos estudiar de qu\u00e9 manera marcha todo el sistema. Es excelente para concretes de temperatura de hornos industriales y hornos de laboratorio. Test obligatorio en laboratorios acreditados por Qualicoat, QIB y GSB.<\/p>\n","protected":false},"featured_media":8598,"template":"","meta":[],"product_cat":[16],"product_tag":[],"class_list":["post-8597","product","type-product","status-publish","has-post-thumbnail","hentry","product_cat-uncategorized"],"_links":{"self":[{"href":"https:\/\/calibracion.com.mx\/tienda\/wp-json\/wp\/v2\/product\/8597","targetHints":{"allow":["GET"]}}],"collection":[{"href":"https:\/\/calibracion.com.mx\/tienda\/wp-json\/wp\/v2\/product"}],"about":[{"href":"https:\/\/calibracion.com.mx\/tienda\/wp-json\/wp\/v2\/types\/product"}],"wp:featuredmedia":[{"embeddable":true,"href":"https:\/\/calibracion.com.mx\/tienda\/wp-json\/wp\/v2\/media\/8598"}],"wp:attachment":[{"href":"https:\/\/calibracion.com.mx\/tienda\/wp-json\/wp\/v2\/media?parent=8597"}],"wp:term":[{"taxonomy":"product_cat","embeddable":true,"href":"https:\/\/calibracion.com.mx\/tienda\/wp-json\/wp\/v2\/product_cat?post=8597"},{"taxonomy":"product_tag","embeddable":true,"href":"https:\/\/calibracion.com.mx\/tienda\/wp-json\/wp\/v2\/product_tag?post=8597"}],"curies":[{"name":"wp","href":"https:\/\/api.w.org\/{rel}","templated":true}]}}