{"id":8671,"date":"2024-02-23T17:03:45","date_gmt":"2024-02-23T17:03:45","guid":{"rendered":"https:\/\/calibracion.com.mx\/tienda\/?post_type=product&#038;p=8671"},"modified":"2024-02-23T17:03:46","modified_gmt":"2024-02-23T17:03:46","slug":"probador-electrico-multimetro-de-gancho-para-hvac-con-temperatura-diferencial-cl450","status":"publish","type":"product","link":"https:\/\/calibracion.com.mx\/tienda\/probador-electrico-multimetro-de-gancho-para-hvac-con-temperatura-diferencial-cl450\/","title":{"rendered":"Probador el\u00e9ctrico, mult\u00edmetro de gancho para HVAC con temperatura diferencial CL450"},"content":{"rendered":"<p><strong>Caracter\u00edsticas:<\/strong><\/p>\n<ul>\n<li>Modo de paso bajo y de baja impedancia (LoZ) para identificar y eliminar voltajes fantasmas o err\u00e1ticos.<\/li>\n<li>Incluye estuche para transporte, manual de instrucciones, cables de prueba para conectores de entrada, 2 termopares tipo K y 3 bater\u00edas AAA.<\/li>\n<li>Probador el\u00e9ctrico que mide voltaje CA\/CD de hasta 1000 V, corriente CA de hasta 600 A, resistencia de hasta 60 M\u03a9, milivoltios y microamperios CD.<\/li>\n<li>Pinza que mide corriente CA y corriente de inserci\u00f3n.<\/li>\n<li>Cables de prueba que miden voltaje CA\/CD, microamperios CD, resistencia, LoZ, continuidad, frecuencia, ciclo de servicio, capacitancia y diodos.<\/li>\n<li>Pantalla LCD retroiluminada doble con recuento de 6000 que ofrece visibilidad clara en entornos con poca luz.<\/li>\n<li>Mult\u00edmetro de amperios con tecnolog\u00eda de medici\u00f3n de rango autom\u00e1tico con media cuadr\u00e1tica real (TRMS) que ofrece mayor precisi\u00f3n. La clasificaci\u00f3n de seguridad es CAT IV 600 V, CAT III 1000 V, clase 2, con doble aislamiento.<\/li>\n<li>Modo dedicado para capturar microamperios CD y corriente de inserci\u00f3n.<\/li>\n<li>Se puede utilizar con el soporte magn\u00e9tico Cat. n.\u00ba 69417 (se vende por separado).<\/li>\n<li>Dise\u00f1o resistente con protecci\u00f3n ante ca\u00eddas de 6,6\u2032 (2 m) y clasificaci\u00f3n de seguridad de CAT IV 600 V.<\/li>\n<li>Util\u00edcelo con la pinza de sujeci\u00f3n tipo K para medidor de temperatura de tuber\u00edas Cat. n.\u00ba 69140, y la sonda de temperatura de tipo K Cat. n.\u00ba 69144 (se vende por separado).<\/li>\n<li>Dos puertos de termopar tipo K para mediciones de temperatura diferencial.<\/li>\n<\/ul>\n","protected":false},"excerpt":{"rendered":"<p>El probador el\u00e9ctrico CL450 es un mult\u00edmetro de gancho dise\u00f1ado particularmente para apps en sistemas de calefacci\u00f3n, ventilaci\u00f3n y aire acondicionado (HVAC, por sus iniciales en ingl\u00e9s). Este g\u00e9nero de dispositivo es empleado por t\u00e9cnicos y electricistas para realizar mediciones el\u00e9ctricas y diagn\u00f3sticos en sistemas HVAC.<\/p>\n<p><strong>Medici\u00f3n de corriente:<\/strong> El mult\u00edmetro de gancho permite medir la corriente en un circuito sin precisar interrumpir el flujo el\u00e9ctrico. O sea especialmente \u00fatil para sistemas HVAC donde se precisa monitorear la corriente para hacer un diagnostico problemas el\u00e9ctricos.<\/p>\n<p><strong>Medici\u00f3n de voltaje:<\/strong> Deja medir el voltaje en diversos puntos del sistema HVAC para verificar la nutrici\u00f3n el\u00e9ctrica y cerciorarse de que no haya ca\u00eddas de voltaje excesivas.<\/p>\n<p><strong>Medici\u00f3n de resistencia:<\/strong> Puede medir la resistencia en elementos el\u00e9ctricos, como resistencias de calefacci\u00f3n, termostatos y sensores de temperatura.<\/p>\n<p><strong>Medici\u00f3n de temperatura diferencial:<\/strong> Una caracter\u00edstica concreta del CL450 es su capacidad para medir la temperatura diferencial, lo que permite a los t\u00e9cnicos evaluar la eficiencia y el rendimiento de los sistemas de calefacci\u00f3n y refrigeraci\u00f3n.<\/p>\n<p><strong>Diagn\u00f3stico de sistemas HVAC:<\/strong> Con las diversas funcionalidades de medici\u00f3n, el CL450 deja a los especialistas hacer un diagnostico problemas el\u00e9ctricos y de rendimiento en sistemas HVAC, lo que posibilita la resoluci\u00f3n de inconvenientes y la realizaci\u00f3n de reparaciones urgentes.<\/p>\n","protected":false},"featured_media":8672,"template":"","meta":[],"product_cat":[16],"product_tag":[],"class_list":["post-8671","product","type-product","status-publish","has-post-thumbnail","hentry","product_cat-uncategorized"],"_links":{"self":[{"href":"https:\/\/calibracion.com.mx\/tienda\/wp-json\/wp\/v2\/product\/8671","targetHints":{"allow":["GET"]}}],"collection":[{"href":"https:\/\/calibracion.com.mx\/tienda\/wp-json\/wp\/v2\/product"}],"about":[{"href":"https:\/\/calibracion.com.mx\/tienda\/wp-json\/wp\/v2\/types\/product"}],"wp:featuredmedia":[{"embeddable":true,"href":"https:\/\/calibracion.com.mx\/tienda\/wp-json\/wp\/v2\/media\/8672"}],"wp:attachment":[{"href":"https:\/\/calibracion.com.mx\/tienda\/wp-json\/wp\/v2\/media?parent=8671"}],"wp:term":[{"taxonomy":"product_cat","embeddable":true,"href":"https:\/\/calibracion.com.mx\/tienda\/wp-json\/wp\/v2\/product_cat?post=8671"},{"taxonomy":"product_tag","embeddable":true,"href":"https:\/\/calibracion.com.mx\/tienda\/wp-json\/wp\/v2\/product_tag?post=8671"}],"curies":[{"name":"wp","href":"https:\/\/api.w.org\/{rel}","templated":true}]}}