{"id":87,"date":"2023-10-24T20:24:53","date_gmt":"2023-10-24T20:24:53","guid":{"rendered":"https:\/\/calibracion.com.mx\/tienda\/?post_type=product&#038;p=87"},"modified":"2023-10-24T20:24:54","modified_gmt":"2023-10-24T20:24:54","slug":"elitech-ek-3010-controlador-de-temperatura","status":"publish","type":"product","link":"https:\/\/calibracion.com.mx\/tienda\/elitech-ek-3010-controlador-de-temperatura\/","title":{"rendered":"Elitech Ek-3010 controlador de temperatura"},"content":{"rendered":"<p>Modelo: EK-3010<br \/>\nMarca: Elitech<br \/>\nTipo de dispositivo: Controlador de temperatura<br \/>\nRango de medici\u00f3n de temperatura: -40\u00b0C a 120\u00b0C<br \/>\nPrecisi\u00f3n de medici\u00f3n de temperatura: \u00b10,3\u00b0C<br \/>\nResoluci\u00f3n de medici\u00f3n de temperatura: 0,1\u00b0C<br \/>\nG\u00e9nero de sensor de temperatura: PT100 o termopar K (seleccionable en la configuraci\u00f3n)<br \/>\nAlimentaci\u00f3n : cien -240VAC, 50\/60Hz<br \/>\nCapacidad de salida: 1100W (220VAC) \/ 550W (110VAC)<br \/>\nControl de temperatura: Modo de control de temperatura dual, con funci\u00f3n de control de diferencial ajustable<br \/>\nPantalla: Pantalla LCD de 3,5 pulgadas, con retroiluminaci\u00f3n<br \/>\nFuncionalidades auxiliares : Calibraci\u00f3n de temperatura, funci\u00f3n de protecci\u00f3n de retardo de enfriamiento, funci\u00f3n de correcci\u00f3n de temperatura ambiente , funci\u00f3n de reinicio de f\u00e1brica<br \/>\nComunicaci\u00f3n: Interfaz RS485<br \/>\nDimensiones: 77mm x 35mm x 75mm<br \/>\nCertificaciones: CE, RoHS<br \/>\nEl controlador de temperatura ELITECH EK-3010 es un dispositivo adelantado y vers\u00e1til para el control de temperatura en una extensa selecci\u00f3n de aplicaciones industriales y comerciales, como la refrigeraci\u00f3n, la calefacci\u00f3n, la ventilaci\u00f3n y el control de procesos. Con su pantalla LCD de 3,5 pulgadas y su interfaz RS485, el dispositivo deja una simple configuraci\u00f3n y visualizaci\u00f3n de la temperatura de hoy y ajustada, tal como la comunicaci\u00f3n con otros dispositivos de control y supervisi\u00f3n. La funci\u00f3n de control de temperatura dual permite la configuraci\u00f3n de temperaturas de refrigeraci\u00f3n y calefacci\u00f3n independientes, mientras que la funci\u00f3n de control de diferencial ajustable deja ajustar la sensibilidad del dispositivo para un control exacto de la temperatura. Adem\u00e1s , la medici\u00f3n de temperatura y otras funcionalidades auxiliares garantizan una operaci\u00f3n confiable y precisa.<\/p>\n<p>Con su pantalla LCD de 3,5 pulgadas y su interfaz RS485, el dispositivo deja una simple configuraci\u00f3n y visualizaci\u00f3n de la temperatura actual y ajustada, as\u00ed como la comunicaci\u00f3n con otros gadgets de control y supervisi\u00f3n. La funci\u00f3n de control de temperatura dual deja la configuraci\u00f3n de temperaturas de refrigeraci\u00f3n y calefacci\u00f3n independientes, al tiempo que la funci\u00f3n de control de diferencial ajustable permite ajustar la sensibilidad del dispositivo para un control preciso de la temperatura. Adem\u00e1s , la medici\u00f3n de temperatura y otras funciones adicionales garantizan una operaci\u00f3n confiable y precisa.<\/p>\n","protected":false},"excerpt":{"rendered":"<p>CARACTERISTICAS ELITECH EK-3010 CONTROLADOR DE TEMPERATURA<\/p>\n<p>El controlador de temperatura ELITECH EK-3010 es un dispositivo adelantado y vers\u00e1til para el control de temperatura en una amplia gama de aplicaciones industriales y comerciales, como la refrigeraci\u00f3n, la calefacci\u00f3n, la ventilaci\u00f3n y el control de procesos.<\/p>\n","protected":false},"featured_media":88,"template":"","meta":[],"product_cat":[16],"product_tag":[],"class_list":["post-87","product","type-product","status-publish","has-post-thumbnail","hentry","product_cat-uncategorized"],"_links":{"self":[{"href":"https:\/\/calibracion.com.mx\/tienda\/wp-json\/wp\/v2\/product\/87","targetHints":{"allow":["GET"]}}],"collection":[{"href":"https:\/\/calibracion.com.mx\/tienda\/wp-json\/wp\/v2\/product"}],"about":[{"href":"https:\/\/calibracion.com.mx\/tienda\/wp-json\/wp\/v2\/types\/product"}],"wp:featuredmedia":[{"embeddable":true,"href":"https:\/\/calibracion.com.mx\/tienda\/wp-json\/wp\/v2\/media\/88"}],"wp:attachment":[{"href":"https:\/\/calibracion.com.mx\/tienda\/wp-json\/wp\/v2\/media?parent=87"}],"wp:term":[{"taxonomy":"product_cat","embeddable":true,"href":"https:\/\/calibracion.com.mx\/tienda\/wp-json\/wp\/v2\/product_cat?post=87"},{"taxonomy":"product_tag","embeddable":true,"href":"https:\/\/calibracion.com.mx\/tienda\/wp-json\/wp\/v2\/product_tag?post=87"}],"curies":[{"name":"wp","href":"https:\/\/api.w.org\/{rel}","templated":true}]}}