{"id":89,"date":"2023-10-24T20:35:30","date_gmt":"2023-10-24T20:35:30","guid":{"rendered":"https:\/\/calibracion.com.mx\/tienda\/?post_type=product&#038;p=89"},"modified":"2023-10-24T20:35:31","modified_gmt":"2023-10-24T20:35:31","slug":"elitech-stc-1000pro-controlador-de-temperatura","status":"publish","type":"product","link":"https:\/\/calibracion.com.mx\/tienda\/elitech-stc-1000pro-controlador-de-temperatura\/","title":{"rendered":"Elitech STC-1000PRO controlador de temperatura"},"content":{"rendered":"<p>Modelo: STC-1000PRO<\/p>\n<p>Marca: Elitech<\/p>\n<p>G\u00e9nero de dispositivo: Controlador de temperatura<\/p>\n<p>Rango de medici\u00f3n de temperatura: -50\u00b0C a 99\u00b0C<br \/>\nPrecisi\u00f3n de medici\u00f3n de temperatura: \u00b10,3\u00b0C<br \/>\nResoluci\u00f3n de medici\u00f3n de temperatura: 0,1\u00b0C<br \/>\nG\u00e9nero de sensor de temperatura: NTC (termistor negativo)<br \/>\nAlimentaci\u00f3n : cien -240VAC, 50\/60Hz<br \/>\nPotencia de salida: 1100W (220VAC) \/ 550W (110VAC)<br \/>\nControl de temperatura: Modo de control de temperatura dual, con funci\u00f3n de control de diferencial ajustable<br \/>\nPantalla: Pantalla LED de doble l\u00ednea, con retroiluminaci\u00f3n<br \/>\nFuncionalidades auxiliares : Medici\u00f3n de temperatura, funci\u00f3n de protecci\u00f3n de retardo de enfriamiento, funci\u00f3n de correcci\u00f3n de temperatura \u00e1mbito , funci\u00f3n de reinicio de f\u00e1brica<br \/>\nDimensiones: 75mm x 34mm x 85mm<br \/>\nCertificaciones: CE, RoHS<br \/>\nEl controlador de temperatura Elitech STC-1000PRO es un dispositivo vers\u00e1til y simple de emplear para el control de temperatura en una amplia gama de apps , como la fermentaci\u00f3n de cerveza, la incubaci\u00f3n de huevos, la refrigeraci\u00f3n y la calefacci\u00f3n. Con su pantalla LED de doble l\u00ednea, el dispositivo permite una simple configuraci\u00f3n y visualizaci\u00f3n de la temperatura actual y ajustada. La funci\u00f3n de control de temperatura dual permite la configuraci\u00f3n de temperaturas de refrigeraci\u00f3n y calefacci\u00f3n independientes, mientras que la funci\u00f3n de control de diferencial ajustable deja cambiar la sensibilidad del dispositivo para un control preciso de la temperatura. Adem\u00e1s , la medici\u00f3n de temperatura y otras funciones adicionales garantizan una operaci\u00f3n confiable y precisa.<\/p>\n<p>Con su pantalla LED de doble l\u00ednea, el dispositivo permite una f\u00e1cil configuraci\u00f3n y visualizaci\u00f3n de la temperatura actual y ajustada. La funci\u00f3n de control de temperatura dual deja la configuraci\u00f3n de temperaturas de refrigeraci\u00f3n y calefacci\u00f3n independientes, mientras que la funci\u00f3n de control de diferencial ajustable permite ajustar la sensibilidad del dispositivo para un control preciso de la temperatura. Adem\u00e1s , la calibraci\u00f3n de temperatura y otras funcionalidades auxiliares garantizan una operaci\u00f3n fiable y precisa.<\/p>\n","protected":false},"excerpt":{"rendered":"<p>CARACTERISTICAS ELITECH STC-1000PRO CONTROLADOR DE TEMPERATURA<br \/>\nEl controlador de temperatura Elitech STC-1000PRO es un dispositivo polivalente y f\u00e1cil de usar para el control de temperatura en una amplia gama de aplicaciones , como la fermentaci\u00f3n de cerveza, la incubaci\u00f3n de huevos, la refrigeraci\u00f3n y la calefacci\u00f3n.<\/p>\n","protected":false},"featured_media":90,"template":"","meta":[],"product_cat":[16],"product_tag":[],"class_list":["post-89","product","type-product","status-publish","has-post-thumbnail","hentry","product_cat-uncategorized"],"_links":{"self":[{"href":"https:\/\/calibracion.com.mx\/tienda\/wp-json\/wp\/v2\/product\/89","targetHints":{"allow":["GET"]}}],"collection":[{"href":"https:\/\/calibracion.com.mx\/tienda\/wp-json\/wp\/v2\/product"}],"about":[{"href":"https:\/\/calibracion.com.mx\/tienda\/wp-json\/wp\/v2\/types\/product"}],"wp:featuredmedia":[{"embeddable":true,"href":"https:\/\/calibracion.com.mx\/tienda\/wp-json\/wp\/v2\/media\/90"}],"wp:attachment":[{"href":"https:\/\/calibracion.com.mx\/tienda\/wp-json\/wp\/v2\/media?parent=89"}],"wp:term":[{"taxonomy":"product_cat","embeddable":true,"href":"https:\/\/calibracion.com.mx\/tienda\/wp-json\/wp\/v2\/product_cat?post=89"},{"taxonomy":"product_tag","embeddable":true,"href":"https:\/\/calibracion.com.mx\/tienda\/wp-json\/wp\/v2\/product_tag?post=89"}],"curies":[{"name":"wp","href":"https:\/\/api.w.org\/{rel}","templated":true}]}}