{"id":928,"date":"2023-11-02T15:17:02","date_gmt":"2023-11-02T15:17:02","guid":{"rendered":"https:\/\/calibracion.com.mx\/tienda\/?post_type=product&#038;p=928"},"modified":"2023-12-04T16:12:54","modified_gmt":"2023-12-04T16:12:54","slug":"mitutoyo-543-783-indicador-digimatico-absoluto-id-s-0-5%e2%80%b3-0-0005%e2%80%b3-12-7mm-0-01-mm-spc","status":"publish","type":"product","link":"https:\/\/calibracion.com.mx\/tienda\/mitutoyo-543-783-indicador-digimatico-absoluto-id-s-0-5%e2%80%b3-0-0005%e2%80%b3-12-7mm-0-01-mm-spc\/","title":{"rendered":"Mitutoyo 543-783 indicador digim\u00e1tico absoluto, id-s 0.5\u2033, 0.0005\u2033- 12.7mm, 0.01 mm, spc"},"content":{"rendered":"<p><strong>Funcionalidades:<\/strong><\/p>\n<ul>\n<li>El indicador electr\u00f3nico mide de 0 a 0,5\u2033 (0 a 12,7 mm) con una resoluci\u00f3n de 0,0005\u2033 (0,01 mm) y una precisi\u00f3n de + o \u2013 00008\u2033, para medir distancias cortas y lineales en aplicaciones de ingenier\u00eda mec\u00e1nica, mecanizado y fabricaci\u00f3n.<\/li>\n<li>La pantalla LCD se expone tanto en pulgadas como en entidades m\u00e9tricas, y el indicio tiene una leng\u00fceta trasera para montarlo desde la parte posterior del indicio.<\/li>\n<li>Codificador lineal de tipo capacitancia electrost\u00e1tica absoluta para mediciones precisas.<\/li>\n<li>Descendiente de 3\/8\u2033 de di\u00e1metro y un soporte de rosca de punto de contacto #4-48 UNF.<\/li>\n<li>Certificaci\u00f3n IP42 de protecci\u00f3n contra elementos de sobra de 1 mm y goteo de agua.<\/li>\n<\/ul>\n<p><strong>Aplicaciones:<\/strong><\/p>\n<p>Ideal para las pr\u00f3ximas apps : Fabricaci\u00f3n, Mecanizado, Ingenier\u00eda Mec\u00e1nica.<\/p>\n","protected":false},"excerpt":{"rendered":"<p>El indicador electr\u00f3nico mide de 0 a 0,5\u2033 (0 a 12,7 mm) con una resoluci\u00f3n de 0,0005\u2033 (0,01 mm) y una precisi\u00f3n de + o \u2013 00008\u2033, para medir distancias cortas y lineales en apps de ingenier\u00eda mec\u00e1nica, mecanizado y fabricaci\u00f3n.<\/p>\n","protected":false},"featured_media":929,"template":"","meta":[],"product_cat":[16],"product_tag":[],"class_list":["post-928","product","type-product","status-publish","has-post-thumbnail","hentry","product_cat-uncategorized"],"_links":{"self":[{"href":"https:\/\/calibracion.com.mx\/tienda\/wp-json\/wp\/v2\/product\/928","targetHints":{"allow":["GET"]}}],"collection":[{"href":"https:\/\/calibracion.com.mx\/tienda\/wp-json\/wp\/v2\/product"}],"about":[{"href":"https:\/\/calibracion.com.mx\/tienda\/wp-json\/wp\/v2\/types\/product"}],"wp:featuredmedia":[{"embeddable":true,"href":"https:\/\/calibracion.com.mx\/tienda\/wp-json\/wp\/v2\/media\/929"}],"wp:attachment":[{"href":"https:\/\/calibracion.com.mx\/tienda\/wp-json\/wp\/v2\/media?parent=928"}],"wp:term":[{"taxonomy":"product_cat","embeddable":true,"href":"https:\/\/calibracion.com.mx\/tienda\/wp-json\/wp\/v2\/product_cat?post=928"},{"taxonomy":"product_tag","embeddable":true,"href":"https:\/\/calibracion.com.mx\/tienda\/wp-json\/wp\/v2\/product_tag?post=928"}],"curies":[{"name":"wp","href":"https:\/\/api.w.org\/{rel}","templated":true}]}}