{"id":93,"date":"2023-10-25T15:17:29","date_gmt":"2023-10-25T15:17:29","guid":{"rendered":"https:\/\/calibracion.com.mx\/tienda\/?post_type=product&#038;p=93"},"modified":"2023-10-31T20:33:59","modified_gmt":"2023-10-31T20:33:59","slug":"elitech-tlog-100h-datalogger-temperatura-y-humedad","status":"publish","type":"product","link":"https:\/\/calibracion.com.mx\/tienda\/elitech-tlog-100h-datalogger-temperatura-y-humedad\/","title":{"rendered":"Elitech tlog 100h datalogger temperatura y humedad"},"content":{"rendered":"<p>Marca: Elitech<\/p>\n<p>Modelo: Tlog 100H<\/p>\n<p>Tipo: Datalogger de temperatura y humedad<\/p>\n<ul>\n<li>Resoluci\u00f3n de la humedad: 0.1% RH<\/li>\n<li>Precisi\u00f3n de la temperatura: \u00b10.5\u00b0C (\u00b10.9\u00b0F)<\/li>\n<li>Resoluci\u00f3n de la temperatura: 0.1\u00b0C (0.1\u00b0F)<\/li>\n<li>Rango de medici\u00f3n de temperatura: -30\u00b0C a 70\u00b0C (-22\u00b0F a 158\u00b0F)<\/li>\n<li>Tipo de sensor: Sensor de temperatura y humedad incorporados<\/li>\n<li>Capacidad de registro: 16000 puntos<\/li>\n<li>Precisi\u00f3n de la humedad: \u00b13% RH (20% a 80% RH), \u00b15% RH (0% a 20% RH, 80% a 100% RH)<\/li>\n<li>Rango de medici\u00f3n de humedad: 0% a 100% RH<\/li>\n<\/ul>\n<p>&nbsp;<\/p>\n<h4>Caracter\u00edsticas f\u00edsicas:<\/h4>\n<ul>\n<li>Peso: 38 g<\/li>\n<li>Tipo de montaje: Con im\u00e1n incorporado y soporte para colgar<\/li>\n<li>Material de la carcasa: Pl\u00e1stico ABS<\/li>\n<li>Dimensiones: 96 x 50 x 16 mm<\/li>\n<li>Grado de protecci\u00f3n: IP67 (protecci\u00f3n contra polvo y agua)<\/li>\n<li>Pantalla: LCD de 2 l\u00edneas<\/li>\n<\/ul>\n<p>&nbsp;<\/p>\n<h4>Caracter\u00edsticas especiales:<\/h4>\n<ul>\n<li>Intervalo de registro: Permite la configuraci\u00f3n del intervalo de registro de datos entre 10 segundos y 24 horas.<\/li>\n<li>Software: Incluye software para descarga y an\u00e1lisis de datos en PC.<\/li>\n<li>Funciones especiales: Permite la configuraci\u00f3n de la fecha y hora, calibraci\u00f3n de temperatura y humedad, y la eliminaci\u00f3n de datos.<\/li>\n<li>Alarmas: Permite la configuraci\u00f3n de alarmas de temperatura y humedad alta y baja.<\/li>\n<\/ul>\n<p>&nbsp;<\/p>\n<h4>Contenido del paquete:<\/h4>\n<ul>\n<li>Manual de usuario<\/li>\n<li>Cable USB para descarga de datos<\/li>\n<li>Bater\u00eda de litio CR2032<\/li>\n<li>Datalogger Elitech Tlog 100H<\/li>\n<\/ul>\n<p>&nbsp;<\/p>\n<h4>Aplicaciones:<\/h4>\n<p>El datalogger Elitech Tlog 100H es perfecto para el registro de temperatura y humedad en distintas aplicaciones , como en la industria alimentaria , farmac\u00e9utica, de almacenamiento de materiales, entre otras. La capacidad de registro de 16000 puntos y la configuraci\u00f3n del intervalo de registro dejan una monitorizaci\u00f3n prolongada del proceso. La configuraci\u00f3n de alarmas de temperatura y humedad alta y baja deja una detecci\u00f3n temprana de probables inconvenientes en el desarrollo. El programa incluido deja la descarga y an\u00e1lisis de datos en PC para un mejor rastreo del desarrollo. El dise\u00f1o compacto con im\u00e1n incorporado y soporte para colgar permite una f\u00e1cil instalaci\u00f3n en distintos puntos del desarrollo. La protecci\u00f3n contra polvo y agua con nivel de protecci\u00f3n IP67 permite una utilizaci\u00f3n en entornos hostiles.<\/p>\n<p>&nbsp;<\/p>\n","protected":false},"excerpt":{"rendered":"<p>Caracter\u00edsticas elitech tlog 100h datalogger temperatura y humedad<\/p>\n<p>El datalogger Elitech Tlog 100H es ideal para el registro de temperatura y humedad en diferentes aplicaciones , como en la industria alimenticia , farmac\u00e9utica, de almacenamiento de materiales, por ejemplo. La aptitud de registro de 16000 puntos y la configuraci\u00f3n del intervalo de registro permiten una monitorizaci\u00f3n prolongada del proceso. La configuraci\u00f3n de alarmas de temperatura y humedad alta y baja deja una detecci\u00f3n temprana de probables inconvenientes en el desarrollo. El programa incluido deja la descarga y an\u00e1lisis de datos en PC para un mejor seguimiento del proceso. El dise\u00f1o compacto con im\u00e1n incorporado y soporte para colgar permite una simple instalaci\u00f3n en distintos puntos del desarrollo. La protecci\u00f3n contra polvo y agua con nivel de protecci\u00f3n IP67 deja una utilizaci\u00f3n en entornos hostiles.<\/p>\n","protected":false},"featured_media":94,"template":"","meta":[],"product_cat":[16],"product_tag":[],"class_list":["post-93","product","type-product","status-publish","has-post-thumbnail","hentry","product_cat-uncategorized"],"_links":{"self":[{"href":"https:\/\/calibracion.com.mx\/tienda\/wp-json\/wp\/v2\/product\/93","targetHints":{"allow":["GET"]}}],"collection":[{"href":"https:\/\/calibracion.com.mx\/tienda\/wp-json\/wp\/v2\/product"}],"about":[{"href":"https:\/\/calibracion.com.mx\/tienda\/wp-json\/wp\/v2\/types\/product"}],"wp:featuredmedia":[{"embeddable":true,"href":"https:\/\/calibracion.com.mx\/tienda\/wp-json\/wp\/v2\/media\/94"}],"wp:attachment":[{"href":"https:\/\/calibracion.com.mx\/tienda\/wp-json\/wp\/v2\/media?parent=93"}],"wp:term":[{"taxonomy":"product_cat","embeddable":true,"href":"https:\/\/calibracion.com.mx\/tienda\/wp-json\/wp\/v2\/product_cat?post=93"},{"taxonomy":"product_tag","embeddable":true,"href":"https:\/\/calibracion.com.mx\/tienda\/wp-json\/wp\/v2\/product_tag?post=93"}],"curies":[{"name":"wp","href":"https:\/\/api.w.org\/{rel}","templated":true}]}}