{"id":934,"date":"2023-11-02T15:39:56","date_gmt":"2023-11-02T15:39:56","guid":{"rendered":"https:\/\/calibracion.com.mx\/tienda\/?post_type=product&#038;p=934"},"modified":"2023-11-02T15:39:57","modified_gmt":"2023-11-02T15:39:57","slug":"mitutoyo-201-161-medidor-a-presion-esfera-de-00001%e2%80%b3-de-10-a-11%e2%80%b3","status":"publish","type":"product","link":"https:\/\/calibracion.com.mx\/tienda\/mitutoyo-201-161-medidor-a-presion-esfera-de-00001%e2%80%b3-de-10-a-11%e2%80%b3\/","title":{"rendered":"Mitutoyo 201-161 medidor a presi\u00f3n, esfera de 0,0001\u2033, de 10 a 11\u2033."},"content":{"rendered":"<p>Utilice este medidor de presi\u00f3n Mitutoyo 201-161 para que los procesos de mecanizado se desarrollen sin problemas. Inspecciona velozmente cilindros y ejes, y es simple de insertar merced a los bordes biselados del yunque frontal.<\/p>\n<p><strong>Funcionalidades:<\/strong><\/p>\n<ul>\n<li>Eval\u00faa velozmente el GO\/NG de los di\u00e1metros de cilindros y ejes.<\/li>\n<li>Dise\u00f1o de yunque de carburo ancho y plano.<\/li>\n<li>Bordes de yunque biselados para hacer m\u00e1s simple la inserci\u00f3n.<\/li>\n<li>Indicio de car\u00e1tula incluido.<\/li>\n<li>Aplicaciones Procesos de mecanizado.<\/li>\n<\/ul>\n<h4>Especificaciones:<\/h4>\n<table class=\"table table-striped\" style=\"height: 237px;\" width=\"612\">\n<tbody>\n<tr>\n<td>Gama<\/td>\n<td>De 10 a 11\u2033 (de 254 a 279,4 mm)<\/td>\n<\/tr>\n<tr>\n<td>Carrera retr\u00e1ctil del yunque<\/td>\n<td>0.078\u2033 (2 mm)<\/td>\n<\/tr>\n<tr>\n<td>Rango de posicionamiento del yunque<\/td>\n<td>1\u2033 (25 mm)<\/td>\n<\/tr>\n<tr>\n<td>Planitud del yunque<\/td>\n<td>0,00004\u2033 (1 \u03bcm)<\/td>\n<\/tr>\n<tr>\n<td>Tama\u00f1o del yunque<\/td>\n<td>0,53 x 0,47\u2033 (13,5 x 12 mm)<\/td>\n<\/tr>\n<tr>\n<td>Paralelismo<\/td>\n<td>0,00025\u2033 o menos (6,35 \u03bcm o menos)<\/td>\n<\/tr>\n<tr>\n<td>Fuerza de medici\u00f3n<\/td>\n<td>15 N\u00b13 N<\/td>\n<\/tr>\n<tr>\n<td>Comparador<\/td>\n<td>Lectura de 0.0001\u2033<\/td>\n<\/tr>\n<\/tbody>\n<\/table>\n","protected":false},"excerpt":{"rendered":"<p>Este calibre a presi\u00f3n tiene 2 bordes de yunque biselados para facilitar la inserci\u00f3n. Est\u00e1 desarrollado para otorgar resultados veloces.<\/p>\n","protected":false},"featured_media":935,"template":"","meta":[],"product_cat":[16],"product_tag":[],"class_list":["post-934","product","type-product","status-publish","has-post-thumbnail","hentry","product_cat-uncategorized"],"_links":{"self":[{"href":"https:\/\/calibracion.com.mx\/tienda\/wp-json\/wp\/v2\/product\/934","targetHints":{"allow":["GET"]}}],"collection":[{"href":"https:\/\/calibracion.com.mx\/tienda\/wp-json\/wp\/v2\/product"}],"about":[{"href":"https:\/\/calibracion.com.mx\/tienda\/wp-json\/wp\/v2\/types\/product"}],"wp:featuredmedia":[{"embeddable":true,"href":"https:\/\/calibracion.com.mx\/tienda\/wp-json\/wp\/v2\/media\/935"}],"wp:attachment":[{"href":"https:\/\/calibracion.com.mx\/tienda\/wp-json\/wp\/v2\/media?parent=934"}],"wp:term":[{"taxonomy":"product_cat","embeddable":true,"href":"https:\/\/calibracion.com.mx\/tienda\/wp-json\/wp\/v2\/product_cat?post=934"},{"taxonomy":"product_tag","embeddable":true,"href":"https:\/\/calibracion.com.mx\/tienda\/wp-json\/wp\/v2\/product_tag?post=934"}],"curies":[{"name":"wp","href":"https:\/\/api.w.org\/{rel}","templated":true}]}}