{"id":960,"date":"2023-11-02T16:52:59","date_gmt":"2023-11-02T16:52:59","guid":{"rendered":"https:\/\/calibracion.com.mx\/tienda\/?post_type=product&#038;p=960"},"modified":"2023-11-02T16:52:59","modified_gmt":"2023-11-02T16:52:59","slug":"mitutoyo-201-151-medidor-de-presion-de-cuadrante-0-a-1%e2%80%b3","status":"publish","type":"product","link":"https:\/\/calibracion.com.mx\/tienda\/mitutoyo-201-151-medidor-de-presion-de-cuadrante-0-a-1%e2%80%b3\/","title":{"rendered":"Mitutoyo 201-151 medidor de presi\u00f3n de cuadrante, 0 a 1\u2033."},"content":{"rendered":"<p><strong>Funcionalidades:<\/strong><\/p>\n<ul>\n<li>Las superficies del yunque est\u00e1n hechas de carburo para una mayor durabilidad.<\/li>\n<li>Los dos bordes frontales del yunque est\u00e1n biselados para hacer m\u00e1s simple la inserci\u00f3n.<\/li>\n<li>El marco est\u00e1 recubierto de polvo.<\/li>\n<li>Desarrollado para un juicio r\u00e1pido de los di\u00e1metros de los cilindros y ejes en los procesos de mecanizado.<\/li>\n<li>La empu\u00f1adura permite un manejo s\u00f3lido y seguro del medidor mientras est\u00e1 en empleo.<\/li>\n<\/ul>\n<p><strong>Aplicaciones:<\/strong><\/p>\n<ul>\n<li>Desarrollo de mecanizado.<\/li>\n<\/ul>\n<h4>Especificaciones:<\/h4>\n<table class=\"table table-striped\" style=\"height: 406px;\" width=\"661\">\n<tbody>\n<tr>\n<td>Unidad<\/td>\n<td>Pulgada<\/td>\n<\/tr>\n<tr>\n<td>Gama<\/td>\n<td>De 0 a 1\u2033<\/td>\n<\/tr>\n<tr>\n<td>Paralelismo<\/td>\n<td>0.00025\u2033 o menos<\/td>\n<\/tr>\n<tr>\n<td>Yunque<\/td>\n<td>Carrera retr\u00e1ctil: 0.078 \u201cRango de posicionamiento: 1 \u201cPlanitud: 0.00004\u201d<\/td>\n<\/tr>\n<tr>\n<td>Observaciones<\/td>\n<td>Para indicador con v\u00e1stago de 0,37\u2033 (9,52 mm)<\/td>\n<\/tr>\n<tr>\n<td>Repetibilidad<\/td>\n<td>2 \u03bcm<\/td>\n<\/tr>\n<tr>\n<td>Llanura<\/td>\n<td>1 \u03bcm<\/td>\n<\/tr>\n<tr>\n<td>Cara de medici\u00f3n<\/td>\n<td>Punta de carburo, acabado microtraslapado de 0,53 x 0,47\u2033 (13,5 x 12 mm)<\/td>\n<\/tr>\n<tr>\n<td>Fuerza de medici\u00f3n<\/td>\n<td>De 12 a 18 N<\/td>\n<\/tr>\n<tr>\n<td>Di\u00e1metro del v\u00e1stago<\/td>\n<td>9\/52\u2033 (&lt;&gt;,&lt;&gt; mm)<\/td>\n<\/tr>\n<tr>\n<td>Peso<\/td>\n<td>1 g (5,680 libras)<\/td>\n<\/tr>\n<\/tbody>\n<\/table>\n<p>&nbsp;<\/p>\n<p>Adem\u00e1s de esto , el bastidor y el husillo de este medidor est\u00e1n hechos de acero endurecido que resiste la flexi\u00f3n y las oscilaciones de temperatura para obtener resultados mucho m\u00e1s precisos y repetibles.<\/p>\n","protected":false},"excerpt":{"rendered":"<p>Realice juicios veloces de pasa\/no pasa de los di\u00e1metros de tubo y eje durante el desarrollo de mecanizado con este medidor de presi\u00f3n de cuadrante que cuenta con un rango de 0 a 1\u2033.<\/p>\n","protected":false},"featured_media":961,"template":"","meta":[],"product_cat":[16],"product_tag":[],"class_list":["post-960","product","type-product","status-publish","has-post-thumbnail","hentry","product_cat-uncategorized"],"_links":{"self":[{"href":"https:\/\/calibracion.com.mx\/tienda\/wp-json\/wp\/v2\/product\/960","targetHints":{"allow":["GET"]}}],"collection":[{"href":"https:\/\/calibracion.com.mx\/tienda\/wp-json\/wp\/v2\/product"}],"about":[{"href":"https:\/\/calibracion.com.mx\/tienda\/wp-json\/wp\/v2\/types\/product"}],"wp:featuredmedia":[{"embeddable":true,"href":"https:\/\/calibracion.com.mx\/tienda\/wp-json\/wp\/v2\/media\/961"}],"wp:attachment":[{"href":"https:\/\/calibracion.com.mx\/tienda\/wp-json\/wp\/v2\/media?parent=960"}],"wp:term":[{"taxonomy":"product_cat","embeddable":true,"href":"https:\/\/calibracion.com.mx\/tienda\/wp-json\/wp\/v2\/product_cat?post=960"},{"taxonomy":"product_tag","embeddable":true,"href":"https:\/\/calibracion.com.mx\/tienda\/wp-json\/wp\/v2\/product_tag?post=960"}],"curies":[{"name":"wp","href":"https:\/\/api.w.org\/{rel}","templated":true}]}}